{"id":521,"date":"2023-05-12T15:17:37","date_gmt":"2023-05-12T11:17:37","guid":{"rendered":"https:\/\/patjaune.re\/?post_type=product&#038;p=521"},"modified":"2023-05-12T15:21:19","modified_gmt":"2023-05-12T11:21:19","slug":"gelules-curcuma-mere-moringa-gingembre-poivre-noir-9651","status":"publish","type":"product","link":"https:\/\/patjaune.re\/index.php\/produit\/gelules-curcuma-mere-moringa-gingembre-poivre-noir-9651\/","title":{"rendered":"G\u00e9lules Curcuma m\u00e8re, Moringa,  Gingembre, Poivre noir (9651)"},"content":{"rendered":"<h4><strong>G\u00e9lules Curcuma m\u00e8re, Moringa, Gingembre, Poivre noir (9651)<\/strong><\/h4>\n<p>Compl\u00e9ment alimentaire naturel<\/p>\n<p>Ingr\u00e9dient: Curcuma m\u00e8re,Moringa,\u00a0 Gingembre, Poivre noir<\/p>\n<p>Conditionnement: 62 g\u00e9lules<\/p>\n<p>Poids net; 45g<\/p>\n<p>Capsule 100% v\u00e9g\u00e9tal production v\u00e9gan<\/p>\n<p>Fabriqu\u00e9 \u00e0 la R\u00e9union (France)<\/p>\n<p>Mode d\u2019emploi: 2 g\u00e9lules par jour (le matin)<\/p>\n<p><em><strong>Ce n\u2019est pas un m\u00e9dicament, ne peux remplacer une alimentation vari\u00e9e. ne pas donner aux femmes enceintes <\/strong><\/em><\/p>\n<p><em><strong>Ne pas d\u00e9passer la dose indiqu\u00e9. Conserv\u00e9 \u00e0 l\u2019abri de la lumi\u00e8re et de l\u2019humidit\u00e9.<\/strong><\/em><\/p>\n<p><em><strong>ne pas mettre a la port\u00e9e des enfants, Demander conseil \u00e0 votre m\u00e9decin <\/strong><\/em><\/p>\n<div class=\"flex flex-grow flex-col gap-3\">\n<div class=\"min-h-[20px] flex flex-col items-start gap-4 whitespace-pre-wrap break-words\">\n<div class=\"markdown prose w-full break-words dark:prose-invert light\">\n<p>Les g\u00e9lules de c<a href=\"https:\/\/www.passeportsante.net\/fr\/Nutrition\/EncyclopedieAliments\/Fiche.aspx?doc=curcuma_nu\">urcuma m\u00e8re<\/a>, <a href=\"https:\/\/www.doctissimo.fr\/nutrition\/sante-dans-l-assiette\/secrets-des-aliments-sante\/bienfaits-moringa\">moringa<\/a>, gingembre et poivre noir sont un compl\u00e9ment alimentaire naturel pour am\u00e9liorer votre bien-\u00eatre. Le curcuma m\u00e8re est connu pour ses propri\u00e9t\u00e9s anti-inflammatoires, antioxydantes et pour stimuler le syst\u00e8me immunitaire. Le moringa est riche en vitamines et min\u00e9raux, tandis que le gingembre et le poivre noir aident \u00e0 l&rsquo;absorption des nutriments dans le corps.<\/p>\n<p>En choisissant ces g\u00e9lules de curcuma m\u00e8re, moringa, gingembre et poivre noir, vous offrez \u00e0 vos clients des ingr\u00e9dients naturels de qualit\u00e9 sup\u00e9rieure, cultiv\u00e9s selon des m\u00e9thodes traditionnelles et r\u00e9colt\u00e9s \u00e0 la main pour garantir leur qualit\u00e9. Ces ingr\u00e9dients sont \u00e9galement exempts de produits chimiques et de conservateurs artificiels.<\/p>\n<p>Ces g\u00e9lules de<a href=\"https:\/\/www.passeportsante.net\/fr\/Nutrition\/EncyclopedieAliments\/Fiche.aspx?doc=curcuma_nu\"> curcuma m\u00e8re<\/a>, <a href=\"https:\/\/www.doctissimo.fr\/nutrition\/sante-dans-l-assiette\/secrets-des-aliments-sante\/bienfaits-moringa\">moringa<\/a>, gingembre et poivre noir sont un choix judicieux pour les personnes souffrant de douleurs articulaires et musculaires, de digestion difficile ou qui cherchent simplement \u00e0 am\u00e9liorer leur sant\u00e9 naturellement.<\/p>\n<p>Pour une option naturelle et efficace pour votre bien-\u00eatre, optez pour les g\u00e9lules de<a href=\"https:\/\/www.passeportsante.net\/fr\/Nutrition\/EncyclopedieAliments\/Fiche.aspx?doc=curcuma_nu\"> curcuma m\u00e8re<\/a>, <a href=\"https:\/\/www.doctissimo.fr\/nutrition\/sante-dans-l-assiette\/secrets-des-aliments-sante\/bienfaits-moringa\">moringa<\/a>, gingembre et poivre noir. Ces ingr\u00e9dients naturels de qualit\u00e9 sup\u00e9rieure, cultiv\u00e9s selon des m\u00e9thodes traditionnelles, sont un choix judicieux pour votre sant\u00e9 et votre bien-\u00eatre.<\/p>\n<\/div>\n<\/div>\n<\/div>\n","protected":false},"excerpt":{"rendered":"<p>G\u00e9lules Curcuma m\u00e8re, Moringa, Gingembre, Poivre noir (9651)<\/p>\n","protected":false},"featured_media":522,"template":"","meta":[],"product_brand":[],"product_cat":[37],"product_tag":[],"class_list":{"0":"post-521","1":"product","2":"type-product","3":"status-publish","4":"has-post-thumbnail","6":"product_cat-tisbiene","8":"first","9":"instock","10":"purchasable","11":"product-type-simple"},"yoast_head":"<!-- This site is optimized with the Yoast SEO plugin v20.6 - https:\/\/yoast.com\/wordpress\/plugins\/seo\/ -->\n<title>G\u00e9lules Curcuma m\u00e8re, Moringa, Gingembre, Poivre noir (9651) - patjaune<\/title>\n<meta name=\"robots\" content=\"index, follow, max-snippet:-1, max-image-preview:large, max-video-preview:-1\" \/>\n<link rel=\"canonical\" href=\"https:\/\/patjaune.re\/index.php\/produit\/gelules-curcuma-mere-moringa-gingembre-poivre-noir-9651\/\" \/>\n<meta property=\"og:locale\" content=\"fr_FR\" \/>\n<meta property=\"og:type\" content=\"article\" \/>\n<meta property=\"og:title\" content=\"G\u00e9lules Curcuma m\u00e8re, Moringa, Gingembre, Poivre noir (9651) - patjaune\" \/>\n<meta property=\"og:description\" content=\"G\u00e9lules Curcuma m\u00e8re, Moringa, Gingembre, Poivre noir (9651)\" \/>\n<meta property=\"og:url\" content=\"https:\/\/patjaune.re\/index.php\/produit\/gelules-curcuma-mere-moringa-gingembre-poivre-noir-9651\/\" \/>\n<meta property=\"og:site_name\" content=\"patjaune\" \/>\n<meta property=\"article:publisher\" content=\"https:\/\/www.facebook.com\/pat.jaune.reunion\/\" \/>\n<meta property=\"article:modified_time\" content=\"2023-05-12T11:21:19+00:00\" \/>\n<meta property=\"og:image\" content=\"https:\/\/patjaune.re\/wp-content\/uploads\/2023\/05\/9651.png\" \/>\n\t<meta property=\"og:image:width\" content=\"1000\" \/>\n\t<meta property=\"og:image:height\" content=\"800\" \/>\n\t<meta property=\"og:image:type\" content=\"image\/png\" \/>\n<meta name=\"twitter:card\" content=\"summary_large_image\" \/>\n<meta name=\"twitter:label1\" content=\"Dur\u00e9e de lecture estim\u00e9e\" \/>\n\t<meta name=\"twitter:data1\" content=\"2 minutes\" \/>\n<script type=\"application\/ld+json\" class=\"yoast-schema-graph\">{\"@context\":\"https:\/\/schema.org\",\"@graph\":[{\"@type\":\"WebPage\",\"@id\":\"https:\/\/patjaune.re\/index.php\/produit\/gelules-curcuma-mere-moringa-gingembre-poivre-noir-9651\/\",\"url\":\"https:\/\/patjaune.re\/index.php\/produit\/gelules-curcuma-mere-moringa-gingembre-poivre-noir-9651\/\",\"name\":\"G\u00e9lules Curcuma m\u00e8re, Moringa, Gingembre, Poivre noir (9651) - patjaune\",\"isPartOf\":{\"@id\":\"https:\/\/patjaune.re\/#website\"},\"datePublished\":\"2023-05-12T11:17:37+00:00\",\"dateModified\":\"2023-05-12T11:21:19+00:00\",\"breadcrumb\":{\"@id\":\"https:\/\/patjaune.re\/index.php\/produit\/gelules-curcuma-mere-moringa-gingembre-poivre-noir-9651\/#breadcrumb\"},\"inLanguage\":\"fr-FR\",\"potentialAction\":[{\"@type\":\"ReadAction\",\"target\":[\"https:\/\/patjaune.re\/index.php\/produit\/gelules-curcuma-mere-moringa-gingembre-poivre-noir-9651\/\"]}]},{\"@type\":\"BreadcrumbList\",\"@id\":\"https:\/\/patjaune.re\/index.php\/produit\/gelules-curcuma-mere-moringa-gingembre-poivre-noir-9651\/#breadcrumb\",\"itemListElement\":[{\"@type\":\"ListItem\",\"position\":1,\"name\":\"Accueil\",\"item\":\"https:\/\/patjaune.re\/\"},{\"@type\":\"ListItem\",\"position\":2,\"name\":\"Boutique\",\"item\":\"https:\/\/patjaune.re\/index.php\/boutique\/\"},{\"@type\":\"ListItem\",\"position\":3,\"name\":\"G\u00e9lules Curcuma m\u00e8re, Moringa, Gingembre, Poivre noir (9651)\"}]},{\"@type\":\"WebSite\",\"@id\":\"https:\/\/patjaune.re\/#website\",\"url\":\"https:\/\/patjaune.re\/\",\"name\":\"patjaune patjaune.re \u00e9picerie fine \u00e0 l'\u00eele de la R\u00e9union 974\",\"description\":\"Patjaune \u00e9pices \u00e0 l&#039;\u00eele de la R\u00e9union\",\"publisher\":{\"@id\":\"https:\/\/patjaune.re\/#organization\"},\"potentialAction\":[{\"@type\":\"SearchAction\",\"target\":{\"@type\":\"EntryPoint\",\"urlTemplate\":\"https:\/\/patjaune.re\/?s={search_term_string}\"},\"query-input\":\"required name=search_term_string\"}],\"inLanguage\":\"fr-FR\"},{\"@type\":\"Organization\",\"@id\":\"https:\/\/patjaune.re\/#organization\",\"name\":\"patjaune patjaune.re \u00e9picerie fine \u00e0 l'\u00eele de la R\u00e9union 974\",\"url\":\"https:\/\/patjaune.re\/\",\"logo\":{\"@type\":\"ImageObject\",\"inLanguage\":\"fr-FR\",\"@id\":\"https:\/\/patjaune.re\/#\/schema\/logo\/image\/\",\"url\":\"https:\/\/patjaune.re\/wp-content\/uploads\/2023\/03\/logo-patjaune-long-ththym-e1683265045996.png\",\"contentUrl\":\"https:\/\/patjaune.re\/wp-content\/uploads\/2023\/03\/logo-patjaune-long-ththym-e1683265045996.png\",\"width\":623,\"height\":528,\"caption\":\"patjaune patjaune.re \u00e9picerie fine \u00e0 l'\u00eele de la R\u00e9union 974\"},\"image\":{\"@id\":\"https:\/\/patjaune.re\/#\/schema\/logo\/image\/\"},\"sameAs\":[\"https:\/\/www.facebook.com\/pat.jaune.reunion\/\"]}]}<\/script>\n<!-- \/ Yoast SEO plugin. -->","yoast_head_json":{"title":"G\u00e9lules Curcuma m\u00e8re, Moringa, Gingembre, Poivre noir (9651) - patjaune","robots":{"index":"index","follow":"follow","max-snippet":"max-snippet:-1","max-image-preview":"max-image-preview:large","max-video-preview":"max-video-preview:-1"},"canonical":"https:\/\/patjaune.re\/index.php\/produit\/gelules-curcuma-mere-moringa-gingembre-poivre-noir-9651\/","og_locale":"fr_FR","og_type":"article","og_title":"G\u00e9lules Curcuma m\u00e8re, Moringa, Gingembre, Poivre noir (9651) - patjaune","og_description":"G\u00e9lules Curcuma m\u00e8re, Moringa, Gingembre, Poivre noir (9651)","og_url":"https:\/\/patjaune.re\/index.php\/produit\/gelules-curcuma-mere-moringa-gingembre-poivre-noir-9651\/","og_site_name":"patjaune","article_publisher":"https:\/\/www.facebook.com\/pat.jaune.reunion\/","article_modified_time":"2023-05-12T11:21:19+00:00","og_image":[{"width":1000,"height":800,"url":"https:\/\/patjaune.re\/wp-content\/uploads\/2023\/05\/9651.png","type":"image\/png"}],"twitter_card":"summary_large_image","twitter_misc":{"Dur\u00e9e de lecture estim\u00e9e":"2 minutes"},"schema":{"@context":"https:\/\/schema.org","@graph":[{"@type":"WebPage","@id":"https:\/\/patjaune.re\/index.php\/produit\/gelules-curcuma-mere-moringa-gingembre-poivre-noir-9651\/","url":"https:\/\/patjaune.re\/index.php\/produit\/gelules-curcuma-mere-moringa-gingembre-poivre-noir-9651\/","name":"G\u00e9lules Curcuma m\u00e8re, Moringa, Gingembre, Poivre noir (9651) - patjaune","isPartOf":{"@id":"https:\/\/patjaune.re\/#website"},"datePublished":"2023-05-12T11:17:37+00:00","dateModified":"2023-05-12T11:21:19+00:00","breadcrumb":{"@id":"https:\/\/patjaune.re\/index.php\/produit\/gelules-curcuma-mere-moringa-gingembre-poivre-noir-9651\/#breadcrumb"},"inLanguage":"fr-FR","potentialAction":[{"@type":"ReadAction","target":["https:\/\/patjaune.re\/index.php\/produit\/gelules-curcuma-mere-moringa-gingembre-poivre-noir-9651\/"]}]},{"@type":"BreadcrumbList","@id":"https:\/\/patjaune.re\/index.php\/produit\/gelules-curcuma-mere-moringa-gingembre-poivre-noir-9651\/#breadcrumb","itemListElement":[{"@type":"ListItem","position":1,"name":"Accueil","item":"https:\/\/patjaune.re\/"},{"@type":"ListItem","position":2,"name":"Boutique","item":"https:\/\/patjaune.re\/index.php\/boutique\/"},{"@type":"ListItem","position":3,"name":"G\u00e9lules Curcuma m\u00e8re, Moringa, Gingembre, Poivre noir (9651)"}]},{"@type":"WebSite","@id":"https:\/\/patjaune.re\/#website","url":"https:\/\/patjaune.re\/","name":"patjaune patjaune.re \u00e9picerie fine \u00e0 l'\u00eele de la R\u00e9union 974","description":"Patjaune \u00e9pices \u00e0 l&#039;\u00eele de la R\u00e9union","publisher":{"@id":"https:\/\/patjaune.re\/#organization"},"potentialAction":[{"@type":"SearchAction","target":{"@type":"EntryPoint","urlTemplate":"https:\/\/patjaune.re\/?s={search_term_string}"},"query-input":"required name=search_term_string"}],"inLanguage":"fr-FR"},{"@type":"Organization","@id":"https:\/\/patjaune.re\/#organization","name":"patjaune patjaune.re \u00e9picerie fine \u00e0 l'\u00eele de la R\u00e9union 974","url":"https:\/\/patjaune.re\/","logo":{"@type":"ImageObject","inLanguage":"fr-FR","@id":"https:\/\/patjaune.re\/#\/schema\/logo\/image\/","url":"https:\/\/patjaune.re\/wp-content\/uploads\/2023\/03\/logo-patjaune-long-ththym-e1683265045996.png","contentUrl":"https:\/\/patjaune.re\/wp-content\/uploads\/2023\/03\/logo-patjaune-long-ththym-e1683265045996.png","width":623,"height":528,"caption":"patjaune patjaune.re \u00e9picerie fine \u00e0 l'\u00eele de la R\u00e9union 974"},"image":{"@id":"https:\/\/patjaune.re\/#\/schema\/logo\/image\/"},"sameAs":["https:\/\/www.facebook.com\/pat.jaune.reunion\/"]}]}},"_links":{"self":[{"href":"https:\/\/patjaune.re\/index.php\/wp-json\/wp\/v2\/product\/521","targetHints":{"allow":["GET"]}}],"collection":[{"href":"https:\/\/patjaune.re\/index.php\/wp-json\/wp\/v2\/product"}],"about":[{"href":"https:\/\/patjaune.re\/index.php\/wp-json\/wp\/v2\/types\/product"}],"wp:featuredmedia":[{"embeddable":true,"href":"https:\/\/patjaune.re\/index.php\/wp-json\/wp\/v2\/media\/522"}],"wp:attachment":[{"href":"https:\/\/patjaune.re\/index.php\/wp-json\/wp\/v2\/media?parent=521"}],"wp:term":[{"taxonomy":"product_brand","embeddable":true,"href":"https:\/\/patjaune.re\/index.php\/wp-json\/wp\/v2\/product_brand?post=521"},{"taxonomy":"product_cat","embeddable":true,"href":"https:\/\/patjaune.re\/index.php\/wp-json\/wp\/v2\/product_cat?post=521"},{"taxonomy":"product_tag","embeddable":true,"href":"https:\/\/patjaune.re\/index.php\/wp-json\/wp\/v2\/product_tag?post=521"}],"curies":[{"name":"wp","href":"https:\/\/api.w.org\/{rel}","templated":true}]}}