{"id":517,"date":"2023-05-12T14:44:53","date_gmt":"2023-05-12T10:44:53","guid":{"rendered":"https:\/\/patjaune.re\/?post_type=product&#038;p=517"},"modified":"2023-05-12T14:45:54","modified_gmt":"2023-05-12T10:45:54","slug":"gelules-curcuma-mere-gingembre-poivre-noir-951","status":"publish","type":"product","link":"https:\/\/patjaune.re\/index.php\/produit\/gelules-curcuma-mere-gingembre-poivre-noir-951\/","title":{"rendered":"G\u00e9lules Curcuma m\u00e8re, Gingembre, Poivre noir (951)"},"content":{"rendered":"<div class=\"flex flex-grow flex-col gap-3\">\n<div class=\"min-h-[20px] flex flex-col items-start gap-4 whitespace-pre-wrap break-words\">\n<div class=\"markdown prose w-full break-words dark:prose-invert light\">\n<h4><strong>G\u00e9lules Curcuma m\u00e8re, Gingembre, Poivre noir<\/strong><\/h4>\n<p>Compl\u00e9ment alimentaire naturel<\/p>\n<p>Ingr\u00e9dient: Curcuma m\u00e8re, Gingembre, Poivre noir<\/p>\n<p>Conditionnement: 62 g\u00e9lules<\/p>\n<p>Poids net; 45g<\/p>\n<p>Capsule 100% v\u00e9g\u00e9tal production v\u00e9gan<\/p>\n<p>Fabriqu\u00e9 \u00e0 la R\u00e9union (France)<\/p>\n<p>Mode d&#8217;emploi: 2 g\u00e9lules par jour (le matin)<\/p>\n<p><em><strong>Ce n&rsquo;est pas un m\u00e9dicament, ne peux remplacer une alimentation vari\u00e9e. ne pas donner aux femmes enceintes <\/strong><\/em><\/p>\n<p><em><strong>Ne pas d\u00e9passer la dose indiqu\u00e9. Conserv\u00e9 \u00e0 l\u2019abri de la lumi\u00e8re et de l\u2019humidit\u00e9.<\/strong><\/em><\/p>\n<p><em><strong>ne pas mettre a la port\u00e9e des enfants, Demander conseil \u00e0 votre m\u00e9decin <\/strong><\/em><\/p>\n<p>&nbsp;<\/p>\n<p>Les g\u00e9lules de curcuma m\u00e8re, gingembre et poivre sont un excellent compl\u00e9ment alimentaire. Ces ingr\u00e9dients naturels ont des propri\u00e9t\u00e9s anti-inflammatoires, antioxydantes et stimulantes du syst\u00e8me immunitaire.<\/p>\n<p><a href=\"https:\/\/www.passeportsante.net\/fr\/Nutrition\/EncyclopedieAliments\/Fiche.aspx?doc=curcuma_nu\">Le curcuma m\u00e8re<\/a> est particuli\u00e8rement efficace pour soulager les douleurs articulaires et musculaires, tandis que le gingembre aide \u00e0 maintenir un syst\u00e8me digestif sain. Le poivre, quant \u00e0 lui, augmente l&rsquo;absorption des ingr\u00e9dients actifs dans le corps.<\/p>\n<p>En choisissant ces g\u00e9lules de curcuma m\u00e8re, gingembre et poivre, vous vous offrez des ingr\u00e9dients naturels de qualit\u00e9 sup\u00e9rieure, cultiv\u00e9s selon des m\u00e9thodes traditionnelles et r\u00e9colt\u00e9s \u00e0 la main. Ces produits sont \u00e9galement exempts de produits chimiques et de conservateurs artificiels.<\/p>\n<p>Les g\u00e9lules de curcuma m\u00e8re, gingembre et poivre sont \u00e9galement un choix judicieux pour les personnes qui cherchent \u00e0 am\u00e9liorer leur sant\u00e9 naturellement. Ces ingr\u00e9dients naturels sont facilement assimilables par le corps et sont utilis\u00e9s depuis des si\u00e8cles pour leurs propri\u00e9t\u00e9s curatives.<\/p>\n<p>Si vous cherchez un compl\u00e9ment alimentaire naturel et efficace, optez pour les g\u00e9lules de curcuma m\u00e8re, gingembre et poivre. Ces ingr\u00e9dients naturels de qualit\u00e9 sup\u00e9rieure, cultiv\u00e9s selon des m\u00e9thodes traditionnelles, sont un choix judicieux pour votre bien-\u00eatre et votre sant\u00e9.<a href=\"https:\/\/www.passeportsante.net\/fr\/Nutrition\/EncyclopedieAliments\/Fiche.aspx?doc=curcuma_nu\">source<\/a><\/p>\n<\/div>\n<\/div>\n<\/div>\n<div class=\"flex justify-between lg:block\">\n<div class=\"text-gray-400 flex self-end lg:self-center justify-center mt-2 gap-2 md:gap-3 lg:gap-1 lg:absolute lg:top-0 lg:translate-x-full lg:right-0 lg:mt-0 lg:pl-2 visible\"><\/div>\n<\/div>\n","protected":false},"excerpt":{"rendered":"<p>G\u00e9lules Curcuma m\u00e8re, Gingembre, Poivre noir (951)<\/p>\n","protected":false},"featured_media":518,"template":"","meta":[],"product_brand":[],"product_cat":[37],"product_tag":[],"class_list":{"0":"post-517","1":"product","2":"type-product","3":"status-publish","4":"has-post-thumbnail","6":"product_cat-tisbiene","8":"first","9":"instock","10":"purchasable","11":"product-type-simple"},"yoast_head":"<!-- This site is optimized with the Yoast SEO plugin v20.6 - https:\/\/yoast.com\/wordpress\/plugins\/seo\/ -->\n<title>G\u00e9lules Curcuma m\u00e8re, Gingembre, Poivre noir (951) - patjaune<\/title>\n<meta name=\"robots\" content=\"index, follow, max-snippet:-1, max-image-preview:large, max-video-preview:-1\" \/>\n<link rel=\"canonical\" href=\"https:\/\/patjaune.re\/index.php\/produit\/gelules-curcuma-mere-gingembre-poivre-noir-951\/\" \/>\n<meta property=\"og:locale\" content=\"fr_FR\" \/>\n<meta property=\"og:type\" content=\"article\" \/>\n<meta property=\"og:title\" content=\"G\u00e9lules Curcuma m\u00e8re, Gingembre, Poivre noir (951) - patjaune\" \/>\n<meta property=\"og:description\" content=\"G\u00e9lules Curcuma m\u00e8re, Gingembre, Poivre noir (951)\" \/>\n<meta property=\"og:url\" content=\"https:\/\/patjaune.re\/index.php\/produit\/gelules-curcuma-mere-gingembre-poivre-noir-951\/\" \/>\n<meta property=\"og:site_name\" content=\"patjaune\" \/>\n<meta property=\"article:publisher\" content=\"https:\/\/www.facebook.com\/pat.jaune.reunion\/\" \/>\n<meta property=\"article:modified_time\" content=\"2023-05-12T10:45:54+00:00\" \/>\n<meta property=\"og:image\" content=\"https:\/\/patjaune.re\/wp-content\/uploads\/2023\/05\/951.png\" \/>\n\t<meta property=\"og:image:width\" content=\"1000\" \/>\n\t<meta property=\"og:image:height\" content=\"800\" \/>\n\t<meta property=\"og:image:type\" content=\"image\/png\" \/>\n<meta name=\"twitter:card\" content=\"summary_large_image\" \/>\n<meta name=\"twitter:label1\" content=\"Dur\u00e9e de lecture estim\u00e9e\" \/>\n\t<meta name=\"twitter:data1\" content=\"2 minutes\" \/>\n<script type=\"application\/ld+json\" class=\"yoast-schema-graph\">{\"@context\":\"https:\/\/schema.org\",\"@graph\":[{\"@type\":\"WebPage\",\"@id\":\"https:\/\/patjaune.re\/index.php\/produit\/gelules-curcuma-mere-gingembre-poivre-noir-951\/\",\"url\":\"https:\/\/patjaune.re\/index.php\/produit\/gelules-curcuma-mere-gingembre-poivre-noir-951\/\",\"name\":\"G\u00e9lules Curcuma m\u00e8re, Gingembre, Poivre noir (951) - patjaune\",\"isPartOf\":{\"@id\":\"https:\/\/patjaune.re\/#website\"},\"datePublished\":\"2023-05-12T10:44:53+00:00\",\"dateModified\":\"2023-05-12T10:45:54+00:00\",\"breadcrumb\":{\"@id\":\"https:\/\/patjaune.re\/index.php\/produit\/gelules-curcuma-mere-gingembre-poivre-noir-951\/#breadcrumb\"},\"inLanguage\":\"fr-FR\",\"potentialAction\":[{\"@type\":\"ReadAction\",\"target\":[\"https:\/\/patjaune.re\/index.php\/produit\/gelules-curcuma-mere-gingembre-poivre-noir-951\/\"]}]},{\"@type\":\"BreadcrumbList\",\"@id\":\"https:\/\/patjaune.re\/index.php\/produit\/gelules-curcuma-mere-gingembre-poivre-noir-951\/#breadcrumb\",\"itemListElement\":[{\"@type\":\"ListItem\",\"position\":1,\"name\":\"Accueil\",\"item\":\"https:\/\/patjaune.re\/\"},{\"@type\":\"ListItem\",\"position\":2,\"name\":\"Boutique\",\"item\":\"https:\/\/patjaune.re\/index.php\/boutique\/\"},{\"@type\":\"ListItem\",\"position\":3,\"name\":\"G\u00e9lules Curcuma m\u00e8re, Gingembre, Poivre noir (951)\"}]},{\"@type\":\"WebSite\",\"@id\":\"https:\/\/patjaune.re\/#website\",\"url\":\"https:\/\/patjaune.re\/\",\"name\":\"patjaune patjaune.re \u00e9picerie fine \u00e0 l'\u00eele de la R\u00e9union 974\",\"description\":\"Patjaune \u00e9pices \u00e0 l&#039;\u00eele de la R\u00e9union\",\"publisher\":{\"@id\":\"https:\/\/patjaune.re\/#organization\"},\"potentialAction\":[{\"@type\":\"SearchAction\",\"target\":{\"@type\":\"EntryPoint\",\"urlTemplate\":\"https:\/\/patjaune.re\/?s={search_term_string}\"},\"query-input\":\"required name=search_term_string\"}],\"inLanguage\":\"fr-FR\"},{\"@type\":\"Organization\",\"@id\":\"https:\/\/patjaune.re\/#organization\",\"name\":\"patjaune patjaune.re \u00e9picerie fine \u00e0 l'\u00eele de la R\u00e9union 974\",\"url\":\"https:\/\/patjaune.re\/\",\"logo\":{\"@type\":\"ImageObject\",\"inLanguage\":\"fr-FR\",\"@id\":\"https:\/\/patjaune.re\/#\/schema\/logo\/image\/\",\"url\":\"https:\/\/patjaune.re\/wp-content\/uploads\/2023\/03\/logo-patjaune-long-ththym-e1683265045996.png\",\"contentUrl\":\"https:\/\/patjaune.re\/wp-content\/uploads\/2023\/03\/logo-patjaune-long-ththym-e1683265045996.png\",\"width\":623,\"height\":528,\"caption\":\"patjaune patjaune.re \u00e9picerie fine \u00e0 l'\u00eele de la R\u00e9union 974\"},\"image\":{\"@id\":\"https:\/\/patjaune.re\/#\/schema\/logo\/image\/\"},\"sameAs\":[\"https:\/\/www.facebook.com\/pat.jaune.reunion\/\"]}]}<\/script>\n<!-- \/ Yoast SEO plugin. -->","yoast_head_json":{"title":"G\u00e9lules Curcuma m\u00e8re, Gingembre, Poivre noir (951) - patjaune","robots":{"index":"index","follow":"follow","max-snippet":"max-snippet:-1","max-image-preview":"max-image-preview:large","max-video-preview":"max-video-preview:-1"},"canonical":"https:\/\/patjaune.re\/index.php\/produit\/gelules-curcuma-mere-gingembre-poivre-noir-951\/","og_locale":"fr_FR","og_type":"article","og_title":"G\u00e9lules Curcuma m\u00e8re, Gingembre, Poivre noir (951) - patjaune","og_description":"G\u00e9lules Curcuma m\u00e8re, Gingembre, Poivre noir (951)","og_url":"https:\/\/patjaune.re\/index.php\/produit\/gelules-curcuma-mere-gingembre-poivre-noir-951\/","og_site_name":"patjaune","article_publisher":"https:\/\/www.facebook.com\/pat.jaune.reunion\/","article_modified_time":"2023-05-12T10:45:54+00:00","og_image":[{"width":1000,"height":800,"url":"https:\/\/patjaune.re\/wp-content\/uploads\/2023\/05\/951.png","type":"image\/png"}],"twitter_card":"summary_large_image","twitter_misc":{"Dur\u00e9e de lecture estim\u00e9e":"2 minutes"},"schema":{"@context":"https:\/\/schema.org","@graph":[{"@type":"WebPage","@id":"https:\/\/patjaune.re\/index.php\/produit\/gelules-curcuma-mere-gingembre-poivre-noir-951\/","url":"https:\/\/patjaune.re\/index.php\/produit\/gelules-curcuma-mere-gingembre-poivre-noir-951\/","name":"G\u00e9lules Curcuma m\u00e8re, Gingembre, Poivre noir (951) - patjaune","isPartOf":{"@id":"https:\/\/patjaune.re\/#website"},"datePublished":"2023-05-12T10:44:53+00:00","dateModified":"2023-05-12T10:45:54+00:00","breadcrumb":{"@id":"https:\/\/patjaune.re\/index.php\/produit\/gelules-curcuma-mere-gingembre-poivre-noir-951\/#breadcrumb"},"inLanguage":"fr-FR","potentialAction":[{"@type":"ReadAction","target":["https:\/\/patjaune.re\/index.php\/produit\/gelules-curcuma-mere-gingembre-poivre-noir-951\/"]}]},{"@type":"BreadcrumbList","@id":"https:\/\/patjaune.re\/index.php\/produit\/gelules-curcuma-mere-gingembre-poivre-noir-951\/#breadcrumb","itemListElement":[{"@type":"ListItem","position":1,"name":"Accueil","item":"https:\/\/patjaune.re\/"},{"@type":"ListItem","position":2,"name":"Boutique","item":"https:\/\/patjaune.re\/index.php\/boutique\/"},{"@type":"ListItem","position":3,"name":"G\u00e9lules Curcuma m\u00e8re, Gingembre, Poivre noir (951)"}]},{"@type":"WebSite","@id":"https:\/\/patjaune.re\/#website","url":"https:\/\/patjaune.re\/","name":"patjaune patjaune.re \u00e9picerie fine \u00e0 l'\u00eele de la R\u00e9union 974","description":"Patjaune \u00e9pices \u00e0 l&#039;\u00eele de la R\u00e9union","publisher":{"@id":"https:\/\/patjaune.re\/#organization"},"potentialAction":[{"@type":"SearchAction","target":{"@type":"EntryPoint","urlTemplate":"https:\/\/patjaune.re\/?s={search_term_string}"},"query-input":"required name=search_term_string"}],"inLanguage":"fr-FR"},{"@type":"Organization","@id":"https:\/\/patjaune.re\/#organization","name":"patjaune patjaune.re \u00e9picerie fine \u00e0 l'\u00eele de la R\u00e9union 974","url":"https:\/\/patjaune.re\/","logo":{"@type":"ImageObject","inLanguage":"fr-FR","@id":"https:\/\/patjaune.re\/#\/schema\/logo\/image\/","url":"https:\/\/patjaune.re\/wp-content\/uploads\/2023\/03\/logo-patjaune-long-ththym-e1683265045996.png","contentUrl":"https:\/\/patjaune.re\/wp-content\/uploads\/2023\/03\/logo-patjaune-long-ththym-e1683265045996.png","width":623,"height":528,"caption":"patjaune patjaune.re \u00e9picerie fine \u00e0 l'\u00eele de la R\u00e9union 974"},"image":{"@id":"https:\/\/patjaune.re\/#\/schema\/logo\/image\/"},"sameAs":["https:\/\/www.facebook.com\/pat.jaune.reunion\/"]}]}},"_links":{"self":[{"href":"https:\/\/patjaune.re\/index.php\/wp-json\/wp\/v2\/product\/517","targetHints":{"allow":["GET"]}}],"collection":[{"href":"https:\/\/patjaune.re\/index.php\/wp-json\/wp\/v2\/product"}],"about":[{"href":"https:\/\/patjaune.re\/index.php\/wp-json\/wp\/v2\/types\/product"}],"wp:featuredmedia":[{"embeddable":true,"href":"https:\/\/patjaune.re\/index.php\/wp-json\/wp\/v2\/media\/518"}],"wp:attachment":[{"href":"https:\/\/patjaune.re\/index.php\/wp-json\/wp\/v2\/media?parent=517"}],"wp:term":[{"taxonomy":"product_brand","embeddable":true,"href":"https:\/\/patjaune.re\/index.php\/wp-json\/wp\/v2\/product_brand?post=517"},{"taxonomy":"product_cat","embeddable":true,"href":"https:\/\/patjaune.re\/index.php\/wp-json\/wp\/v2\/product_cat?post=517"},{"taxonomy":"product_tag","embeddable":true,"href":"https:\/\/patjaune.re\/index.php\/wp-json\/wp\/v2\/product_tag?post=517"}],"curies":[{"name":"wp","href":"https:\/\/api.w.org\/{rel}","templated":true}]}}