{"id":50,"date":"2023-03-16T17:50:36","date_gmt":"2023-03-16T16:50:36","guid":{"rendered":"https:\/\/patjaune.re\/?post_type=product&#038;p=50"},"modified":"2023-05-04T17:24:23","modified_gmt":"2023-05-04T15:24:23","slug":"geranium","status":"publish","type":"product","link":"https:\/\/patjaune.re\/index.php\/produit\/geranium\/","title":{"rendered":"Sirop de G\u00e9ranium Rosat"},"content":{"rendered":"<h4><strong>Sirop a base de G\u00e9ranium rosat<br \/>\n<\/strong><\/h4>\n<p>Ingr\u00e9dients:<br \/>\n40% G\u00e9ranium rosat frais, sucre de canne, eau<br \/>\nSans conservateur ni additif ou colorant 100% naturel<\/p>\n<p>Mettre au frais apr\u00e8s ouverture<br \/>\nConsommer pur dans une grande cuill\u00e8res, dans une tisane ou dans 4\/5 \u00e8me d\u2019eau, ou bien pour vos g\u00e2teaux, cr\u00e8me. Il peux\u00a0 \u00eatre aussi utilis\u00e9 dans les rhums arrang\u00e9,en kir ou kir royal.<strong>(<em> L&rsquo;abus d&rsquo;alcool est dangereux pour la sant\u00e9, \u00e0 consommer avec mod\u00e9ration.)<\/em><\/strong><\/p>\n<p>en bouteille de 250ml<\/p>\n<p>Valeur \u00e9nerg\u00e9tique<br \/>\nPour 100ml<br \/>\nProt\u00e9ines 0.12 g<br \/>\nLipides 0.32 g<br \/>\nGlucides 62.12 g<br \/>\n\u00c9nergie (kCal) 240 kCal<\/p>\n<p>Origine: France (R\u00e9union)<\/p>\n<div class=\"flex flex-grow flex-col gap-3\">\n<div class=\"min-h-[20px] flex flex-col items-start gap-4 whitespace-pre-wrap\">\n<div class=\"markdown prose w-full break-words dark:prose-invert dark\">\n<p>Le sirop de g\u00e9ranium rosat avec du sucre de canne de la R\u00e9union est une boisson traditionnelle de l&rsquo;\u00eele de la R\u00e9union, \u00e9galement connue sous le nom de \u00ab\u00a0sirop de g\u00e9ranium\u00a0\u00bb ou \u00ab\u00a0sirop de g\u00e9ranium rosat\u00a0\u00bb. Le g\u00e9ranium rosat est une plante aromatique originaire d&rsquo;Afrique du Sud et introduite \u00e0 la R\u00e9union au XIXe si\u00e8cle.<\/p>\n<p>Le sirop de g\u00e9ranium rosat est \u00e9galement connu pour ses bienfaits pour la sant\u00e9. Il est riche en antioxydants, en vitamine C et en flavono\u00efdes, qui aident \u00e0 renforcer le syst\u00e8me immunitaire et \u00e0 prot\u00e9ger le corps contre les radicaux libres. Il a \u00e9galement des propri\u00e9t\u00e9s anti-inflammatoires et peut aider \u00e0 r\u00e9duire le stress et l&rsquo;anxi\u00e9t\u00e9.<\/p>\n<p>De plus, le g\u00e9ranium rosat a des propri\u00e9t\u00e9s diur\u00e9tiques et peut aider \u00e0 am\u00e9liorer la digestion. Il est \u00e9galement utilis\u00e9 en m\u00e9decine traditionnelle pour traiter les maux de t\u00eate, les douleurs menstruelles et les troubles respiratoires.<\/p>\n<p>En r\u00e9sum\u00e9, le sirop de g\u00e9ranium rosat avec du sucre de canne de la R\u00e9union est non seulement une boisson d\u00e9licieuse, mais \u00e9galement b\u00e9n\u00e9fique pour la sant\u00e9. Il peut aider \u00e0 renforcer le syst\u00e8me immunitaire, \u00e0 r\u00e9duire l&rsquo;inflammation et \u00e0 am\u00e9liorer la digestion.<\/p>\n<div class=\"content shop\">\n<div class=\"sixteen columns\">\n<div class=\"entry-content\">\n<div id=\"product-54\" class=\"product type-product post-54 status-publish first instock product_cat-jus has-post-thumbnail shipping-taxable purchasable product-type-simple\">\n<div class=\"woocommerce-tabs wc-tabs-wrapper\">\n<div id=\"tab-description\" class=\"woocommerce-Tabs-panel woocommerce-Tabs-panel--description panel entry-content wc-tab\" role=\"tabpanel\" aria-labelledby=\"tab-title-description\">\n<div role=\"heading\" data-attrid=\"wa:\/description\" data-hveid=\"CBEQAQ\">Ce n\u2019est pas un m\u00e9dicament.Ne peux remplacer une alimentation vari\u00e9e.<br \/>\nNe pas d\u00e9passer la dose indiqu\u00e9e. Conserver au frigidaire .<em><strong>\u00a0On d\u00e9conseille la consommation de g\u00e9ranium rosat chez la femme enceinte et allaitante.<\/strong><\/em><\/p>\n<\/div>\n<div role=\"heading\" data-attrid=\"wa:\/description\" data-hveid=\"CBEQAQ\">Demander conseil \u00e0 un m\u00e9decin<\/div>\n<\/div>\n<\/div>\n<\/div>\n<\/div>\n<\/div>\n<\/div>\n<\/div>\n<\/div>\n<\/div>\n<p>&nbsp;<\/p>\n","protected":false},"excerpt":{"rendered":"<p>Sirop de g\u00e9ranium rosa<\/p>\n","protected":false},"featured_media":416,"template":"","meta":[],"product_brand":[],"product_cat":[32],"product_tag":[],"class_list":{"0":"post-50","1":"product","2":"type-product","3":"status-publish","4":"has-post-thumbnail","6":"product_cat-sirops","8":"first","9":"instock","10":"purchasable","11":"product-type-simple"},"yoast_head":"<!-- This site is optimized with the Yoast SEO plugin v20.6 - https:\/\/yoast.com\/wordpress\/plugins\/seo\/ -->\n<title>Sirop de G\u00e9ranium Rosat - patjaune<\/title>\n<meta name=\"robots\" content=\"index, follow, max-snippet:-1, max-image-preview:large, max-video-preview:-1\" \/>\n<link rel=\"canonical\" href=\"https:\/\/patjaune.re\/index.php\/produit\/geranium\/\" \/>\n<meta property=\"og:locale\" content=\"fr_FR\" \/>\n<meta property=\"og:type\" content=\"article\" \/>\n<meta property=\"og:title\" content=\"Sirop de G\u00e9ranium Rosat - patjaune\" \/>\n<meta property=\"og:description\" content=\"Sirop de g\u00e9ranium rosa\" \/>\n<meta property=\"og:url\" content=\"https:\/\/patjaune.re\/index.php\/produit\/geranium\/\" \/>\n<meta property=\"og:site_name\" content=\"patjaune\" \/>\n<meta property=\"article:publisher\" content=\"https:\/\/www.facebook.com\/pat.jaune.reunion\/\" \/>\n<meta property=\"article:modified_time\" content=\"2023-05-04T15:24:23+00:00\" \/>\n<meta property=\"og:image\" content=\"https:\/\/patjaune.re\/wp-content\/uploads\/2023\/03\/geranium-1.png\" \/>\n\t<meta property=\"og:image:width\" content=\"1000\" \/>\n\t<meta property=\"og:image:height\" content=\"800\" \/>\n\t<meta property=\"og:image:type\" content=\"image\/png\" \/>\n<meta name=\"twitter:card\" content=\"summary_large_image\" \/>\n<meta name=\"twitter:label1\" content=\"Dur\u00e9e de lecture estim\u00e9e\" \/>\n\t<meta name=\"twitter:data1\" content=\"2 minutes\" \/>\n<script type=\"application\/ld+json\" class=\"yoast-schema-graph\">{\"@context\":\"https:\/\/schema.org\",\"@graph\":[{\"@type\":\"WebPage\",\"@id\":\"https:\/\/patjaune.re\/index.php\/produit\/geranium\/\",\"url\":\"https:\/\/patjaune.re\/index.php\/produit\/geranium\/\",\"name\":\"Sirop de G\u00e9ranium Rosat - patjaune\",\"isPartOf\":{\"@id\":\"https:\/\/patjaune.re\/#website\"},\"datePublished\":\"2023-03-16T16:50:36+00:00\",\"dateModified\":\"2023-05-04T15:24:23+00:00\",\"breadcrumb\":{\"@id\":\"https:\/\/patjaune.re\/index.php\/produit\/geranium\/#breadcrumb\"},\"inLanguage\":\"fr-FR\",\"potentialAction\":[{\"@type\":\"ReadAction\",\"target\":[\"https:\/\/patjaune.re\/index.php\/produit\/geranium\/\"]}]},{\"@type\":\"BreadcrumbList\",\"@id\":\"https:\/\/patjaune.re\/index.php\/produit\/geranium\/#breadcrumb\",\"itemListElement\":[{\"@type\":\"ListItem\",\"position\":1,\"name\":\"Accueil\",\"item\":\"https:\/\/patjaune.re\/\"},{\"@type\":\"ListItem\",\"position\":2,\"name\":\"Boutique\",\"item\":\"https:\/\/patjaune.re\/index.php\/boutique\/\"},{\"@type\":\"ListItem\",\"position\":3,\"name\":\"Sirop de G\u00e9ranium Rosat\"}]},{\"@type\":\"WebSite\",\"@id\":\"https:\/\/patjaune.re\/#website\",\"url\":\"https:\/\/patjaune.re\/\",\"name\":\"patjaune patjaune.re \u00e9picerie fine \u00e0 l'\u00eele de la R\u00e9union 974\",\"description\":\"Patjaune \u00e9pices \u00e0 l&#039;\u00eele de la R\u00e9union\",\"publisher\":{\"@id\":\"https:\/\/patjaune.re\/#organization\"},\"potentialAction\":[{\"@type\":\"SearchAction\",\"target\":{\"@type\":\"EntryPoint\",\"urlTemplate\":\"https:\/\/patjaune.re\/?s={search_term_string}\"},\"query-input\":\"required name=search_term_string\"}],\"inLanguage\":\"fr-FR\"},{\"@type\":\"Organization\",\"@id\":\"https:\/\/patjaune.re\/#organization\",\"name\":\"patjaune patjaune.re \u00e9picerie fine \u00e0 l'\u00eele de la R\u00e9union 974\",\"url\":\"https:\/\/patjaune.re\/\",\"logo\":{\"@type\":\"ImageObject\",\"inLanguage\":\"fr-FR\",\"@id\":\"https:\/\/patjaune.re\/#\/schema\/logo\/image\/\",\"url\":\"https:\/\/patjaune.re\/wp-content\/uploads\/2023\/03\/logo-patjaune-long-ththym-e1683265045996.png\",\"contentUrl\":\"https:\/\/patjaune.re\/wp-content\/uploads\/2023\/03\/logo-patjaune-long-ththym-e1683265045996.png\",\"width\":623,\"height\":528,\"caption\":\"patjaune patjaune.re \u00e9picerie fine \u00e0 l'\u00eele de la R\u00e9union 974\"},\"image\":{\"@id\":\"https:\/\/patjaune.re\/#\/schema\/logo\/image\/\"},\"sameAs\":[\"https:\/\/www.facebook.com\/pat.jaune.reunion\/\"]}]}<\/script>\n<!-- \/ Yoast SEO plugin. -->","yoast_head_json":{"title":"Sirop de G\u00e9ranium Rosat - patjaune","robots":{"index":"index","follow":"follow","max-snippet":"max-snippet:-1","max-image-preview":"max-image-preview:large","max-video-preview":"max-video-preview:-1"},"canonical":"https:\/\/patjaune.re\/index.php\/produit\/geranium\/","og_locale":"fr_FR","og_type":"article","og_title":"Sirop de G\u00e9ranium Rosat - patjaune","og_description":"Sirop de g\u00e9ranium rosa","og_url":"https:\/\/patjaune.re\/index.php\/produit\/geranium\/","og_site_name":"patjaune","article_publisher":"https:\/\/www.facebook.com\/pat.jaune.reunion\/","article_modified_time":"2023-05-04T15:24:23+00:00","og_image":[{"width":1000,"height":800,"url":"https:\/\/patjaune.re\/wp-content\/uploads\/2023\/03\/geranium-1.png","type":"image\/png"}],"twitter_card":"summary_large_image","twitter_misc":{"Dur\u00e9e de lecture estim\u00e9e":"2 minutes"},"schema":{"@context":"https:\/\/schema.org","@graph":[{"@type":"WebPage","@id":"https:\/\/patjaune.re\/index.php\/produit\/geranium\/","url":"https:\/\/patjaune.re\/index.php\/produit\/geranium\/","name":"Sirop de G\u00e9ranium Rosat - patjaune","isPartOf":{"@id":"https:\/\/patjaune.re\/#website"},"datePublished":"2023-03-16T16:50:36+00:00","dateModified":"2023-05-04T15:24:23+00:00","breadcrumb":{"@id":"https:\/\/patjaune.re\/index.php\/produit\/geranium\/#breadcrumb"},"inLanguage":"fr-FR","potentialAction":[{"@type":"ReadAction","target":["https:\/\/patjaune.re\/index.php\/produit\/geranium\/"]}]},{"@type":"BreadcrumbList","@id":"https:\/\/patjaune.re\/index.php\/produit\/geranium\/#breadcrumb","itemListElement":[{"@type":"ListItem","position":1,"name":"Accueil","item":"https:\/\/patjaune.re\/"},{"@type":"ListItem","position":2,"name":"Boutique","item":"https:\/\/patjaune.re\/index.php\/boutique\/"},{"@type":"ListItem","position":3,"name":"Sirop de G\u00e9ranium Rosat"}]},{"@type":"WebSite","@id":"https:\/\/patjaune.re\/#website","url":"https:\/\/patjaune.re\/","name":"patjaune patjaune.re \u00e9picerie fine \u00e0 l'\u00eele de la R\u00e9union 974","description":"Patjaune \u00e9pices \u00e0 l&#039;\u00eele de la R\u00e9union","publisher":{"@id":"https:\/\/patjaune.re\/#organization"},"potentialAction":[{"@type":"SearchAction","target":{"@type":"EntryPoint","urlTemplate":"https:\/\/patjaune.re\/?s={search_term_string}"},"query-input":"required name=search_term_string"}],"inLanguage":"fr-FR"},{"@type":"Organization","@id":"https:\/\/patjaune.re\/#organization","name":"patjaune patjaune.re \u00e9picerie fine \u00e0 l'\u00eele de la R\u00e9union 974","url":"https:\/\/patjaune.re\/","logo":{"@type":"ImageObject","inLanguage":"fr-FR","@id":"https:\/\/patjaune.re\/#\/schema\/logo\/image\/","url":"https:\/\/patjaune.re\/wp-content\/uploads\/2023\/03\/logo-patjaune-long-ththym-e1683265045996.png","contentUrl":"https:\/\/patjaune.re\/wp-content\/uploads\/2023\/03\/logo-patjaune-long-ththym-e1683265045996.png","width":623,"height":528,"caption":"patjaune patjaune.re \u00e9picerie fine \u00e0 l'\u00eele de la R\u00e9union 974"},"image":{"@id":"https:\/\/patjaune.re\/#\/schema\/logo\/image\/"},"sameAs":["https:\/\/www.facebook.com\/pat.jaune.reunion\/"]}]}},"_links":{"self":[{"href":"https:\/\/patjaune.re\/index.php\/wp-json\/wp\/v2\/product\/50","targetHints":{"allow":["GET"]}}],"collection":[{"href":"https:\/\/patjaune.re\/index.php\/wp-json\/wp\/v2\/product"}],"about":[{"href":"https:\/\/patjaune.re\/index.php\/wp-json\/wp\/v2\/types\/product"}],"wp:featuredmedia":[{"embeddable":true,"href":"https:\/\/patjaune.re\/index.php\/wp-json\/wp\/v2\/media\/416"}],"wp:attachment":[{"href":"https:\/\/patjaune.re\/index.php\/wp-json\/wp\/v2\/media?parent=50"}],"wp:term":[{"taxonomy":"product_brand","embeddable":true,"href":"https:\/\/patjaune.re\/index.php\/wp-json\/wp\/v2\/product_brand?post=50"},{"taxonomy":"product_cat","embeddable":true,"href":"https:\/\/patjaune.re\/index.php\/wp-json\/wp\/v2\/product_cat?post=50"},{"taxonomy":"product_tag","embeddable":true,"href":"https:\/\/patjaune.re\/index.php\/wp-json\/wp\/v2\/product_tag?post=50"}],"curies":[{"name":"wp","href":"https:\/\/api.w.org\/{rel}","templated":true}]}}