{"id":475,"date":"2023-05-10T20:36:32","date_gmt":"2023-05-10T16:36:32","guid":{"rendered":"https:\/\/patjaune.re\/?post_type=product&#038;p=475"},"modified":"2023-05-10T21:00:55","modified_gmt":"2023-05-10T17:00:55","slug":"tisane-detox","status":"publish","type":"product","link":"https:\/\/patjaune.re\/index.php\/produit\/tisane-detox\/","title":{"rendered":"Tisane D\u00e9tox"},"content":{"rendered":"<h6><strong>Tisane zerbage compos\u00e9e pour D\u00c9TOX,<\/strong><\/p>\n<p><strong>Composition:<\/strong><\/h6>\n<h6><em>Artichaut, Aigremoine, Anis, Fraisier, Framboise, Guimauve, Lapacho, Lin, Rhubarbe, Serpolet, Sureau, Tournesol, Vigne rouge<\/em><\/h6>\n<h6>Infusion: Rajoutez 9G (soit 3 cuill\u00e8res \u00e0 soupe) \u00e0 la d\u00e9coction.<br \/>\nFaire bouillir l&rsquo;eau, \u00e9teindre, infuser et laisser refroidir.<br \/>\nFiltrer et boire un litre par jour pendant 5 jours puis reposer deux jours.<\/h6>\n<h6>Ne pas d\u00e9passer la dose indiqu\u00e9e. Conserver \u00e0 l\u2019abri de la lumi\u00e8re de la chaleur et de l\u2019humidit\u00e9. Continuer \u00e0 s\u2019alimenter de fa\u00e7on \u00e9quilibr\u00e9<br \/>\nne pas mettre \u00e0 la port\u00e9e des enfants<br \/>\nDemander conseil \u00e0 un m\u00e9decin<\/h6>\n<h6>\nDLUO: 31\/06\/2024<\/h6>\n<h6>Poids net : 60g<br \/>\nFabrication : France R\u00e9union<\/h6>\n<p>Offrez \u00e0 votre corps une cure de d\u00e9sintoxication naturelle avec notre m\u00e9lange de plantes tisane d\u00e9tox. Chaque ingr\u00e9dient est soigneusement s\u00e9lectionn\u00e9 pour aider \u00e0 \u00e9liminer les toxines et \u00e0 am\u00e9liorer votre digestion.<\/p>\n<p>Notre m\u00e9lange de plantes tisane d\u00e9tox est facile \u00e0 pr\u00e9parer et agr\u00e9able \u00e0 d\u00e9guster, ce qui en fait un choix pratique pour un style de vie sain et occup\u00e9. Essayez-le d\u00e8s aujourd&rsquo;hui et sentez la diff\u00e9rence dans votre corps et votre esprit.<\/p>\n<p>Notre m\u00e9lange de plantes tisane d\u00e9tox est formul\u00e9 avec des ingr\u00e9dients naturels de qualit\u00e9 sup\u00e9rieure pour maximiser les bienfaits pour votre sant\u00e9. Nous nous engageons \u00e0 vous offrir une exp\u00e9rience d&rsquo;achat en ligne facile, rapide et s\u00e9curis\u00e9e pour que vous puissiez recevoir vos produits en un rien de temps.<\/p>\n<p>Que vous recherchiez une cure de d\u00e9sintoxication compl\u00e8te ou simplement une aide pour am\u00e9liorer votre digestion, notre m\u00e9lange de plantes tisane d\u00e9tox est l\u00e0 pour vous. Nous sommes fiers de fournir des produits de la plus haute qualit\u00e9 \u00e0 des prix comp\u00e9titifs, avec des promotions et des offres sp\u00e9ciales r\u00e9guli\u00e8res pour vous aider \u00e0 \u00e9conomiser encore plus.<\/p>\n<p>N&rsquo;attendez plus pour donner \u00e0 votre corps le nettoyage qu&rsquo;il m\u00e9rite avec notre m\u00e9lange de plantes tisane d\u00e9tox. Parcourez notre s\u00e9lection d\u00e8s maintenant et passez votre commande en toute confiance.<\/p>\n","protected":false},"excerpt":{"rendered":"<p><span style=\"color: #000000\"><strong>Tisane D\u00e9tox<\/strong><\/span><\/p>\n","protected":false},"featured_media":476,"template":"","meta":[],"product_brand":[],"product_cat":[37],"product_tag":[],"class_list":{"0":"post-475","1":"product","2":"type-product","3":"status-publish","4":"has-post-thumbnail","6":"product_cat-tisbiene","8":"first","9":"instock","10":"product-type-simple"},"yoast_head":"<!-- This site is optimized with the Yoast SEO plugin v20.6 - https:\/\/yoast.com\/wordpress\/plugins\/seo\/ -->\n<title>Tisane D\u00e9tox - patjaune<\/title>\n<meta name=\"robots\" content=\"index, follow, max-snippet:-1, max-image-preview:large, max-video-preview:-1\" \/>\n<link rel=\"canonical\" href=\"https:\/\/patjaune.re\/index.php\/produit\/tisane-detox\/\" \/>\n<meta property=\"og:locale\" content=\"fr_FR\" \/>\n<meta property=\"og:type\" content=\"article\" \/>\n<meta property=\"og:title\" content=\"Tisane D\u00e9tox - patjaune\" \/>\n<meta property=\"og:description\" content=\"Tisane D\u00e9tox\" \/>\n<meta property=\"og:url\" content=\"https:\/\/patjaune.re\/index.php\/produit\/tisane-detox\/\" \/>\n<meta property=\"og:site_name\" content=\"patjaune\" \/>\n<meta property=\"article:publisher\" content=\"https:\/\/www.facebook.com\/pat.jaune.reunion\/\" \/>\n<meta property=\"article:modified_time\" content=\"2023-05-10T17:00:55+00:00\" \/>\n<meta property=\"og:image\" content=\"https:\/\/patjaune.re\/wp-content\/uploads\/2023\/05\/detox.png\" \/>\n\t<meta property=\"og:image:width\" content=\"1000\" \/>\n\t<meta property=\"og:image:height\" content=\"800\" \/>\n\t<meta property=\"og:image:type\" content=\"image\/png\" \/>\n<meta name=\"twitter:card\" content=\"summary_large_image\" \/>\n<meta name=\"twitter:label1\" content=\"Dur\u00e9e de lecture estim\u00e9e\" \/>\n\t<meta name=\"twitter:data1\" content=\"2 minutes\" \/>\n<script type=\"application\/ld+json\" class=\"yoast-schema-graph\">{\"@context\":\"https:\/\/schema.org\",\"@graph\":[{\"@type\":\"WebPage\",\"@id\":\"https:\/\/patjaune.re\/index.php\/produit\/tisane-detox\/\",\"url\":\"https:\/\/patjaune.re\/index.php\/produit\/tisane-detox\/\",\"name\":\"Tisane D\u00e9tox - patjaune\",\"isPartOf\":{\"@id\":\"https:\/\/patjaune.re\/#website\"},\"datePublished\":\"2023-05-10T16:36:32+00:00\",\"dateModified\":\"2023-05-10T17:00:55+00:00\",\"breadcrumb\":{\"@id\":\"https:\/\/patjaune.re\/index.php\/produit\/tisane-detox\/#breadcrumb\"},\"inLanguage\":\"fr-FR\",\"potentialAction\":[{\"@type\":\"ReadAction\",\"target\":[\"https:\/\/patjaune.re\/index.php\/produit\/tisane-detox\/\"]}]},{\"@type\":\"BreadcrumbList\",\"@id\":\"https:\/\/patjaune.re\/index.php\/produit\/tisane-detox\/#breadcrumb\",\"itemListElement\":[{\"@type\":\"ListItem\",\"position\":1,\"name\":\"Accueil\",\"item\":\"https:\/\/patjaune.re\/\"},{\"@type\":\"ListItem\",\"position\":2,\"name\":\"Boutique\",\"item\":\"https:\/\/patjaune.re\/index.php\/boutique\/\"},{\"@type\":\"ListItem\",\"position\":3,\"name\":\"Tisane D\u00e9tox\"}]},{\"@type\":\"WebSite\",\"@id\":\"https:\/\/patjaune.re\/#website\",\"url\":\"https:\/\/patjaune.re\/\",\"name\":\"patjaune patjaune.re \u00e9picerie fine \u00e0 l'\u00eele de la R\u00e9union 974\",\"description\":\"Patjaune \u00e9pices \u00e0 l&#039;\u00eele de la R\u00e9union\",\"publisher\":{\"@id\":\"https:\/\/patjaune.re\/#organization\"},\"potentialAction\":[{\"@type\":\"SearchAction\",\"target\":{\"@type\":\"EntryPoint\",\"urlTemplate\":\"https:\/\/patjaune.re\/?s={search_term_string}\"},\"query-input\":\"required name=search_term_string\"}],\"inLanguage\":\"fr-FR\"},{\"@type\":\"Organization\",\"@id\":\"https:\/\/patjaune.re\/#organization\",\"name\":\"patjaune patjaune.re \u00e9picerie fine \u00e0 l'\u00eele de la R\u00e9union 974\",\"url\":\"https:\/\/patjaune.re\/\",\"logo\":{\"@type\":\"ImageObject\",\"inLanguage\":\"fr-FR\",\"@id\":\"https:\/\/patjaune.re\/#\/schema\/logo\/image\/\",\"url\":\"https:\/\/patjaune.re\/wp-content\/uploads\/2023\/03\/logo-patjaune-long-ththym-e1683265045996.png\",\"contentUrl\":\"https:\/\/patjaune.re\/wp-content\/uploads\/2023\/03\/logo-patjaune-long-ththym-e1683265045996.png\",\"width\":623,\"height\":528,\"caption\":\"patjaune patjaune.re \u00e9picerie fine \u00e0 l'\u00eele de la R\u00e9union 974\"},\"image\":{\"@id\":\"https:\/\/patjaune.re\/#\/schema\/logo\/image\/\"},\"sameAs\":[\"https:\/\/www.facebook.com\/pat.jaune.reunion\/\"]}]}<\/script>\n<!-- \/ Yoast SEO plugin. -->","yoast_head_json":{"title":"Tisane D\u00e9tox - patjaune","robots":{"index":"index","follow":"follow","max-snippet":"max-snippet:-1","max-image-preview":"max-image-preview:large","max-video-preview":"max-video-preview:-1"},"canonical":"https:\/\/patjaune.re\/index.php\/produit\/tisane-detox\/","og_locale":"fr_FR","og_type":"article","og_title":"Tisane D\u00e9tox - patjaune","og_description":"Tisane D\u00e9tox","og_url":"https:\/\/patjaune.re\/index.php\/produit\/tisane-detox\/","og_site_name":"patjaune","article_publisher":"https:\/\/www.facebook.com\/pat.jaune.reunion\/","article_modified_time":"2023-05-10T17:00:55+00:00","og_image":[{"width":1000,"height":800,"url":"https:\/\/patjaune.re\/wp-content\/uploads\/2023\/05\/detox.png","type":"image\/png"}],"twitter_card":"summary_large_image","twitter_misc":{"Dur\u00e9e de lecture estim\u00e9e":"2 minutes"},"schema":{"@context":"https:\/\/schema.org","@graph":[{"@type":"WebPage","@id":"https:\/\/patjaune.re\/index.php\/produit\/tisane-detox\/","url":"https:\/\/patjaune.re\/index.php\/produit\/tisane-detox\/","name":"Tisane D\u00e9tox - patjaune","isPartOf":{"@id":"https:\/\/patjaune.re\/#website"},"datePublished":"2023-05-10T16:36:32+00:00","dateModified":"2023-05-10T17:00:55+00:00","breadcrumb":{"@id":"https:\/\/patjaune.re\/index.php\/produit\/tisane-detox\/#breadcrumb"},"inLanguage":"fr-FR","potentialAction":[{"@type":"ReadAction","target":["https:\/\/patjaune.re\/index.php\/produit\/tisane-detox\/"]}]},{"@type":"BreadcrumbList","@id":"https:\/\/patjaune.re\/index.php\/produit\/tisane-detox\/#breadcrumb","itemListElement":[{"@type":"ListItem","position":1,"name":"Accueil","item":"https:\/\/patjaune.re\/"},{"@type":"ListItem","position":2,"name":"Boutique","item":"https:\/\/patjaune.re\/index.php\/boutique\/"},{"@type":"ListItem","position":3,"name":"Tisane D\u00e9tox"}]},{"@type":"WebSite","@id":"https:\/\/patjaune.re\/#website","url":"https:\/\/patjaune.re\/","name":"patjaune patjaune.re \u00e9picerie fine \u00e0 l'\u00eele de la R\u00e9union 974","description":"Patjaune \u00e9pices \u00e0 l&#039;\u00eele de la R\u00e9union","publisher":{"@id":"https:\/\/patjaune.re\/#organization"},"potentialAction":[{"@type":"SearchAction","target":{"@type":"EntryPoint","urlTemplate":"https:\/\/patjaune.re\/?s={search_term_string}"},"query-input":"required name=search_term_string"}],"inLanguage":"fr-FR"},{"@type":"Organization","@id":"https:\/\/patjaune.re\/#organization","name":"patjaune patjaune.re \u00e9picerie fine \u00e0 l'\u00eele de la R\u00e9union 974","url":"https:\/\/patjaune.re\/","logo":{"@type":"ImageObject","inLanguage":"fr-FR","@id":"https:\/\/patjaune.re\/#\/schema\/logo\/image\/","url":"https:\/\/patjaune.re\/wp-content\/uploads\/2023\/03\/logo-patjaune-long-ththym-e1683265045996.png","contentUrl":"https:\/\/patjaune.re\/wp-content\/uploads\/2023\/03\/logo-patjaune-long-ththym-e1683265045996.png","width":623,"height":528,"caption":"patjaune patjaune.re \u00e9picerie fine \u00e0 l'\u00eele de la R\u00e9union 974"},"image":{"@id":"https:\/\/patjaune.re\/#\/schema\/logo\/image\/"},"sameAs":["https:\/\/www.facebook.com\/pat.jaune.reunion\/"]}]}},"_links":{"self":[{"href":"https:\/\/patjaune.re\/index.php\/wp-json\/wp\/v2\/product\/475","targetHints":{"allow":["GET"]}}],"collection":[{"href":"https:\/\/patjaune.re\/index.php\/wp-json\/wp\/v2\/product"}],"about":[{"href":"https:\/\/patjaune.re\/index.php\/wp-json\/wp\/v2\/types\/product"}],"wp:featuredmedia":[{"embeddable":true,"href":"https:\/\/patjaune.re\/index.php\/wp-json\/wp\/v2\/media\/476"}],"wp:attachment":[{"href":"https:\/\/patjaune.re\/index.php\/wp-json\/wp\/v2\/media?parent=475"}],"wp:term":[{"taxonomy":"product_brand","embeddable":true,"href":"https:\/\/patjaune.re\/index.php\/wp-json\/wp\/v2\/product_brand?post=475"},{"taxonomy":"product_cat","embeddable":true,"href":"https:\/\/patjaune.re\/index.php\/wp-json\/wp\/v2\/product_cat?post=475"},{"taxonomy":"product_tag","embeddable":true,"href":"https:\/\/patjaune.re\/index.php\/wp-json\/wp\/v2\/product_tag?post=475"}],"curies":[{"name":"wp","href":"https:\/\/api.w.org\/{rel}","templated":true}]}}