{"id":423,"date":"2023-05-05T12:12:53","date_gmt":"2023-05-05T08:12:53","guid":{"rendered":"https:\/\/patjaune.re\/?post_type=product&#038;p=423"},"modified":"2023-05-12T11:26:32","modified_gmt":"2023-05-12T07:26:32","slug":"confiture-de-curcuma-allege","status":"publish","type":"product","link":"https:\/\/patjaune.re\/index.php\/produit\/confiture-de-curcuma-allege\/","title":{"rendered":"Confiture de Curcuma (all\u00e9g\u00e9)"},"content":{"rendered":"<h4><strong>Confiture de Curcuma<\/strong><\/h4>\n<h6><strong>Ingr\u00e9dients:<\/strong><br \/>\nCurcuma, sucre de canne<\/h6>\n<h6>Sans conservateur ni additif ou colorant 100% naturel<\/h6>\n<p><em>Valeur \u00e9nerg\u00e9tique<\/em><br \/>\nPour 100\u00a0 gr<br \/>\nProt\u00e9ines\u00a0 0 gr<br \/>\nLipides\u00a0\u00a0\u00a0\u00a0\u00a0 0 gr<br \/>\nGlucides\u00a0\u00a0 40 gr<br \/>\n\u00c9nergie (kCal) 158 kCal<\/p>\n<p>&nbsp;<\/p>\n<p>En pot de 250 gr<\/p>\n<p>Origine: France (R\u00e9union)<\/p>\n<p>Notre confiture artisanale de curcuma r\u00e9veillera vos papilles gustatives avec sa saveur unique et \u00e9pic\u00e9e. Nous cultivons le curcuma frais sur l&rsquo;\u00eele de la R\u00e9union et utilisons des ingr\u00e9dients naturels pour vous offrir une exp\u00e9rience culinaire authentique et d\u00e9licieuse.<\/p>\n<p>Cette confiture est parfaite pour accompagner votre petit-d\u00e9jeuner ou pour tartiner sur des toasts ou des biscuits. Elle apportera une touche \u00e9pic\u00e9e \u00e0 vos plats, tels que des fromages ou des viandes grill\u00e9es. Nous n&rsquo;ajoutons aucun conservateur ni ar\u00f4me artificiel, pour que vous puissiez profiter pleinement de la saveur unique et intense de notre confiture de curcuma.<\/p>\n<p>Notre confiture est fabriqu\u00e9e avec amour et passion pour vous offrir une exp\u00e9rience gustative inoubliable. N&rsquo;attendez plus pour commander et d\u00e9couvrir la saveur exotique et \u00e9pic\u00e9e de notre confiture artisanale de curcuma.<\/p>\n<p>&nbsp;<\/p>\n<p>&nbsp;<\/p>\n","protected":false},"excerpt":{"rendered":"<p>Confiture de Curcuma Ingr\u00e9dients: Curcuma, sucre de canne Sans conservateur ni additif ou colorant 100% naturel Valeur \u00e9nerg\u00e9tique Pour 100\u00a0 gr Prot\u00e9ines\u00a0 0 gr Lipides\u00a0\u00a0\u00a0\u00a0\u00a0 0 gr Glucides\u00a0\u00a0 40 gr \u00c9nergie (kCal) 158 kCal &nbsp; En&#8230;<\/p>\n","protected":false},"featured_media":424,"template":"","meta":[],"product_brand":[],"product_cat":[31],"product_tag":[],"class_list":{"0":"post-423","1":"product","2":"type-product","3":"status-publish","4":"has-post-thumbnail","6":"product_cat-confitures-miel","8":"first","9":"instock","10":"taxable","11":"shipping-taxable","12":"product-type-simple"},"yoast_head":"<!-- This site is optimized with the Yoast SEO plugin v20.6 - https:\/\/yoast.com\/wordpress\/plugins\/seo\/ -->\n<title>Confiture de Curcuma (all\u00e9g\u00e9) - patjaune<\/title>\n<meta name=\"robots\" content=\"index, follow, max-snippet:-1, max-image-preview:large, max-video-preview:-1\" \/>\n<link rel=\"canonical\" href=\"https:\/\/patjaune.re\/index.php\/produit\/confiture-de-curcuma-allege\/\" \/>\n<meta property=\"og:locale\" content=\"fr_FR\" \/>\n<meta property=\"og:type\" content=\"article\" \/>\n<meta property=\"og:title\" content=\"Confiture de Curcuma (all\u00e9g\u00e9) - patjaune\" \/>\n<meta property=\"og:description\" content=\"Confiture de Curcuma Ingr\u00e9dients: Curcuma, sucre de canne Sans conservateur ni additif ou colorant 100% naturel Valeur \u00e9nerg\u00e9tique Pour 100\u00a0 gr Prot\u00e9ines\u00a0 0 gr Lipides\u00a0\u00a0\u00a0\u00a0\u00a0 0 gr Glucides\u00a0\u00a0 40 gr \u00c9nergie (kCal) 158 kCal &nbsp; En...\" \/>\n<meta property=\"og:url\" content=\"https:\/\/patjaune.re\/index.php\/produit\/confiture-de-curcuma-allege\/\" \/>\n<meta property=\"og:site_name\" content=\"patjaune\" \/>\n<meta property=\"article:publisher\" content=\"https:\/\/www.facebook.com\/pat.jaune.reunion\/\" \/>\n<meta property=\"article:modified_time\" content=\"2023-05-12T07:26:32+00:00\" \/>\n<meta property=\"og:image\" content=\"https:\/\/patjaune.re\/wp-content\/uploads\/2023\/05\/confiture-curcuma.png\" \/>\n\t<meta property=\"og:image:width\" content=\"1000\" \/>\n\t<meta property=\"og:image:height\" content=\"800\" \/>\n\t<meta property=\"og:image:type\" content=\"image\/png\" \/>\n<meta name=\"twitter:card\" content=\"summary_large_image\" \/>\n<meta name=\"twitter:label1\" content=\"Dur\u00e9e de lecture estim\u00e9e\" \/>\n\t<meta name=\"twitter:data1\" content=\"1 minute\" \/>\n<script type=\"application\/ld+json\" class=\"yoast-schema-graph\">{\"@context\":\"https:\/\/schema.org\",\"@graph\":[{\"@type\":\"WebPage\",\"@id\":\"https:\/\/patjaune.re\/index.php\/produit\/confiture-de-curcuma-allege\/\",\"url\":\"https:\/\/patjaune.re\/index.php\/produit\/confiture-de-curcuma-allege\/\",\"name\":\"Confiture de Curcuma (all\u00e9g\u00e9) - patjaune\",\"isPartOf\":{\"@id\":\"https:\/\/patjaune.re\/#website\"},\"datePublished\":\"2023-05-05T08:12:53+00:00\",\"dateModified\":\"2023-05-12T07:26:32+00:00\",\"breadcrumb\":{\"@id\":\"https:\/\/patjaune.re\/index.php\/produit\/confiture-de-curcuma-allege\/#breadcrumb\"},\"inLanguage\":\"fr-FR\",\"potentialAction\":[{\"@type\":\"ReadAction\",\"target\":[\"https:\/\/patjaune.re\/index.php\/produit\/confiture-de-curcuma-allege\/\"]}]},{\"@type\":\"BreadcrumbList\",\"@id\":\"https:\/\/patjaune.re\/index.php\/produit\/confiture-de-curcuma-allege\/#breadcrumb\",\"itemListElement\":[{\"@type\":\"ListItem\",\"position\":1,\"name\":\"Accueil\",\"item\":\"https:\/\/patjaune.re\/\"},{\"@type\":\"ListItem\",\"position\":2,\"name\":\"Boutique\",\"item\":\"https:\/\/patjaune.re\/index.php\/boutique\/\"},{\"@type\":\"ListItem\",\"position\":3,\"name\":\"Confiture de Curcuma (all\u00e9g\u00e9)\"}]},{\"@type\":\"WebSite\",\"@id\":\"https:\/\/patjaune.re\/#website\",\"url\":\"https:\/\/patjaune.re\/\",\"name\":\"patjaune patjaune.re \u00e9picerie fine \u00e0 l'\u00eele de la R\u00e9union 974\",\"description\":\"Patjaune \u00e9pices \u00e0 l&#039;\u00eele de la R\u00e9union\",\"publisher\":{\"@id\":\"https:\/\/patjaune.re\/#organization\"},\"potentialAction\":[{\"@type\":\"SearchAction\",\"target\":{\"@type\":\"EntryPoint\",\"urlTemplate\":\"https:\/\/patjaune.re\/?s={search_term_string}\"},\"query-input\":\"required name=search_term_string\"}],\"inLanguage\":\"fr-FR\"},{\"@type\":\"Organization\",\"@id\":\"https:\/\/patjaune.re\/#organization\",\"name\":\"patjaune patjaune.re \u00e9picerie fine \u00e0 l'\u00eele de la R\u00e9union 974\",\"url\":\"https:\/\/patjaune.re\/\",\"logo\":{\"@type\":\"ImageObject\",\"inLanguage\":\"fr-FR\",\"@id\":\"https:\/\/patjaune.re\/#\/schema\/logo\/image\/\",\"url\":\"https:\/\/patjaune.re\/wp-content\/uploads\/2023\/03\/logo-patjaune-long-ththym-e1683265045996.png\",\"contentUrl\":\"https:\/\/patjaune.re\/wp-content\/uploads\/2023\/03\/logo-patjaune-long-ththym-e1683265045996.png\",\"width\":623,\"height\":528,\"caption\":\"patjaune patjaune.re \u00e9picerie fine \u00e0 l'\u00eele de la R\u00e9union 974\"},\"image\":{\"@id\":\"https:\/\/patjaune.re\/#\/schema\/logo\/image\/\"},\"sameAs\":[\"https:\/\/www.facebook.com\/pat.jaune.reunion\/\"]}]}<\/script>\n<!-- \/ Yoast SEO plugin. -->","yoast_head_json":{"title":"Confiture de Curcuma (all\u00e9g\u00e9) - patjaune","robots":{"index":"index","follow":"follow","max-snippet":"max-snippet:-1","max-image-preview":"max-image-preview:large","max-video-preview":"max-video-preview:-1"},"canonical":"https:\/\/patjaune.re\/index.php\/produit\/confiture-de-curcuma-allege\/","og_locale":"fr_FR","og_type":"article","og_title":"Confiture de Curcuma (all\u00e9g\u00e9) - patjaune","og_description":"Confiture de Curcuma Ingr\u00e9dients: Curcuma, sucre de canne Sans conservateur ni additif ou colorant 100% naturel Valeur \u00e9nerg\u00e9tique Pour 100\u00a0 gr Prot\u00e9ines\u00a0 0 gr Lipides\u00a0\u00a0\u00a0\u00a0\u00a0 0 gr Glucides\u00a0\u00a0 40 gr \u00c9nergie (kCal) 158 kCal &nbsp; En...","og_url":"https:\/\/patjaune.re\/index.php\/produit\/confiture-de-curcuma-allege\/","og_site_name":"patjaune","article_publisher":"https:\/\/www.facebook.com\/pat.jaune.reunion\/","article_modified_time":"2023-05-12T07:26:32+00:00","og_image":[{"width":1000,"height":800,"url":"https:\/\/patjaune.re\/wp-content\/uploads\/2023\/05\/confiture-curcuma.png","type":"image\/png"}],"twitter_card":"summary_large_image","twitter_misc":{"Dur\u00e9e de lecture estim\u00e9e":"1 minute"},"schema":{"@context":"https:\/\/schema.org","@graph":[{"@type":"WebPage","@id":"https:\/\/patjaune.re\/index.php\/produit\/confiture-de-curcuma-allege\/","url":"https:\/\/patjaune.re\/index.php\/produit\/confiture-de-curcuma-allege\/","name":"Confiture de Curcuma (all\u00e9g\u00e9) - patjaune","isPartOf":{"@id":"https:\/\/patjaune.re\/#website"},"datePublished":"2023-05-05T08:12:53+00:00","dateModified":"2023-05-12T07:26:32+00:00","breadcrumb":{"@id":"https:\/\/patjaune.re\/index.php\/produit\/confiture-de-curcuma-allege\/#breadcrumb"},"inLanguage":"fr-FR","potentialAction":[{"@type":"ReadAction","target":["https:\/\/patjaune.re\/index.php\/produit\/confiture-de-curcuma-allege\/"]}]},{"@type":"BreadcrumbList","@id":"https:\/\/patjaune.re\/index.php\/produit\/confiture-de-curcuma-allege\/#breadcrumb","itemListElement":[{"@type":"ListItem","position":1,"name":"Accueil","item":"https:\/\/patjaune.re\/"},{"@type":"ListItem","position":2,"name":"Boutique","item":"https:\/\/patjaune.re\/index.php\/boutique\/"},{"@type":"ListItem","position":3,"name":"Confiture de Curcuma (all\u00e9g\u00e9)"}]},{"@type":"WebSite","@id":"https:\/\/patjaune.re\/#website","url":"https:\/\/patjaune.re\/","name":"patjaune patjaune.re \u00e9picerie fine \u00e0 l'\u00eele de la R\u00e9union 974","description":"Patjaune \u00e9pices \u00e0 l&#039;\u00eele de la R\u00e9union","publisher":{"@id":"https:\/\/patjaune.re\/#organization"},"potentialAction":[{"@type":"SearchAction","target":{"@type":"EntryPoint","urlTemplate":"https:\/\/patjaune.re\/?s={search_term_string}"},"query-input":"required name=search_term_string"}],"inLanguage":"fr-FR"},{"@type":"Organization","@id":"https:\/\/patjaune.re\/#organization","name":"patjaune patjaune.re \u00e9picerie fine \u00e0 l'\u00eele de la R\u00e9union 974","url":"https:\/\/patjaune.re\/","logo":{"@type":"ImageObject","inLanguage":"fr-FR","@id":"https:\/\/patjaune.re\/#\/schema\/logo\/image\/","url":"https:\/\/patjaune.re\/wp-content\/uploads\/2023\/03\/logo-patjaune-long-ththym-e1683265045996.png","contentUrl":"https:\/\/patjaune.re\/wp-content\/uploads\/2023\/03\/logo-patjaune-long-ththym-e1683265045996.png","width":623,"height":528,"caption":"patjaune patjaune.re \u00e9picerie fine \u00e0 l'\u00eele de la R\u00e9union 974"},"image":{"@id":"https:\/\/patjaune.re\/#\/schema\/logo\/image\/"},"sameAs":["https:\/\/www.facebook.com\/pat.jaune.reunion\/"]}]}},"_links":{"self":[{"href":"https:\/\/patjaune.re\/index.php\/wp-json\/wp\/v2\/product\/423","targetHints":{"allow":["GET"]}}],"collection":[{"href":"https:\/\/patjaune.re\/index.php\/wp-json\/wp\/v2\/product"}],"about":[{"href":"https:\/\/patjaune.re\/index.php\/wp-json\/wp\/v2\/types\/product"}],"wp:featuredmedia":[{"embeddable":true,"href":"https:\/\/patjaune.re\/index.php\/wp-json\/wp\/v2\/media\/424"}],"wp:attachment":[{"href":"https:\/\/patjaune.re\/index.php\/wp-json\/wp\/v2\/media?parent=423"}],"wp:term":[{"taxonomy":"product_brand","embeddable":true,"href":"https:\/\/patjaune.re\/index.php\/wp-json\/wp\/v2\/product_brand?post=423"},{"taxonomy":"product_cat","embeddable":true,"href":"https:\/\/patjaune.re\/index.php\/wp-json\/wp\/v2\/product_cat?post=423"},{"taxonomy":"product_tag","embeddable":true,"href":"https:\/\/patjaune.re\/index.php\/wp-json\/wp\/v2\/product_tag?post=423"}],"curies":[{"name":"wp","href":"https:\/\/api.w.org\/{rel}","templated":true}]}}