{"id":399,"date":"2023-04-27T16:13:28","date_gmt":"2023-04-27T14:13:28","guid":{"rendered":"https:\/\/patjaune.re\/?post_type=product&#038;p=399"},"modified":"2023-05-05T11:51:11","modified_gmt":"2023-05-05T09:51:11","slug":"confiture-dananas-victoria-et-de-fruit-de-la-passion","status":"publish","type":"product","link":"https:\/\/patjaune.re\/index.php\/produit\/confiture-dananas-victoria-et-de-fruit-de-la-passion\/","title":{"rendered":"Confiture d&rsquo;Ananas Victoria et de fruit de la passion"},"content":{"rendered":"<h4><strong>Confiture d&rsquo;ananas et de fruits de la passion<\/strong><\/h4>\n<h6><strong>Ingr\u00e9dients:<\/strong><br \/>\nAnanas Victoria, fruit de la passion, sucre de canne<\/h6>\n<h6>Sans conservateur ni additif ou colorant 100% naturel<\/h6>\n<p><em>Valeur \u00e9nerg\u00e9tique<\/em><br \/>\nPour 100\u00a0 gr<br \/>\nProt\u00e9ines\u00a0 1 g<br \/>\nLipides\u00a0\u00a0\u00a0\u00a0\u00a0 0 g<br \/>\nGlucides\u00a0\u00a0 58 g<br \/>\n\u00c9nergie (kCal) 237 kCal<\/p>\n<p>&nbsp;<\/p>\n<p>En pot de 250 gr<\/p>\n<p>Origine: France (R\u00e9union)<\/p>\n<p>D\u00e9couvrez la saveur exotique de notre confiture artisanale d&rsquo;ananas Victoria et de fruit de la passion. Avec une texture fondante en bouche, cette confiture offre un m\u00e9lange unique de douceur sucr\u00e9e et d&rsquo;acidit\u00e9 rafra\u00eechissante. Les ananas Victoria, cultiv\u00e9s exclusivement sur l&rsquo;\u00eele de la R\u00e9union, offrent une saveur intense et sucr\u00e9e tandis que les fruits de la passion ajoutent une touche acidul\u00e9e.<\/p>\n<p>Notre confiture est id\u00e9ale pour le petit d\u00e9jeuner ou pour tartiner sur des biscuits ou du pain grill\u00e9. Vous pouvez \u00e9galement l&rsquo;utiliser pour ajouter une touche exotique \u00e0 vos desserts ou pour napper des glaces. Fabriqu\u00e9e avec des ingr\u00e9dients frais et naturels, notre confiture artisanale est authentique et d\u00e9licieuse.<\/p>\n<p>Ne manquez pas cette occasion de savourer notre confiture d&rsquo;ananas Victoria et de fruit de la passion, qui offre une exp\u00e9rience gustative inoubliable. Commandez maintenant pour d\u00e9couvrir la saveur tropicale qui \u00e9veillera vos papilles gustatives.<\/p>\n<p>&nbsp;<\/p>\n<p>&nbsp;<\/p>\n","protected":false},"excerpt":{"rendered":"<p>Confiture d&rsquo;Ananas Victoria et fruits de la passion<\/p>\n","protected":false},"featured_media":401,"template":"","meta":[],"product_brand":[],"product_cat":[31],"product_tag":[],"class_list":{"0":"post-399","1":"product","2":"type-product","3":"status-publish","4":"has-post-thumbnail","6":"product_cat-confitures-miel","8":"first","9":"instock","10":"purchasable","11":"product-type-simple"},"yoast_head":"<!-- This site is optimized with the Yoast SEO plugin v20.6 - https:\/\/yoast.com\/wordpress\/plugins\/seo\/ -->\n<title>Confiture d&#039;Ananas Victoria et de fruit de la passion - patjaune<\/title>\n<meta name=\"robots\" content=\"index, follow, max-snippet:-1, max-image-preview:large, max-video-preview:-1\" \/>\n<link rel=\"canonical\" href=\"https:\/\/patjaune.re\/index.php\/produit\/confiture-dananas-victoria-et-de-fruit-de-la-passion\/\" \/>\n<meta property=\"og:locale\" content=\"fr_FR\" \/>\n<meta property=\"og:type\" content=\"article\" \/>\n<meta property=\"og:title\" content=\"Confiture d&#039;Ananas Victoria et de fruit de la passion - patjaune\" \/>\n<meta property=\"og:description\" content=\"Confiture d&#039;Ananas Victoria et fruits de la passion\" \/>\n<meta property=\"og:url\" content=\"https:\/\/patjaune.re\/index.php\/produit\/confiture-dananas-victoria-et-de-fruit-de-la-passion\/\" \/>\n<meta property=\"og:site_name\" content=\"patjaune\" \/>\n<meta property=\"article:publisher\" content=\"https:\/\/www.facebook.com\/pat.jaune.reunion\/\" \/>\n<meta property=\"article:modified_time\" content=\"2023-05-05T09:51:11+00:00\" \/>\n<meta property=\"og:image\" content=\"https:\/\/patjaune.re\/wp-content\/uploads\/2023\/04\/Confiture-ananas-passion.png\" \/>\n\t<meta property=\"og:image:width\" content=\"1250\" \/>\n\t<meta property=\"og:image:height\" content=\"1000\" \/>\n\t<meta property=\"og:image:type\" content=\"image\/png\" \/>\n<meta name=\"twitter:card\" content=\"summary_large_image\" \/>\n<meta name=\"twitter:label1\" content=\"Dur\u00e9e de lecture estim\u00e9e\" \/>\n\t<meta name=\"twitter:data1\" content=\"2 minutes\" \/>\n<script type=\"application\/ld+json\" class=\"yoast-schema-graph\">{\"@context\":\"https:\/\/schema.org\",\"@graph\":[{\"@type\":\"WebPage\",\"@id\":\"https:\/\/patjaune.re\/index.php\/produit\/confiture-dananas-victoria-et-de-fruit-de-la-passion\/\",\"url\":\"https:\/\/patjaune.re\/index.php\/produit\/confiture-dananas-victoria-et-de-fruit-de-la-passion\/\",\"name\":\"Confiture d'Ananas Victoria et de fruit de la passion - patjaune\",\"isPartOf\":{\"@id\":\"https:\/\/patjaune.re\/#website\"},\"datePublished\":\"2023-04-27T14:13:28+00:00\",\"dateModified\":\"2023-05-05T09:51:11+00:00\",\"breadcrumb\":{\"@id\":\"https:\/\/patjaune.re\/index.php\/produit\/confiture-dananas-victoria-et-de-fruit-de-la-passion\/#breadcrumb\"},\"inLanguage\":\"fr-FR\",\"potentialAction\":[{\"@type\":\"ReadAction\",\"target\":[\"https:\/\/patjaune.re\/index.php\/produit\/confiture-dananas-victoria-et-de-fruit-de-la-passion\/\"]}]},{\"@type\":\"BreadcrumbList\",\"@id\":\"https:\/\/patjaune.re\/index.php\/produit\/confiture-dananas-victoria-et-de-fruit-de-la-passion\/#breadcrumb\",\"itemListElement\":[{\"@type\":\"ListItem\",\"position\":1,\"name\":\"Accueil\",\"item\":\"https:\/\/patjaune.re\/\"},{\"@type\":\"ListItem\",\"position\":2,\"name\":\"Boutique\",\"item\":\"https:\/\/patjaune.re\/index.php\/boutique\/\"},{\"@type\":\"ListItem\",\"position\":3,\"name\":\"Confiture d&rsquo;Ananas Victoria et de fruit de la passion\"}]},{\"@type\":\"WebSite\",\"@id\":\"https:\/\/patjaune.re\/#website\",\"url\":\"https:\/\/patjaune.re\/\",\"name\":\"patjaune patjaune.re \u00e9picerie fine \u00e0 l'\u00eele de la R\u00e9union 974\",\"description\":\"Patjaune \u00e9pices \u00e0 l&#039;\u00eele de la R\u00e9union\",\"publisher\":{\"@id\":\"https:\/\/patjaune.re\/#organization\"},\"potentialAction\":[{\"@type\":\"SearchAction\",\"target\":{\"@type\":\"EntryPoint\",\"urlTemplate\":\"https:\/\/patjaune.re\/?s={search_term_string}\"},\"query-input\":\"required name=search_term_string\"}],\"inLanguage\":\"fr-FR\"},{\"@type\":\"Organization\",\"@id\":\"https:\/\/patjaune.re\/#organization\",\"name\":\"patjaune patjaune.re \u00e9picerie fine \u00e0 l'\u00eele de la R\u00e9union 974\",\"url\":\"https:\/\/patjaune.re\/\",\"logo\":{\"@type\":\"ImageObject\",\"inLanguage\":\"fr-FR\",\"@id\":\"https:\/\/patjaune.re\/#\/schema\/logo\/image\/\",\"url\":\"https:\/\/patjaune.re\/wp-content\/uploads\/2023\/03\/logo-patjaune-long-ththym-e1683265045996.png\",\"contentUrl\":\"https:\/\/patjaune.re\/wp-content\/uploads\/2023\/03\/logo-patjaune-long-ththym-e1683265045996.png\",\"width\":623,\"height\":528,\"caption\":\"patjaune patjaune.re \u00e9picerie fine \u00e0 l'\u00eele de la R\u00e9union 974\"},\"image\":{\"@id\":\"https:\/\/patjaune.re\/#\/schema\/logo\/image\/\"},\"sameAs\":[\"https:\/\/www.facebook.com\/pat.jaune.reunion\/\"]}]}<\/script>\n<!-- \/ Yoast SEO plugin. -->","yoast_head_json":{"title":"Confiture d'Ananas Victoria et de fruit de la passion - patjaune","robots":{"index":"index","follow":"follow","max-snippet":"max-snippet:-1","max-image-preview":"max-image-preview:large","max-video-preview":"max-video-preview:-1"},"canonical":"https:\/\/patjaune.re\/index.php\/produit\/confiture-dananas-victoria-et-de-fruit-de-la-passion\/","og_locale":"fr_FR","og_type":"article","og_title":"Confiture d'Ananas Victoria et de fruit de la passion - patjaune","og_description":"Confiture d'Ananas Victoria et fruits de la passion","og_url":"https:\/\/patjaune.re\/index.php\/produit\/confiture-dananas-victoria-et-de-fruit-de-la-passion\/","og_site_name":"patjaune","article_publisher":"https:\/\/www.facebook.com\/pat.jaune.reunion\/","article_modified_time":"2023-05-05T09:51:11+00:00","og_image":[{"width":1250,"height":1000,"url":"https:\/\/patjaune.re\/wp-content\/uploads\/2023\/04\/Confiture-ananas-passion.png","type":"image\/png"}],"twitter_card":"summary_large_image","twitter_misc":{"Dur\u00e9e de lecture estim\u00e9e":"2 minutes"},"schema":{"@context":"https:\/\/schema.org","@graph":[{"@type":"WebPage","@id":"https:\/\/patjaune.re\/index.php\/produit\/confiture-dananas-victoria-et-de-fruit-de-la-passion\/","url":"https:\/\/patjaune.re\/index.php\/produit\/confiture-dananas-victoria-et-de-fruit-de-la-passion\/","name":"Confiture d'Ananas Victoria et de fruit de la passion - patjaune","isPartOf":{"@id":"https:\/\/patjaune.re\/#website"},"datePublished":"2023-04-27T14:13:28+00:00","dateModified":"2023-05-05T09:51:11+00:00","breadcrumb":{"@id":"https:\/\/patjaune.re\/index.php\/produit\/confiture-dananas-victoria-et-de-fruit-de-la-passion\/#breadcrumb"},"inLanguage":"fr-FR","potentialAction":[{"@type":"ReadAction","target":["https:\/\/patjaune.re\/index.php\/produit\/confiture-dananas-victoria-et-de-fruit-de-la-passion\/"]}]},{"@type":"BreadcrumbList","@id":"https:\/\/patjaune.re\/index.php\/produit\/confiture-dananas-victoria-et-de-fruit-de-la-passion\/#breadcrumb","itemListElement":[{"@type":"ListItem","position":1,"name":"Accueil","item":"https:\/\/patjaune.re\/"},{"@type":"ListItem","position":2,"name":"Boutique","item":"https:\/\/patjaune.re\/index.php\/boutique\/"},{"@type":"ListItem","position":3,"name":"Confiture d&rsquo;Ananas Victoria et de fruit de la passion"}]},{"@type":"WebSite","@id":"https:\/\/patjaune.re\/#website","url":"https:\/\/patjaune.re\/","name":"patjaune patjaune.re \u00e9picerie fine \u00e0 l'\u00eele de la R\u00e9union 974","description":"Patjaune \u00e9pices \u00e0 l&#039;\u00eele de la R\u00e9union","publisher":{"@id":"https:\/\/patjaune.re\/#organization"},"potentialAction":[{"@type":"SearchAction","target":{"@type":"EntryPoint","urlTemplate":"https:\/\/patjaune.re\/?s={search_term_string}"},"query-input":"required name=search_term_string"}],"inLanguage":"fr-FR"},{"@type":"Organization","@id":"https:\/\/patjaune.re\/#organization","name":"patjaune patjaune.re \u00e9picerie fine \u00e0 l'\u00eele de la R\u00e9union 974","url":"https:\/\/patjaune.re\/","logo":{"@type":"ImageObject","inLanguage":"fr-FR","@id":"https:\/\/patjaune.re\/#\/schema\/logo\/image\/","url":"https:\/\/patjaune.re\/wp-content\/uploads\/2023\/03\/logo-patjaune-long-ththym-e1683265045996.png","contentUrl":"https:\/\/patjaune.re\/wp-content\/uploads\/2023\/03\/logo-patjaune-long-ththym-e1683265045996.png","width":623,"height":528,"caption":"patjaune patjaune.re \u00e9picerie fine \u00e0 l'\u00eele de la R\u00e9union 974"},"image":{"@id":"https:\/\/patjaune.re\/#\/schema\/logo\/image\/"},"sameAs":["https:\/\/www.facebook.com\/pat.jaune.reunion\/"]}]}},"_links":{"self":[{"href":"https:\/\/patjaune.re\/index.php\/wp-json\/wp\/v2\/product\/399","targetHints":{"allow":["GET"]}}],"collection":[{"href":"https:\/\/patjaune.re\/index.php\/wp-json\/wp\/v2\/product"}],"about":[{"href":"https:\/\/patjaune.re\/index.php\/wp-json\/wp\/v2\/types\/product"}],"wp:featuredmedia":[{"embeddable":true,"href":"https:\/\/patjaune.re\/index.php\/wp-json\/wp\/v2\/media\/401"}],"wp:attachment":[{"href":"https:\/\/patjaune.re\/index.php\/wp-json\/wp\/v2\/media?parent=399"}],"wp:term":[{"taxonomy":"product_brand","embeddable":true,"href":"https:\/\/patjaune.re\/index.php\/wp-json\/wp\/v2\/product_brand?post=399"},{"taxonomy":"product_cat","embeddable":true,"href":"https:\/\/patjaune.re\/index.php\/wp-json\/wp\/v2\/product_cat?post=399"},{"taxonomy":"product_tag","embeddable":true,"href":"https:\/\/patjaune.re\/index.php\/wp-json\/wp\/v2\/product_tag?post=399"}],"curies":[{"name":"wp","href":"https:\/\/api.w.org\/{rel}","templated":true}]}}