{"id":389,"date":"2023-04-26T21:23:58","date_gmt":"2023-04-26T19:23:58","guid":{"rendered":"https:\/\/patjaune.re\/?post_type=product&#038;p=389"},"modified":"2023-05-05T14:21:08","modified_gmt":"2023-05-05T12:21:08","slug":"ananas-victoria-et-citron-confis-a-la-sauce-piquante","status":"publish","type":"product","link":"https:\/\/patjaune.re\/index.php\/produit\/ananas-victoria-et-citron-confis-a-la-sauce-piquante\/","title":{"rendered":"Ananas victoria et citron confit \u00e0 la sauce piquante"},"content":{"rendered":"<h4><strong>Ananas Victoria et citron confit \u00e0 la sauce piquante<\/strong><\/h4>\n<p><strong>Ingr\u00e9dients:<\/strong><\/p>\n<p>Ananas victoria, Citron confit, sauce piquante, huile, sel<\/p>\n<p>Poids net: 125gr<\/p>\n<p>Fabrication R\u00e9union<\/p>\n<p>D\u00e9couvrez notre d\u00e9licieuse sauce aigre-douce \u00e0 l&rsquo;ananas Victoria et citron confit, pr\u00e9par\u00e9e avec des ingr\u00e9dients frais de qualit\u00e9. Cette sauce apporte une touche exotique \u00e0 vos plats asiatiques pr\u00e9f\u00e9r\u00e9s, tels que les nems, les samoussas et les brochettes de poulet grill\u00e9. Vous pouvez \u00e9galement l&rsquo;utiliser pour agr\u00e9menter vos l\u00e9gumes saut\u00e9s ou pour napper vos plats de riz. La saveur unique de l&rsquo;ananas Victoria et le zeste du citron confit conf\u00e8rent \u00e0 cette sauce un go\u00fbt acidul\u00e9 et l\u00e9g\u00e8rement sucr\u00e9. Commandez d\u00e8s maintenant et ajoutez une touche de fra\u00eecheur \u00e0 votre cuisine !<\/p>\n","protected":false},"excerpt":{"rendered":"<p>Ananas victoria citron confis \u00e0 la sauce piquante<\/p>\n","protected":false},"featured_media":390,"template":"","meta":[],"product_brand":[],"product_cat":[29],"product_tag":[],"class_list":{"0":"post-389","1":"product","2":"type-product","3":"status-publish","4":"has-post-thumbnail","6":"product_cat-piments","8":"first","9":"instock","10":"purchasable","11":"product-type-simple"},"yoast_head":"<!-- This site is optimized with the Yoast SEO plugin v20.6 - https:\/\/yoast.com\/wordpress\/plugins\/seo\/ -->\n<title>Ananas victoria et citron confit \u00e0 la sauce piquante - patjaune<\/title>\n<meta name=\"robots\" content=\"index, follow, max-snippet:-1, max-image-preview:large, max-video-preview:-1\" \/>\n<link rel=\"canonical\" href=\"https:\/\/patjaune.re\/index.php\/produit\/ananas-victoria-et-citron-confis-a-la-sauce-piquante\/\" \/>\n<meta property=\"og:locale\" content=\"fr_FR\" \/>\n<meta property=\"og:type\" content=\"article\" \/>\n<meta property=\"og:title\" content=\"Ananas victoria et citron confit \u00e0 la sauce piquante - patjaune\" \/>\n<meta property=\"og:description\" content=\"Ananas victoria citron confis \u00e0 la sauce piquante\" \/>\n<meta property=\"og:url\" content=\"https:\/\/patjaune.re\/index.php\/produit\/ananas-victoria-et-citron-confis-a-la-sauce-piquante\/\" \/>\n<meta property=\"og:site_name\" content=\"patjaune\" \/>\n<meta property=\"article:publisher\" content=\"https:\/\/www.facebook.com\/pat.jaune.reunion\/\" \/>\n<meta property=\"article:modified_time\" content=\"2023-05-05T12:21:08+00:00\" \/>\n<meta property=\"og:image\" content=\"https:\/\/patjaune.re\/wp-content\/uploads\/2023\/04\/ananas-citron-confit.png\" \/>\n\t<meta property=\"og:image:width\" content=\"1000\" \/>\n\t<meta property=\"og:image:height\" content=\"800\" \/>\n\t<meta property=\"og:image:type\" content=\"image\/png\" \/>\n<meta name=\"twitter:card\" content=\"summary_large_image\" \/>\n<meta name=\"twitter:label1\" content=\"Dur\u00e9e de lecture estim\u00e9e\" \/>\n\t<meta name=\"twitter:data1\" content=\"1 minute\" \/>\n<script type=\"application\/ld+json\" class=\"yoast-schema-graph\">{\"@context\":\"https:\/\/schema.org\",\"@graph\":[{\"@type\":\"WebPage\",\"@id\":\"https:\/\/patjaune.re\/index.php\/produit\/ananas-victoria-et-citron-confis-a-la-sauce-piquante\/\",\"url\":\"https:\/\/patjaune.re\/index.php\/produit\/ananas-victoria-et-citron-confis-a-la-sauce-piquante\/\",\"name\":\"Ananas victoria et citron confit \u00e0 la sauce piquante - patjaune\",\"isPartOf\":{\"@id\":\"https:\/\/patjaune.re\/#website\"},\"datePublished\":\"2023-04-26T19:23:58+00:00\",\"dateModified\":\"2023-05-05T12:21:08+00:00\",\"breadcrumb\":{\"@id\":\"https:\/\/patjaune.re\/index.php\/produit\/ananas-victoria-et-citron-confis-a-la-sauce-piquante\/#breadcrumb\"},\"inLanguage\":\"fr-FR\",\"potentialAction\":[{\"@type\":\"ReadAction\",\"target\":[\"https:\/\/patjaune.re\/index.php\/produit\/ananas-victoria-et-citron-confis-a-la-sauce-piquante\/\"]}]},{\"@type\":\"BreadcrumbList\",\"@id\":\"https:\/\/patjaune.re\/index.php\/produit\/ananas-victoria-et-citron-confis-a-la-sauce-piquante\/#breadcrumb\",\"itemListElement\":[{\"@type\":\"ListItem\",\"position\":1,\"name\":\"Accueil\",\"item\":\"https:\/\/patjaune.re\/\"},{\"@type\":\"ListItem\",\"position\":2,\"name\":\"Boutique\",\"item\":\"https:\/\/patjaune.re\/index.php\/boutique\/\"},{\"@type\":\"ListItem\",\"position\":3,\"name\":\"Ananas victoria et citron confit \u00e0 la sauce piquante\"}]},{\"@type\":\"WebSite\",\"@id\":\"https:\/\/patjaune.re\/#website\",\"url\":\"https:\/\/patjaune.re\/\",\"name\":\"patjaune patjaune.re \u00e9picerie fine \u00e0 l'\u00eele de la R\u00e9union 974\",\"description\":\"Patjaune \u00e9pices \u00e0 l&#039;\u00eele de la R\u00e9union\",\"publisher\":{\"@id\":\"https:\/\/patjaune.re\/#organization\"},\"potentialAction\":[{\"@type\":\"SearchAction\",\"target\":{\"@type\":\"EntryPoint\",\"urlTemplate\":\"https:\/\/patjaune.re\/?s={search_term_string}\"},\"query-input\":\"required name=search_term_string\"}],\"inLanguage\":\"fr-FR\"},{\"@type\":\"Organization\",\"@id\":\"https:\/\/patjaune.re\/#organization\",\"name\":\"patjaune patjaune.re \u00e9picerie fine \u00e0 l'\u00eele de la R\u00e9union 974\",\"url\":\"https:\/\/patjaune.re\/\",\"logo\":{\"@type\":\"ImageObject\",\"inLanguage\":\"fr-FR\",\"@id\":\"https:\/\/patjaune.re\/#\/schema\/logo\/image\/\",\"url\":\"https:\/\/patjaune.re\/wp-content\/uploads\/2023\/03\/logo-patjaune-long-ththym-e1683265045996.png\",\"contentUrl\":\"https:\/\/patjaune.re\/wp-content\/uploads\/2023\/03\/logo-patjaune-long-ththym-e1683265045996.png\",\"width\":623,\"height\":528,\"caption\":\"patjaune patjaune.re \u00e9picerie fine \u00e0 l'\u00eele de la R\u00e9union 974\"},\"image\":{\"@id\":\"https:\/\/patjaune.re\/#\/schema\/logo\/image\/\"},\"sameAs\":[\"https:\/\/www.facebook.com\/pat.jaune.reunion\/\"]}]}<\/script>\n<!-- \/ Yoast SEO plugin. -->","yoast_head_json":{"title":"Ananas victoria et citron confit \u00e0 la sauce piquante - patjaune","robots":{"index":"index","follow":"follow","max-snippet":"max-snippet:-1","max-image-preview":"max-image-preview:large","max-video-preview":"max-video-preview:-1"},"canonical":"https:\/\/patjaune.re\/index.php\/produit\/ananas-victoria-et-citron-confis-a-la-sauce-piquante\/","og_locale":"fr_FR","og_type":"article","og_title":"Ananas victoria et citron confit \u00e0 la sauce piquante - patjaune","og_description":"Ananas victoria citron confis \u00e0 la sauce piquante","og_url":"https:\/\/patjaune.re\/index.php\/produit\/ananas-victoria-et-citron-confis-a-la-sauce-piquante\/","og_site_name":"patjaune","article_publisher":"https:\/\/www.facebook.com\/pat.jaune.reunion\/","article_modified_time":"2023-05-05T12:21:08+00:00","og_image":[{"width":1000,"height":800,"url":"https:\/\/patjaune.re\/wp-content\/uploads\/2023\/04\/ananas-citron-confit.png","type":"image\/png"}],"twitter_card":"summary_large_image","twitter_misc":{"Dur\u00e9e de lecture estim\u00e9e":"1 minute"},"schema":{"@context":"https:\/\/schema.org","@graph":[{"@type":"WebPage","@id":"https:\/\/patjaune.re\/index.php\/produit\/ananas-victoria-et-citron-confis-a-la-sauce-piquante\/","url":"https:\/\/patjaune.re\/index.php\/produit\/ananas-victoria-et-citron-confis-a-la-sauce-piquante\/","name":"Ananas victoria et citron confit \u00e0 la sauce piquante - patjaune","isPartOf":{"@id":"https:\/\/patjaune.re\/#website"},"datePublished":"2023-04-26T19:23:58+00:00","dateModified":"2023-05-05T12:21:08+00:00","breadcrumb":{"@id":"https:\/\/patjaune.re\/index.php\/produit\/ananas-victoria-et-citron-confis-a-la-sauce-piquante\/#breadcrumb"},"inLanguage":"fr-FR","potentialAction":[{"@type":"ReadAction","target":["https:\/\/patjaune.re\/index.php\/produit\/ananas-victoria-et-citron-confis-a-la-sauce-piquante\/"]}]},{"@type":"BreadcrumbList","@id":"https:\/\/patjaune.re\/index.php\/produit\/ananas-victoria-et-citron-confis-a-la-sauce-piquante\/#breadcrumb","itemListElement":[{"@type":"ListItem","position":1,"name":"Accueil","item":"https:\/\/patjaune.re\/"},{"@type":"ListItem","position":2,"name":"Boutique","item":"https:\/\/patjaune.re\/index.php\/boutique\/"},{"@type":"ListItem","position":3,"name":"Ananas victoria et citron confit \u00e0 la sauce piquante"}]},{"@type":"WebSite","@id":"https:\/\/patjaune.re\/#website","url":"https:\/\/patjaune.re\/","name":"patjaune patjaune.re \u00e9picerie fine \u00e0 l'\u00eele de la R\u00e9union 974","description":"Patjaune \u00e9pices \u00e0 l&#039;\u00eele de la R\u00e9union","publisher":{"@id":"https:\/\/patjaune.re\/#organization"},"potentialAction":[{"@type":"SearchAction","target":{"@type":"EntryPoint","urlTemplate":"https:\/\/patjaune.re\/?s={search_term_string}"},"query-input":"required name=search_term_string"}],"inLanguage":"fr-FR"},{"@type":"Organization","@id":"https:\/\/patjaune.re\/#organization","name":"patjaune patjaune.re \u00e9picerie fine \u00e0 l'\u00eele de la R\u00e9union 974","url":"https:\/\/patjaune.re\/","logo":{"@type":"ImageObject","inLanguage":"fr-FR","@id":"https:\/\/patjaune.re\/#\/schema\/logo\/image\/","url":"https:\/\/patjaune.re\/wp-content\/uploads\/2023\/03\/logo-patjaune-long-ththym-e1683265045996.png","contentUrl":"https:\/\/patjaune.re\/wp-content\/uploads\/2023\/03\/logo-patjaune-long-ththym-e1683265045996.png","width":623,"height":528,"caption":"patjaune patjaune.re \u00e9picerie fine \u00e0 l'\u00eele de la R\u00e9union 974"},"image":{"@id":"https:\/\/patjaune.re\/#\/schema\/logo\/image\/"},"sameAs":["https:\/\/www.facebook.com\/pat.jaune.reunion\/"]}]}},"_links":{"self":[{"href":"https:\/\/patjaune.re\/index.php\/wp-json\/wp\/v2\/product\/389","targetHints":{"allow":["GET"]}}],"collection":[{"href":"https:\/\/patjaune.re\/index.php\/wp-json\/wp\/v2\/product"}],"about":[{"href":"https:\/\/patjaune.re\/index.php\/wp-json\/wp\/v2\/types\/product"}],"wp:featuredmedia":[{"embeddable":true,"href":"https:\/\/patjaune.re\/index.php\/wp-json\/wp\/v2\/media\/390"}],"wp:attachment":[{"href":"https:\/\/patjaune.re\/index.php\/wp-json\/wp\/v2\/media?parent=389"}],"wp:term":[{"taxonomy":"product_brand","embeddable":true,"href":"https:\/\/patjaune.re\/index.php\/wp-json\/wp\/v2\/product_brand?post=389"},{"taxonomy":"product_cat","embeddable":true,"href":"https:\/\/patjaune.re\/index.php\/wp-json\/wp\/v2\/product_cat?post=389"},{"taxonomy":"product_tag","embeddable":true,"href":"https:\/\/patjaune.re\/index.php\/wp-json\/wp\/v2\/product_tag?post=389"}],"curies":[{"name":"wp","href":"https:\/\/api.w.org\/{rel}","templated":true}]}}