{"id":383,"date":"2023-04-26T20:49:41","date_gmt":"2023-04-26T18:49:41","guid":{"rendered":"https:\/\/patjaune.re\/?post_type=product&#038;p=383"},"modified":"2023-05-05T14:59:53","modified_gmt":"2023-05-05T12:59:53","slug":"pate-piment-oiseau-pistache-cacahuete","status":"publish","type":"product","link":"https:\/\/patjaune.re\/index.php\/produit\/pate-piment-oiseau-pistache-cacahuete\/","title":{"rendered":"P\u00e2te piment oiseau Pistache (cacahu\u00e8te)"},"content":{"rendered":"<p>P\u00e2te piment oiseau pistache (cacahu\u00e8te)<\/p>\n<p><strong>Ingr\u00e9dients:<\/strong><\/p>\n<p>Piments oiseau, cacahu\u00e8te, vinaigre, huile, sel<\/p>\n<p>Poids net: 125gr<\/p>\n<p>Fabrication R\u00e9union<\/p>\n<div class=\"flex flex-grow flex-col gap-3\">\n<div class=\"min-h-[20px] flex flex-col items-start gap-4 whitespace-pre-wrap break-words\">\n<div class=\"markdown prose w-full break-words dark:prose-invert light\">La p\u00e2te de piment oiseau \u00e0 la cacahu\u00e8te est une explosion de saveurs \u00e9pic\u00e9es et croquantes dans votre bouche. Les piments oiseaux sont soigneusement s\u00e9lectionn\u00e9s et m\u00e9lang\u00e9s avec des cacahu\u00e8tes grill\u00e9es pour cr\u00e9er une texture unique et d\u00e9licieuse. Cette p\u00e2te de piment est id\u00e9ale pour rehausser la saveur de vos plats, que ce soit pour une marinade ou pour donner un coup de fouet \u00e0 vos plats saut\u00e9s. Essayez-la avec du poulet, du porc ou m\u00eame des l\u00e9gumes saut\u00e9s pour une exp\u00e9rience culinaire exquise. Commandez d\u00e8s maintenant pour ajouter une touche de piquant et de croquant \u00e0 votre cuisine !<\/div>\n<\/div>\n<\/div>\n","protected":false},"excerpt":{"rendered":"<p>P\u00e2te piment oiseau pistache (cacahu\u00e8te)<\/p>\n","protected":false},"featured_media":384,"template":"","meta":[],"product_brand":[],"product_cat":[29],"product_tag":[46],"class_list":{"0":"post-383","1":"product","2":"type-product","3":"status-publish","4":"has-post-thumbnail","6":"product_cat-piments","7":"product_tag-pate-piment-pistache-cacahuete","9":"first","10":"instock","11":"purchasable","12":"product-type-simple"},"yoast_head":"<!-- This site is optimized with the Yoast SEO plugin v20.6 - https:\/\/yoast.com\/wordpress\/plugins\/seo\/ -->\n<title>P\u00e2te piment oiseau Pistache (cacahu\u00e8te) - patjaune<\/title>\n<meta name=\"robots\" content=\"index, follow, max-snippet:-1, max-image-preview:large, max-video-preview:-1\" \/>\n<link rel=\"canonical\" href=\"https:\/\/patjaune.re\/index.php\/produit\/pate-piment-oiseau-pistache-cacahuete\/\" \/>\n<meta property=\"og:locale\" content=\"fr_FR\" \/>\n<meta property=\"og:type\" content=\"article\" \/>\n<meta property=\"og:title\" content=\"P\u00e2te piment oiseau Pistache (cacahu\u00e8te) - patjaune\" \/>\n<meta property=\"og:description\" content=\"P\u00e2te piment oiseau pistache (cacahu\u00e8te)\" \/>\n<meta property=\"og:url\" content=\"https:\/\/patjaune.re\/index.php\/produit\/pate-piment-oiseau-pistache-cacahuete\/\" \/>\n<meta property=\"og:site_name\" content=\"patjaune\" \/>\n<meta property=\"article:publisher\" content=\"https:\/\/www.facebook.com\/pat.jaune.reunion\/\" \/>\n<meta property=\"article:modified_time\" content=\"2023-05-05T12:59:53+00:00\" \/>\n<meta property=\"og:image\" content=\"https:\/\/patjaune.re\/wp-content\/uploads\/2023\/04\/pistache.png\" \/>\n\t<meta property=\"og:image:width\" content=\"1000\" \/>\n\t<meta property=\"og:image:height\" content=\"800\" \/>\n\t<meta property=\"og:image:type\" content=\"image\/png\" \/>\n<meta name=\"twitter:card\" content=\"summary_large_image\" \/>\n<meta name=\"twitter:label1\" content=\"Dur\u00e9e de lecture estim\u00e9e\" \/>\n\t<meta name=\"twitter:data1\" content=\"1 minute\" \/>\n<script type=\"application\/ld+json\" class=\"yoast-schema-graph\">{\"@context\":\"https:\/\/schema.org\",\"@graph\":[{\"@type\":\"WebPage\",\"@id\":\"https:\/\/patjaune.re\/index.php\/produit\/pate-piment-oiseau-pistache-cacahuete\/\",\"url\":\"https:\/\/patjaune.re\/index.php\/produit\/pate-piment-oiseau-pistache-cacahuete\/\",\"name\":\"P\u00e2te piment oiseau Pistache (cacahu\u00e8te) - patjaune\",\"isPartOf\":{\"@id\":\"https:\/\/patjaune.re\/#website\"},\"datePublished\":\"2023-04-26T18:49:41+00:00\",\"dateModified\":\"2023-05-05T12:59:53+00:00\",\"breadcrumb\":{\"@id\":\"https:\/\/patjaune.re\/index.php\/produit\/pate-piment-oiseau-pistache-cacahuete\/#breadcrumb\"},\"inLanguage\":\"fr-FR\",\"potentialAction\":[{\"@type\":\"ReadAction\",\"target\":[\"https:\/\/patjaune.re\/index.php\/produit\/pate-piment-oiseau-pistache-cacahuete\/\"]}]},{\"@type\":\"BreadcrumbList\",\"@id\":\"https:\/\/patjaune.re\/index.php\/produit\/pate-piment-oiseau-pistache-cacahuete\/#breadcrumb\",\"itemListElement\":[{\"@type\":\"ListItem\",\"position\":1,\"name\":\"Accueil\",\"item\":\"https:\/\/patjaune.re\/\"},{\"@type\":\"ListItem\",\"position\":2,\"name\":\"Boutique\",\"item\":\"https:\/\/patjaune.re\/index.php\/boutique\/\"},{\"@type\":\"ListItem\",\"position\":3,\"name\":\"P\u00e2te piment oiseau Pistache (cacahu\u00e8te)\"}]},{\"@type\":\"WebSite\",\"@id\":\"https:\/\/patjaune.re\/#website\",\"url\":\"https:\/\/patjaune.re\/\",\"name\":\"patjaune patjaune.re \u00e9picerie fine \u00e0 l'\u00eele de la R\u00e9union 974\",\"description\":\"Patjaune \u00e9pices \u00e0 l&#039;\u00eele de la R\u00e9union\",\"publisher\":{\"@id\":\"https:\/\/patjaune.re\/#organization\"},\"potentialAction\":[{\"@type\":\"SearchAction\",\"target\":{\"@type\":\"EntryPoint\",\"urlTemplate\":\"https:\/\/patjaune.re\/?s={search_term_string}\"},\"query-input\":\"required name=search_term_string\"}],\"inLanguage\":\"fr-FR\"},{\"@type\":\"Organization\",\"@id\":\"https:\/\/patjaune.re\/#organization\",\"name\":\"patjaune patjaune.re \u00e9picerie fine \u00e0 l'\u00eele de la R\u00e9union 974\",\"url\":\"https:\/\/patjaune.re\/\",\"logo\":{\"@type\":\"ImageObject\",\"inLanguage\":\"fr-FR\",\"@id\":\"https:\/\/patjaune.re\/#\/schema\/logo\/image\/\",\"url\":\"https:\/\/patjaune.re\/wp-content\/uploads\/2023\/03\/logo-patjaune-long-ththym-e1683265045996.png\",\"contentUrl\":\"https:\/\/patjaune.re\/wp-content\/uploads\/2023\/03\/logo-patjaune-long-ththym-e1683265045996.png\",\"width\":623,\"height\":528,\"caption\":\"patjaune patjaune.re \u00e9picerie fine \u00e0 l'\u00eele de la R\u00e9union 974\"},\"image\":{\"@id\":\"https:\/\/patjaune.re\/#\/schema\/logo\/image\/\"},\"sameAs\":[\"https:\/\/www.facebook.com\/pat.jaune.reunion\/\"]}]}<\/script>\n<!-- \/ Yoast SEO plugin. -->","yoast_head_json":{"title":"P\u00e2te piment oiseau Pistache (cacahu\u00e8te) - patjaune","robots":{"index":"index","follow":"follow","max-snippet":"max-snippet:-1","max-image-preview":"max-image-preview:large","max-video-preview":"max-video-preview:-1"},"canonical":"https:\/\/patjaune.re\/index.php\/produit\/pate-piment-oiseau-pistache-cacahuete\/","og_locale":"fr_FR","og_type":"article","og_title":"P\u00e2te piment oiseau Pistache (cacahu\u00e8te) - patjaune","og_description":"P\u00e2te piment oiseau pistache (cacahu\u00e8te)","og_url":"https:\/\/patjaune.re\/index.php\/produit\/pate-piment-oiseau-pistache-cacahuete\/","og_site_name":"patjaune","article_publisher":"https:\/\/www.facebook.com\/pat.jaune.reunion\/","article_modified_time":"2023-05-05T12:59:53+00:00","og_image":[{"width":1000,"height":800,"url":"https:\/\/patjaune.re\/wp-content\/uploads\/2023\/04\/pistache.png","type":"image\/png"}],"twitter_card":"summary_large_image","twitter_misc":{"Dur\u00e9e de lecture estim\u00e9e":"1 minute"},"schema":{"@context":"https:\/\/schema.org","@graph":[{"@type":"WebPage","@id":"https:\/\/patjaune.re\/index.php\/produit\/pate-piment-oiseau-pistache-cacahuete\/","url":"https:\/\/patjaune.re\/index.php\/produit\/pate-piment-oiseau-pistache-cacahuete\/","name":"P\u00e2te piment oiseau Pistache (cacahu\u00e8te) - patjaune","isPartOf":{"@id":"https:\/\/patjaune.re\/#website"},"datePublished":"2023-04-26T18:49:41+00:00","dateModified":"2023-05-05T12:59:53+00:00","breadcrumb":{"@id":"https:\/\/patjaune.re\/index.php\/produit\/pate-piment-oiseau-pistache-cacahuete\/#breadcrumb"},"inLanguage":"fr-FR","potentialAction":[{"@type":"ReadAction","target":["https:\/\/patjaune.re\/index.php\/produit\/pate-piment-oiseau-pistache-cacahuete\/"]}]},{"@type":"BreadcrumbList","@id":"https:\/\/patjaune.re\/index.php\/produit\/pate-piment-oiseau-pistache-cacahuete\/#breadcrumb","itemListElement":[{"@type":"ListItem","position":1,"name":"Accueil","item":"https:\/\/patjaune.re\/"},{"@type":"ListItem","position":2,"name":"Boutique","item":"https:\/\/patjaune.re\/index.php\/boutique\/"},{"@type":"ListItem","position":3,"name":"P\u00e2te piment oiseau Pistache (cacahu\u00e8te)"}]},{"@type":"WebSite","@id":"https:\/\/patjaune.re\/#website","url":"https:\/\/patjaune.re\/","name":"patjaune patjaune.re \u00e9picerie fine \u00e0 l'\u00eele de la R\u00e9union 974","description":"Patjaune \u00e9pices \u00e0 l&#039;\u00eele de la R\u00e9union","publisher":{"@id":"https:\/\/patjaune.re\/#organization"},"potentialAction":[{"@type":"SearchAction","target":{"@type":"EntryPoint","urlTemplate":"https:\/\/patjaune.re\/?s={search_term_string}"},"query-input":"required name=search_term_string"}],"inLanguage":"fr-FR"},{"@type":"Organization","@id":"https:\/\/patjaune.re\/#organization","name":"patjaune patjaune.re \u00e9picerie fine \u00e0 l'\u00eele de la R\u00e9union 974","url":"https:\/\/patjaune.re\/","logo":{"@type":"ImageObject","inLanguage":"fr-FR","@id":"https:\/\/patjaune.re\/#\/schema\/logo\/image\/","url":"https:\/\/patjaune.re\/wp-content\/uploads\/2023\/03\/logo-patjaune-long-ththym-e1683265045996.png","contentUrl":"https:\/\/patjaune.re\/wp-content\/uploads\/2023\/03\/logo-patjaune-long-ththym-e1683265045996.png","width":623,"height":528,"caption":"patjaune patjaune.re \u00e9picerie fine \u00e0 l'\u00eele de la R\u00e9union 974"},"image":{"@id":"https:\/\/patjaune.re\/#\/schema\/logo\/image\/"},"sameAs":["https:\/\/www.facebook.com\/pat.jaune.reunion\/"]}]}},"_links":{"self":[{"href":"https:\/\/patjaune.re\/index.php\/wp-json\/wp\/v2\/product\/383","targetHints":{"allow":["GET"]}}],"collection":[{"href":"https:\/\/patjaune.re\/index.php\/wp-json\/wp\/v2\/product"}],"about":[{"href":"https:\/\/patjaune.re\/index.php\/wp-json\/wp\/v2\/types\/product"}],"wp:featuredmedia":[{"embeddable":true,"href":"https:\/\/patjaune.re\/index.php\/wp-json\/wp\/v2\/media\/384"}],"wp:attachment":[{"href":"https:\/\/patjaune.re\/index.php\/wp-json\/wp\/v2\/media?parent=383"}],"wp:term":[{"taxonomy":"product_brand","embeddable":true,"href":"https:\/\/patjaune.re\/index.php\/wp-json\/wp\/v2\/product_brand?post=383"},{"taxonomy":"product_cat","embeddable":true,"href":"https:\/\/patjaune.re\/index.php\/wp-json\/wp\/v2\/product_cat?post=383"},{"taxonomy":"product_tag","embeddable":true,"href":"https:\/\/patjaune.re\/index.php\/wp-json\/wp\/v2\/product_tag?post=383"}],"curies":[{"name":"wp","href":"https:\/\/api.w.org\/{rel}","templated":true}]}}