{"id":379,"date":"2023-04-26T20:30:50","date_gmt":"2023-04-26T18:30:50","guid":{"rendered":"https:\/\/patjaune.re\/?post_type=product&#038;p=379"},"modified":"2023-05-05T15:49:33","modified_gmt":"2023-05-05T13:49:33","slug":"achards-citron","status":"publish","type":"product","link":"https:\/\/patjaune.re\/index.php\/produit\/achards-citron\/","title":{"rendered":"Achards Citron"},"content":{"rendered":"<h4><strong>Achards de Citron jaune<\/strong><\/h4>\n<p><strong>Ingr\u00e9dients:<\/strong><\/p>\n<p>Citron jaune,Piments oiseau, curcuma, Cumin, vinaigre, huile, sel<\/p>\n<p>Poids net: 125gr<\/p>\n<p>Fabrication R\u00e9union<\/p>\n<div class=\"flex flex-grow flex-col gap-3\">\n<div class=\"min-h-[20px] flex flex-col items-start gap-4 whitespace-pre-wrap break-words\">\n<div class=\"markdown prose w-full break-words dark:prose-invert light\">\n<p>Les achards de citron jaune, une explosion de saveurs !<\/p>\n<p>Pr\u00e9par\u00e9s avec soin \u00e0 partir de citrons frais, ces achards sont un v\u00e9ritable d\u00e9lice pour les papilles. Avec leur saveur acidul\u00e9e et leur piquant juste ce qu&rsquo;il faut, ils sont parfaits pour accompagner tous vos plats pr\u00e9f\u00e9r\u00e9s.<\/p>\n<p>De plus, leur texture croquante apportera une touche de fra\u00eecheur \u00e0 n&rsquo;importe quelle salade ou sandwich. Essayez-les avec du riz, des l\u00e9gumes grill\u00e9s ou m\u00eame de la viande pour une exp\u00e9rience gustative inoubliable.<\/p>\n<p>Les achards de citron jaune sont pr\u00e9par\u00e9s \u00e0 partir d&rsquo;ingr\u00e9dients frais et naturels, sans conservateurs ni additifs artificiels. Avec leur go\u00fbt unique et leur texture croquante, ils sont la touche parfaite pour relever n&rsquo;importe quel plat.<\/p>\n<p>Alors, n&rsquo;h\u00e9sitez plus et d\u00e9couvrez cette sp\u00e9cialit\u00e9 culinaire incontournable de l&rsquo;\u00eele de la R\u00e9union. Les achards de citron jaune seront la touche finale qui rendra vos plats encore plus savoureux.<\/p>\n<\/div>\n<\/div>\n<\/div>\n","protected":false},"excerpt":{"rendered":"<p>Achards citron<\/p>\n","protected":false},"featured_media":380,"template":"","meta":[],"product_brand":[],"product_cat":[30],"product_tag":[44],"class_list":{"0":"post-379","1":"product","2":"type-product","3":"status-publish","4":"has-post-thumbnail","6":"product_cat-achards","7":"product_tag-achards-citron","9":"first","10":"instock","11":"purchasable","12":"product-type-simple"},"yoast_head":"<!-- This site is optimized with the Yoast SEO plugin v20.6 - https:\/\/yoast.com\/wordpress\/plugins\/seo\/ -->\n<title>Achards Citron - patjaune<\/title>\n<meta name=\"robots\" content=\"index, follow, max-snippet:-1, max-image-preview:large, max-video-preview:-1\" \/>\n<link rel=\"canonical\" href=\"https:\/\/patjaune.re\/index.php\/produit\/achards-citron\/\" \/>\n<meta property=\"og:locale\" content=\"fr_FR\" \/>\n<meta property=\"og:type\" content=\"article\" \/>\n<meta property=\"og:title\" content=\"Achards Citron - patjaune\" \/>\n<meta property=\"og:description\" content=\"Achards citron\" \/>\n<meta property=\"og:url\" content=\"https:\/\/patjaune.re\/index.php\/produit\/achards-citron\/\" \/>\n<meta property=\"og:site_name\" content=\"patjaune\" \/>\n<meta property=\"article:publisher\" content=\"https:\/\/www.facebook.com\/pat.jaune.reunion\/\" \/>\n<meta property=\"article:modified_time\" content=\"2023-05-05T13:49:33+00:00\" \/>\n<meta property=\"og:image\" content=\"https:\/\/patjaune.re\/wp-content\/uploads\/2023\/04\/achards-citron.png\" \/>\n\t<meta property=\"og:image:width\" content=\"1000\" \/>\n\t<meta property=\"og:image:height\" content=\"800\" \/>\n\t<meta property=\"og:image:type\" content=\"image\/png\" \/>\n<meta name=\"twitter:card\" content=\"summary_large_image\" \/>\n<meta name=\"twitter:label1\" content=\"Dur\u00e9e de lecture estim\u00e9e\" \/>\n\t<meta name=\"twitter:data1\" content=\"1 minute\" \/>\n<script type=\"application\/ld+json\" class=\"yoast-schema-graph\">{\"@context\":\"https:\/\/schema.org\",\"@graph\":[{\"@type\":\"WebPage\",\"@id\":\"https:\/\/patjaune.re\/index.php\/produit\/achards-citron\/\",\"url\":\"https:\/\/patjaune.re\/index.php\/produit\/achards-citron\/\",\"name\":\"Achards Citron - patjaune\",\"isPartOf\":{\"@id\":\"https:\/\/patjaune.re\/#website\"},\"datePublished\":\"2023-04-26T18:30:50+00:00\",\"dateModified\":\"2023-05-05T13:49:33+00:00\",\"breadcrumb\":{\"@id\":\"https:\/\/patjaune.re\/index.php\/produit\/achards-citron\/#breadcrumb\"},\"inLanguage\":\"fr-FR\",\"potentialAction\":[{\"@type\":\"ReadAction\",\"target\":[\"https:\/\/patjaune.re\/index.php\/produit\/achards-citron\/\"]}]},{\"@type\":\"BreadcrumbList\",\"@id\":\"https:\/\/patjaune.re\/index.php\/produit\/achards-citron\/#breadcrumb\",\"itemListElement\":[{\"@type\":\"ListItem\",\"position\":1,\"name\":\"Accueil\",\"item\":\"https:\/\/patjaune.re\/\"},{\"@type\":\"ListItem\",\"position\":2,\"name\":\"Boutique\",\"item\":\"https:\/\/patjaune.re\/index.php\/boutique\/\"},{\"@type\":\"ListItem\",\"position\":3,\"name\":\"Achards Citron\"}]},{\"@type\":\"WebSite\",\"@id\":\"https:\/\/patjaune.re\/#website\",\"url\":\"https:\/\/patjaune.re\/\",\"name\":\"patjaune patjaune.re \u00e9picerie fine \u00e0 l'\u00eele de la R\u00e9union 974\",\"description\":\"Patjaune \u00e9pices \u00e0 l&#039;\u00eele de la R\u00e9union\",\"publisher\":{\"@id\":\"https:\/\/patjaune.re\/#organization\"},\"potentialAction\":[{\"@type\":\"SearchAction\",\"target\":{\"@type\":\"EntryPoint\",\"urlTemplate\":\"https:\/\/patjaune.re\/?s={search_term_string}\"},\"query-input\":\"required name=search_term_string\"}],\"inLanguage\":\"fr-FR\"},{\"@type\":\"Organization\",\"@id\":\"https:\/\/patjaune.re\/#organization\",\"name\":\"patjaune patjaune.re \u00e9picerie fine \u00e0 l'\u00eele de la R\u00e9union 974\",\"url\":\"https:\/\/patjaune.re\/\",\"logo\":{\"@type\":\"ImageObject\",\"inLanguage\":\"fr-FR\",\"@id\":\"https:\/\/patjaune.re\/#\/schema\/logo\/image\/\",\"url\":\"https:\/\/patjaune.re\/wp-content\/uploads\/2023\/03\/logo-patjaune-long-ththym-e1683265045996.png\",\"contentUrl\":\"https:\/\/patjaune.re\/wp-content\/uploads\/2023\/03\/logo-patjaune-long-ththym-e1683265045996.png\",\"width\":623,\"height\":528,\"caption\":\"patjaune patjaune.re \u00e9picerie fine \u00e0 l'\u00eele de la R\u00e9union 974\"},\"image\":{\"@id\":\"https:\/\/patjaune.re\/#\/schema\/logo\/image\/\"},\"sameAs\":[\"https:\/\/www.facebook.com\/pat.jaune.reunion\/\"]}]}<\/script>\n<!-- \/ Yoast SEO plugin. -->","yoast_head_json":{"title":"Achards Citron - patjaune","robots":{"index":"index","follow":"follow","max-snippet":"max-snippet:-1","max-image-preview":"max-image-preview:large","max-video-preview":"max-video-preview:-1"},"canonical":"https:\/\/patjaune.re\/index.php\/produit\/achards-citron\/","og_locale":"fr_FR","og_type":"article","og_title":"Achards Citron - patjaune","og_description":"Achards citron","og_url":"https:\/\/patjaune.re\/index.php\/produit\/achards-citron\/","og_site_name":"patjaune","article_publisher":"https:\/\/www.facebook.com\/pat.jaune.reunion\/","article_modified_time":"2023-05-05T13:49:33+00:00","og_image":[{"width":1000,"height":800,"url":"https:\/\/patjaune.re\/wp-content\/uploads\/2023\/04\/achards-citron.png","type":"image\/png"}],"twitter_card":"summary_large_image","twitter_misc":{"Dur\u00e9e de lecture estim\u00e9e":"1 minute"},"schema":{"@context":"https:\/\/schema.org","@graph":[{"@type":"WebPage","@id":"https:\/\/patjaune.re\/index.php\/produit\/achards-citron\/","url":"https:\/\/patjaune.re\/index.php\/produit\/achards-citron\/","name":"Achards Citron - patjaune","isPartOf":{"@id":"https:\/\/patjaune.re\/#website"},"datePublished":"2023-04-26T18:30:50+00:00","dateModified":"2023-05-05T13:49:33+00:00","breadcrumb":{"@id":"https:\/\/patjaune.re\/index.php\/produit\/achards-citron\/#breadcrumb"},"inLanguage":"fr-FR","potentialAction":[{"@type":"ReadAction","target":["https:\/\/patjaune.re\/index.php\/produit\/achards-citron\/"]}]},{"@type":"BreadcrumbList","@id":"https:\/\/patjaune.re\/index.php\/produit\/achards-citron\/#breadcrumb","itemListElement":[{"@type":"ListItem","position":1,"name":"Accueil","item":"https:\/\/patjaune.re\/"},{"@type":"ListItem","position":2,"name":"Boutique","item":"https:\/\/patjaune.re\/index.php\/boutique\/"},{"@type":"ListItem","position":3,"name":"Achards Citron"}]},{"@type":"WebSite","@id":"https:\/\/patjaune.re\/#website","url":"https:\/\/patjaune.re\/","name":"patjaune patjaune.re \u00e9picerie fine \u00e0 l'\u00eele de la R\u00e9union 974","description":"Patjaune \u00e9pices \u00e0 l&#039;\u00eele de la R\u00e9union","publisher":{"@id":"https:\/\/patjaune.re\/#organization"},"potentialAction":[{"@type":"SearchAction","target":{"@type":"EntryPoint","urlTemplate":"https:\/\/patjaune.re\/?s={search_term_string}"},"query-input":"required name=search_term_string"}],"inLanguage":"fr-FR"},{"@type":"Organization","@id":"https:\/\/patjaune.re\/#organization","name":"patjaune patjaune.re \u00e9picerie fine \u00e0 l'\u00eele de la R\u00e9union 974","url":"https:\/\/patjaune.re\/","logo":{"@type":"ImageObject","inLanguage":"fr-FR","@id":"https:\/\/patjaune.re\/#\/schema\/logo\/image\/","url":"https:\/\/patjaune.re\/wp-content\/uploads\/2023\/03\/logo-patjaune-long-ththym-e1683265045996.png","contentUrl":"https:\/\/patjaune.re\/wp-content\/uploads\/2023\/03\/logo-patjaune-long-ththym-e1683265045996.png","width":623,"height":528,"caption":"patjaune patjaune.re \u00e9picerie fine \u00e0 l'\u00eele de la R\u00e9union 974"},"image":{"@id":"https:\/\/patjaune.re\/#\/schema\/logo\/image\/"},"sameAs":["https:\/\/www.facebook.com\/pat.jaune.reunion\/"]}]}},"_links":{"self":[{"href":"https:\/\/patjaune.re\/index.php\/wp-json\/wp\/v2\/product\/379","targetHints":{"allow":["GET"]}}],"collection":[{"href":"https:\/\/patjaune.re\/index.php\/wp-json\/wp\/v2\/product"}],"about":[{"href":"https:\/\/patjaune.re\/index.php\/wp-json\/wp\/v2\/types\/product"}],"wp:featuredmedia":[{"embeddable":true,"href":"https:\/\/patjaune.re\/index.php\/wp-json\/wp\/v2\/media\/380"}],"wp:attachment":[{"href":"https:\/\/patjaune.re\/index.php\/wp-json\/wp\/v2\/media?parent=379"}],"wp:term":[{"taxonomy":"product_brand","embeddable":true,"href":"https:\/\/patjaune.re\/index.php\/wp-json\/wp\/v2\/product_brand?post=379"},{"taxonomy":"product_cat","embeddable":true,"href":"https:\/\/patjaune.re\/index.php\/wp-json\/wp\/v2\/product_cat?post=379"},{"taxonomy":"product_tag","embeddable":true,"href":"https:\/\/patjaune.re\/index.php\/wp-json\/wp\/v2\/product_tag?post=379"}],"curies":[{"name":"wp","href":"https:\/\/api.w.org\/{rel}","templated":true}]}}