{"id":307,"date":"2023-03-27T18:04:28","date_gmt":"2023-03-27T16:04:28","guid":{"rendered":"https:\/\/patjaune.re\/?post_type=product&#038;p=307"},"modified":"2023-03-27T18:04:29","modified_gmt":"2023-03-27T16:04:29","slug":"sirop-de-curcuma-et-citron","status":"publish","type":"product","link":"https:\/\/patjaune.re\/index.php\/produit\/sirop-de-curcuma-et-citron\/","title":{"rendered":"Sirop de Curcuma et Citron"},"content":{"rendered":"<h4><strong>Sirop de Curcuma et Citron<\/strong><\/h4>\n<h6><strong>Ingr\u00e9dients:<\/strong><br \/>\n20% curcuma frais, 20% Citron frais, sucre de canne, eau<br \/>\nSans conservateur ni additif ou colorant 100% naturel<\/h6>\n<p><em>Valeur \u00e9nerg\u00e9tique<\/em><br \/>\nPour 100ml<br \/>\nProt\u00e9ines 1.786 g<br \/>\nLipides 2,036 g<br \/>\nGlucides 134.85 g<br \/>\nEnergie (kCal) 316.6 kCal<\/p>\n<p>Mettre au frais apr\u00e8s ouverture<\/p>\n<p>Consommer pur dans une grande cuill\u00e8res, dans une tisane ou dans 4\/5 \u00e8me d\u2019eau, ou bien pour vos g\u00e2teaux, cr\u00e8me. Il peux\u00a0 \u00eatre aussi utilis\u00e9 dans les rhums arrang\u00e9.<strong>(<em> L\u2019abus d\u2019alcool est dangereux pour la sant\u00e9, \u00e0 consommer avec mod\u00e9ration.)<\/em><\/strong><\/p>\n<p>en bouteille de 250ml<\/p>\n<p>Origine: France (R\u00e9union)<\/p>\n<p>Le sirop de curcuma et citron de la R\u00e9union est une boisson artisanale d\u00e9licieuse et pleine de bienfaits pour la sant\u00e9. Ce m\u00e9lange unique associe les propri\u00e9t\u00e9s anti-inflammatoires et antioxydantes du curcuma aux bienfaits stimulants et digestifs du citron.<\/p>\n<p>Le curcuma est une \u00e9pice indienne qui contient des compos\u00e9s anti-inflammatoires puissants appel\u00e9s curcumino\u00efdes. Ces compos\u00e9s ont \u00e9t\u00e9 associ\u00e9s \u00e0 une vari\u00e9t\u00e9 de bienfaits pour la sant\u00e9, notamment la r\u00e9duction de l&rsquo;inflammation et de la douleur, la protection contre les maladies cardiaques et le cancer, et l&rsquo;am\u00e9lioration de la fonction c\u00e9r\u00e9brale.<\/p>\n<p>Le citron est riche en vitamine C, un antioxydant important pour renforcer le syst\u00e8me immunitaire et prot\u00e9ger les cellules du corps contre les dommages. Le citron est \u00e9galement connu pour ses propri\u00e9t\u00e9s alcalinisantes, qui peuvent aider \u00e0 \u00e9quilibrer le pH de l&rsquo;organisme et \u00e0 favoriser une digestion saine.<\/p>\n<p>Le sirop de curcuma et citron de la R\u00e9union peut \u00eatre consomm\u00e9 de diff\u00e9rentes fa\u00e7ons. Vous pouvez l&rsquo;ajouter \u00e0 de l&rsquo;eau chaude ou froide pour une boisson rafra\u00eechissante et saine, ou l&rsquo;utiliser comme \u00e9dulcorant naturel pour le th\u00e9, le caf\u00e9 ou les smoothies. Le sirop peut \u00e9galement \u00eatre utilis\u00e9 pour donner une touche exotique \u00e0 vos plats pr\u00e9f\u00e9r\u00e9s.<\/p>\n<p><em><strong>Comme pour toute boisson ou compl\u00e9ment alimentaire, il est recommand\u00e9 de consulter un professionnel de la sant\u00e9 avant de commencer \u00e0 prendre type de sirop surtout, si vous vous avez des probl\u00e8mes de sant\u00e9 ou prenez m\u00e9dicaments.<\/strong><\/em><\/p>\n","protected":false},"excerpt":{"rendered":"<p>Sirop de Curcuma et citron<\/p>\n","protected":false},"featured_media":308,"template":"","meta":[],"product_brand":[],"product_cat":[32],"product_tag":[],"class_list":{"0":"post-307","1":"product","2":"type-product","3":"status-publish","4":"has-post-thumbnail","6":"product_cat-sirops","8":"first","9":"instock","10":"taxable","11":"shipping-taxable","12":"purchasable","13":"product-type-simple"},"yoast_head":"<!-- This site is optimized with the Yoast SEO plugin v20.6 - https:\/\/yoast.com\/wordpress\/plugins\/seo\/ -->\n<title>Sirop de Curcuma et Citron - patjaune<\/title>\n<meta name=\"robots\" content=\"index, follow, max-snippet:-1, max-image-preview:large, max-video-preview:-1\" \/>\n<link rel=\"canonical\" href=\"https:\/\/patjaune.re\/index.php\/produit\/sirop-de-curcuma-et-citron\/\" \/>\n<meta property=\"og:locale\" content=\"fr_FR\" \/>\n<meta property=\"og:type\" content=\"article\" \/>\n<meta property=\"og:title\" content=\"Sirop de Curcuma et Citron - patjaune\" \/>\n<meta property=\"og:description\" content=\"Sirop de Curcuma et citron\" \/>\n<meta property=\"og:url\" content=\"https:\/\/patjaune.re\/index.php\/produit\/sirop-de-curcuma-et-citron\/\" \/>\n<meta property=\"og:site_name\" content=\"patjaune\" \/>\n<meta property=\"article:publisher\" content=\"https:\/\/www.facebook.com\/pat.jaune.reunion\/\" \/>\n<meta property=\"article:modified_time\" content=\"2023-03-27T16:04:29+00:00\" \/>\n<meta property=\"og:image\" content=\"https:\/\/patjaune.re\/wp-content\/uploads\/2023\/03\/curcuma-citron.png\" \/>\n\t<meta property=\"og:image:width\" content=\"1500\" \/>\n\t<meta property=\"og:image:height\" content=\"1200\" \/>\n\t<meta property=\"og:image:type\" content=\"image\/png\" \/>\n<meta name=\"twitter:card\" content=\"summary_large_image\" \/>\n<meta name=\"twitter:label1\" content=\"Dur\u00e9e de lecture estim\u00e9e\" \/>\n\t<meta name=\"twitter:data1\" content=\"2 minutes\" \/>\n<script type=\"application\/ld+json\" class=\"yoast-schema-graph\">{\"@context\":\"https:\/\/schema.org\",\"@graph\":[{\"@type\":\"WebPage\",\"@id\":\"https:\/\/patjaune.re\/index.php\/produit\/sirop-de-curcuma-et-citron\/\",\"url\":\"https:\/\/patjaune.re\/index.php\/produit\/sirop-de-curcuma-et-citron\/\",\"name\":\"Sirop de Curcuma et Citron - patjaune\",\"isPartOf\":{\"@id\":\"https:\/\/patjaune.re\/#website\"},\"datePublished\":\"2023-03-27T16:04:28+00:00\",\"dateModified\":\"2023-03-27T16:04:29+00:00\",\"breadcrumb\":{\"@id\":\"https:\/\/patjaune.re\/index.php\/produit\/sirop-de-curcuma-et-citron\/#breadcrumb\"},\"inLanguage\":\"fr-FR\",\"potentialAction\":[{\"@type\":\"ReadAction\",\"target\":[\"https:\/\/patjaune.re\/index.php\/produit\/sirop-de-curcuma-et-citron\/\"]}]},{\"@type\":\"BreadcrumbList\",\"@id\":\"https:\/\/patjaune.re\/index.php\/produit\/sirop-de-curcuma-et-citron\/#breadcrumb\",\"itemListElement\":[{\"@type\":\"ListItem\",\"position\":1,\"name\":\"Accueil\",\"item\":\"https:\/\/patjaune.re\/\"},{\"@type\":\"ListItem\",\"position\":2,\"name\":\"Boutique\",\"item\":\"https:\/\/patjaune.re\/index.php\/boutique\/\"},{\"@type\":\"ListItem\",\"position\":3,\"name\":\"Sirop de Curcuma et Citron\"}]},{\"@type\":\"WebSite\",\"@id\":\"https:\/\/patjaune.re\/#website\",\"url\":\"https:\/\/patjaune.re\/\",\"name\":\"patjaune patjaune.re \u00e9picerie fine \u00e0 l'\u00eele de la R\u00e9union 974\",\"description\":\"Patjaune \u00e9pices \u00e0 l&#039;\u00eele de la R\u00e9union\",\"publisher\":{\"@id\":\"https:\/\/patjaune.re\/#organization\"},\"potentialAction\":[{\"@type\":\"SearchAction\",\"target\":{\"@type\":\"EntryPoint\",\"urlTemplate\":\"https:\/\/patjaune.re\/?s={search_term_string}\"},\"query-input\":\"required name=search_term_string\"}],\"inLanguage\":\"fr-FR\"},{\"@type\":\"Organization\",\"@id\":\"https:\/\/patjaune.re\/#organization\",\"name\":\"patjaune patjaune.re \u00e9picerie fine \u00e0 l'\u00eele de la R\u00e9union 974\",\"url\":\"https:\/\/patjaune.re\/\",\"logo\":{\"@type\":\"ImageObject\",\"inLanguage\":\"fr-FR\",\"@id\":\"https:\/\/patjaune.re\/#\/schema\/logo\/image\/\",\"url\":\"https:\/\/patjaune.re\/wp-content\/uploads\/2023\/03\/logo-patjaune-long-ththym-e1683265045996.png\",\"contentUrl\":\"https:\/\/patjaune.re\/wp-content\/uploads\/2023\/03\/logo-patjaune-long-ththym-e1683265045996.png\",\"width\":623,\"height\":528,\"caption\":\"patjaune patjaune.re \u00e9picerie fine \u00e0 l'\u00eele de la R\u00e9union 974\"},\"image\":{\"@id\":\"https:\/\/patjaune.re\/#\/schema\/logo\/image\/\"},\"sameAs\":[\"https:\/\/www.facebook.com\/pat.jaune.reunion\/\"]}]}<\/script>\n<!-- \/ Yoast SEO plugin. -->","yoast_head_json":{"title":"Sirop de Curcuma et Citron - patjaune","robots":{"index":"index","follow":"follow","max-snippet":"max-snippet:-1","max-image-preview":"max-image-preview:large","max-video-preview":"max-video-preview:-1"},"canonical":"https:\/\/patjaune.re\/index.php\/produit\/sirop-de-curcuma-et-citron\/","og_locale":"fr_FR","og_type":"article","og_title":"Sirop de Curcuma et Citron - patjaune","og_description":"Sirop de Curcuma et citron","og_url":"https:\/\/patjaune.re\/index.php\/produit\/sirop-de-curcuma-et-citron\/","og_site_name":"patjaune","article_publisher":"https:\/\/www.facebook.com\/pat.jaune.reunion\/","article_modified_time":"2023-03-27T16:04:29+00:00","og_image":[{"width":1500,"height":1200,"url":"https:\/\/patjaune.re\/wp-content\/uploads\/2023\/03\/curcuma-citron.png","type":"image\/png"}],"twitter_card":"summary_large_image","twitter_misc":{"Dur\u00e9e de lecture estim\u00e9e":"2 minutes"},"schema":{"@context":"https:\/\/schema.org","@graph":[{"@type":"WebPage","@id":"https:\/\/patjaune.re\/index.php\/produit\/sirop-de-curcuma-et-citron\/","url":"https:\/\/patjaune.re\/index.php\/produit\/sirop-de-curcuma-et-citron\/","name":"Sirop de Curcuma et Citron - patjaune","isPartOf":{"@id":"https:\/\/patjaune.re\/#website"},"datePublished":"2023-03-27T16:04:28+00:00","dateModified":"2023-03-27T16:04:29+00:00","breadcrumb":{"@id":"https:\/\/patjaune.re\/index.php\/produit\/sirop-de-curcuma-et-citron\/#breadcrumb"},"inLanguage":"fr-FR","potentialAction":[{"@type":"ReadAction","target":["https:\/\/patjaune.re\/index.php\/produit\/sirop-de-curcuma-et-citron\/"]}]},{"@type":"BreadcrumbList","@id":"https:\/\/patjaune.re\/index.php\/produit\/sirop-de-curcuma-et-citron\/#breadcrumb","itemListElement":[{"@type":"ListItem","position":1,"name":"Accueil","item":"https:\/\/patjaune.re\/"},{"@type":"ListItem","position":2,"name":"Boutique","item":"https:\/\/patjaune.re\/index.php\/boutique\/"},{"@type":"ListItem","position":3,"name":"Sirop de Curcuma et Citron"}]},{"@type":"WebSite","@id":"https:\/\/patjaune.re\/#website","url":"https:\/\/patjaune.re\/","name":"patjaune patjaune.re \u00e9picerie fine \u00e0 l'\u00eele de la R\u00e9union 974","description":"Patjaune \u00e9pices \u00e0 l&#039;\u00eele de la R\u00e9union","publisher":{"@id":"https:\/\/patjaune.re\/#organization"},"potentialAction":[{"@type":"SearchAction","target":{"@type":"EntryPoint","urlTemplate":"https:\/\/patjaune.re\/?s={search_term_string}"},"query-input":"required name=search_term_string"}],"inLanguage":"fr-FR"},{"@type":"Organization","@id":"https:\/\/patjaune.re\/#organization","name":"patjaune patjaune.re \u00e9picerie fine \u00e0 l'\u00eele de la R\u00e9union 974","url":"https:\/\/patjaune.re\/","logo":{"@type":"ImageObject","inLanguage":"fr-FR","@id":"https:\/\/patjaune.re\/#\/schema\/logo\/image\/","url":"https:\/\/patjaune.re\/wp-content\/uploads\/2023\/03\/logo-patjaune-long-ththym-e1683265045996.png","contentUrl":"https:\/\/patjaune.re\/wp-content\/uploads\/2023\/03\/logo-patjaune-long-ththym-e1683265045996.png","width":623,"height":528,"caption":"patjaune patjaune.re \u00e9picerie fine \u00e0 l'\u00eele de la R\u00e9union 974"},"image":{"@id":"https:\/\/patjaune.re\/#\/schema\/logo\/image\/"},"sameAs":["https:\/\/www.facebook.com\/pat.jaune.reunion\/"]}]}},"_links":{"self":[{"href":"https:\/\/patjaune.re\/index.php\/wp-json\/wp\/v2\/product\/307","targetHints":{"allow":["GET"]}}],"collection":[{"href":"https:\/\/patjaune.re\/index.php\/wp-json\/wp\/v2\/product"}],"about":[{"href":"https:\/\/patjaune.re\/index.php\/wp-json\/wp\/v2\/types\/product"}],"wp:featuredmedia":[{"embeddable":true,"href":"https:\/\/patjaune.re\/index.php\/wp-json\/wp\/v2\/media\/308"}],"wp:attachment":[{"href":"https:\/\/patjaune.re\/index.php\/wp-json\/wp\/v2\/media?parent=307"}],"wp:term":[{"taxonomy":"product_brand","embeddable":true,"href":"https:\/\/patjaune.re\/index.php\/wp-json\/wp\/v2\/product_brand?post=307"},{"taxonomy":"product_cat","embeddable":true,"href":"https:\/\/patjaune.re\/index.php\/wp-json\/wp\/v2\/product_cat?post=307"},{"taxonomy":"product_tag","embeddable":true,"href":"https:\/\/patjaune.re\/index.php\/wp-json\/wp\/v2\/product_tag?post=307"}],"curies":[{"name":"wp","href":"https:\/\/api.w.org\/{rel}","templated":true}]}}