{"id":227,"date":"2023-03-22T23:10:42","date_gmt":"2023-03-22T22:10:42","guid":{"rendered":"https:\/\/patjaune.re\/?post_type=product&#038;p=227"},"modified":"2023-03-22T23:37:42","modified_gmt":"2023-03-22T22:37:42","slug":"moringa-mourongue","status":"publish","type":"product","link":"https:\/\/patjaune.re\/index.php\/produit\/moringa-mourongue\/","title":{"rendered":"Moringa (Mourongue)"},"content":{"rendered":"<p><a href=\"https:\/\/www.doctissimo.fr\/nutrition\/sante-dans-l-assiette\/secrets-des-aliments-sante\/bienfaits-moringa\" target=\"_blank\" rel=\"noopener\">Moringa<\/a> en poudre\u00a0 de Madagascar<\/p>\n<p>conditionnement minimum 100gr<\/p>\n<p>100% naturel<\/p>\n<p>3 \u00e0 5gr par jours dans un smoushi ou un yaourt, dans une\u00a0 salade, une viande en sauce ou un verre d&rsquo;eau ti\u00e8de etc&#8230;<\/p>\n<p>sans additif, colorant et conservateur<\/p>\n<header class=\"entry-header\">\n<h1 class=\"entry-title\">Le <a href=\"https:\/\/www.doctissimo.fr\/nutrition\/sante-dans-l-assiette\/secrets-des-aliments-sante\/bienfaits-moringa\" target=\"_blank\" rel=\"noopener\">moringa oleifera<\/a>, la plante aux 300 bienfaits<\/h1>\n<\/header>\n<div class=\"entry-content\">\n<figure id=\"attachment_563\" class=\"wp-caption alignleft\" aria-describedby=\"caption-attachment-563\"><img loading=\"lazy\" decoding=\"async\" class=\"toto img-responsive lazy loaded\" src=\"https:\/\/i0.wp.com\/www.the-passion.fr\/blog\/wp-content\/uploads\/2017\/07\/Moringa-oleifera-640x445-300x209.jpg?resize=300%2C209&#038;ssl=1\" alt=\"Le moringa oleifera, l'arbre aux 300 bienfaits\" width=\"300\" height=\"209\" data-src=\"https:\/\/i0.wp.com\/www.the-passion.fr\/blog\/wp-content\/uploads\/2017\/07\/Moringa-oleifera-640x445-300x209.jpg?resize=300%2C209&#038;ssl=1\" data-was-processed=\"true\" data-recalc-dims=\"1\" \/><figcaption id=\"caption-attachment-563\" class=\"wp-caption-text\">Le <a href=\"https:\/\/www.doctissimo.fr\/nutrition\/sante-dans-l-assiette\/secrets-des-aliments-sante\/bienfaits-moringa\" target=\"_blank\" rel=\"noopener\">moringa oleifera<\/a>, l\u2019arbre aux 300 bienfaits<\/figcaption><\/figure>\n<p>Le <a href=\"https:\/\/www.doctissimo.fr\/nutrition\/sante-dans-l-assiette\/secrets-des-aliments-sante\/bienfaits-moringa\" target=\"_blank\" rel=\"noopener\">moringa oleifera<\/a> est <a href=\"https:\/\/fr.wikipedia.org\/wiki\/Moringa_oleifera\" target=\"_blank\" rel=\"noopener noreferrer\">un arbre \u00ab miracle \u00bb, un \u00ab arbre de vie \u00bb<\/a> capable d\u2019apporter des effets b\u00e9n\u00e9fiques sur 300 maladies. Les diff\u00e9rentes parties de cet arbre, feuilles, poudre de feuilles, graines, gousses de graines sont grandement utilis\u00e9es dans la m\u00e9decine ayurv\u00e9dique indienne naturelle depuis des centaines d\u2019ann\u00e9es. Ses bienfaits sont patents dans les domaines de la nutrition, du diab\u00e8te, de la glyc\u00e9mie, de l\u2019ob\u00e9sit\u00e9, du cholest\u00e9rol, de l\u2019hypertension art\u00e9rielle. Il a des effets antioxydants et anti-inflammatoires, des applications dans le domaine des cosm\u00e9tiques et des soins de peaux, pour pallier \u00e0 la malnutrition des pays en d\u00e9veloppement. Les tourteaux de graines apr\u00e8s extraction des huiles servent \u00e0 filtrer et \u00e9purer l\u2019eau \u00e0 moindre co\u00fbt. Que de vertus pour un seul arbre!<\/p>\n<\/div>\n<h4 id=\"composition-et-bienfaits-nutritionnels-du-moringa\"><strong>Composition et bienfaits nutritionnels du <a href=\"https:\/\/www.doctissimo.fr\/nutrition\/sante-dans-l-assiette\/secrets-des-aliments-sante\/bienfaits-moringa\" target=\"_blank\" rel=\"noopener\">moringa<\/a><\/strong><\/h4>\n<p>En m\u00e9decine ayurv\u00e9dique qui utilise le moringa depuis des si\u00e8cles, l\u2019enti\u00e8ret\u00e9 de l\u2019arbre est utilis\u00e9e\u00a0: racines, \u00e9corce, fruits et feuilles. En nutrition, ce sont ces deux derni\u00e8res parties qui sont consomm\u00e9es avec un avantage pour les feuilles, \u00ab\u00a0<em>bien plus int\u00e9ressantes d\u2019un point de vue nutritionnel\u00a0\u00bb<\/em>, assure la sp\u00e9cialiste. Ce tr\u00e9sor nutritionnel n\u2019a pas \u00e9chapp\u00e9 aux ONG qui luttent contre la malnutrition, \u00ab\u00a0<em>Action Contre la Faim, la Croix Rouge, l\u2019UNICEF, toutes connaissent et ont int\u00e9gr\u00e9 le moringa \u00e0 leurs programmes<\/em>\u00ab\u00a0, pr\u00e9cise Armelle de Saint Sauveur.<\/p>\n<p>Pour cause, il est extr\u00eamement riche en min\u00e9raux\u00a0(<a href=\"https:\/\/www.doctissimo.fr\/html\/nutrition\/vitamines_mineraux\/calcium.htm\" target=\"\" rel=\"noopener\">calcium<\/a>, <a href=\"https:\/\/www.doctissimo.fr\/nutrition\/mineraux\/potassium\" target=\"\" rel=\"noopener\">potassium<\/a>, <a href=\"https:\/\/www.doctissimo.fr\/html\/nutrition\/vitamines_mineraux\/fer.htm\" target=\"\" rel=\"noopener\">fer<\/a>, <a href=\"https:\/\/www.doctissimo.fr\/html\/nutrition\/vitamines_mineraux\/magnesium.htm\" target=\"\" rel=\"noopener\">magn\u00e9sium<\/a>), en vitamines <a href=\"https:\/\/www.doctissimo.fr\/html\/nutrition\/vitamines_mineraux\/vitamine_a.htm\" target=\"\" rel=\"noopener\">A<\/a>, <a href=\"https:\/\/www.doctissimo.fr\/html\/nutrition\/vitamines_mineraux\/vitamine_c.htm\" target=\"\" rel=\"noopener\">C<\/a>, <a href=\"https:\/\/www.doctissimo.fr\/html\/nutrition\/vitamines_mineraux\/vitamine_e.htm\" target=\"\" rel=\"noopener\">E<\/a>, en <a href=\"https:\/\/www.doctissimo.fr\/nutrition\/diaporamas\/les-aliments-riches-en-proteines\" target=\"\" rel=\"noopener\">prot\u00e9ines<\/a> de tr\u00e8s bonne qualit\u00e9 (contenant les 9 acides amin\u00e9s essentiels), <a href=\"https:\/\/www.doctissimo.fr\/nutrition\/diaporamas\/aliment-antioxydant\" target=\"\" rel=\"noopener\">antioxydants<\/a>. \u00ab\u00a0<em>Son atout principal est son spectre nutritionnel tr\u00e8s large et bien \u00e9quilibr\u00e9, \u00e9claire Armelle de Saint Sauveur. Le moringa contient tout ce dont on a besoin ce qui est assez rare pour une plante, \u00e0 part de la vitamine\u00a0B12.<\/em>\u00a0\u00bb A poids \u00e9gal, les feuilles fra\u00eeches de moringa contiennent :<\/p>\n<ul>\n<li>2 fois plus de prot\u00e9ines que les yaourts ;<\/li>\n<li>4\u00a0fois plus de vitamine\u00a0A que les carottes ;<\/li>\n<li>3\u00a0fois plus de potassium que les bananes ;<\/li>\n<li>7 fois plus de vitamine\u00a0C que les oranges ;<\/li>\n<li>4 fois plus de calcium que le lait.<\/li>\n<li>Quoi d\u2019autre ? Autant de magn\u00e9sium que le chocolat noir<\/li>\n<\/ul>\n<div class=\"YTtZaf\">\n<div role=\"heading\">\n<div class=\"ZjzLYc\"><\/div>\n<\/div>\n<\/div>\n<div>\n<div class=\"yp1CPe wDYxhc NFQFxe viOShc LKPcQc\" lang=\"fr-FR\" data-md=\"471\">\n<div class=\"V3FYCf\">\n<div class=\"wDYxhc\" lang=\"fr-FR\" data-md=\"61\">\n<div class=\"LGOjhe\" role=\"heading\" data-attrid=\"wa:\/description\" data-hveid=\"CBEQAQ\"><span class=\"ILfuVd\" lang=\"fr\"><span class=\"hgKElc\"><a href=\"https:\/\/www.doctissimo.fr\/nutrition\/sante-dans-l-assiette\/secrets-des-aliments-sante\/bienfaits-moringa\">Moringa<\/a> oleifera\u00a0 d&rsquo;introduction ancienne \u00e0 la R\u00e9union, <b>est encore fr\u00e9quemment cultiv\u00e9 dans les jardins cr\u00e9oles, notamment des r\u00e9gions basses de l&rsquo;\u00eele<\/b>. Moringa oleifera\u00a0 porte de nombreux noms vernaculaires \u00e0 La R\u00e9union : Mourongue, Mourougue, Morongue, Br\u00e8de fin de mois, Br\u00e8de m\u00e9daille, Br\u00e8de morongue.<\/span><\/span><\/div>\n<div role=\"heading\" data-attrid=\"wa:\/description\" data-hveid=\"CBEQAQ\"><\/div>\n<div role=\"heading\" data-attrid=\"wa:\/description\" data-hveid=\"CBEQAQ\">Ce n&rsquo;est pas un m\u00e9dicament.Ne peux remplacer une alimentation vari\u00e9e.<br \/>\nNe pas d\u00e9passer la dose indiqu\u00e9e. Conserver \u00e0 l&rsquo;abri de la lumi\u00e8re, de la chaleur et de l&rsquo;humidit\u00e9.<br \/>\nne pas mettre \u00e0 la port\u00e9e des enfants<br \/>\n<em><strong>\u00a0On d\u00e9conseille la consommation de moringa chez la femme enceinte et allaitante.<\/strong><\/em><\/div>\n<div role=\"heading\" data-attrid=\"wa:\/description\" data-hveid=\"CBEQAQ\">Demander conseil \u00e0 un m\u00e9decin<\/div>\n<\/div>\n<\/div>\n<\/div>\n<\/div>\n","protected":false},"excerpt":{"rendered":"<p>Poudre de <a href=\"https:\/\/www.doctissimo.fr\/nutrition\/sante-dans-l-assiette\/secrets-des-aliments-sante\/bienfaits-moringa\" target=\"_blank\" rel=\"noopener\">moringa<\/a><\/p>\n","protected":false},"featured_media":228,"template":"","meta":[],"product_brand":[],"product_cat":[27,37],"product_tag":[],"class_list":{"0":"post-227","1":"product","2":"type-product","3":"status-publish","4":"has-post-thumbnail","6":"product_cat-epicesoi","7":"product_cat-tisbiene","9":"first","10":"instock","11":"taxable","12":"shipping-taxable","13":"purchasable","14":"product-type-simple"},"yoast_head":"<!-- This site is optimized with the Yoast SEO plugin v20.6 - https:\/\/yoast.com\/wordpress\/plugins\/seo\/ -->\n<title>Moringa (Mourongue) - patjaune<\/title>\n<meta name=\"robots\" content=\"index, follow, max-snippet:-1, max-image-preview:large, max-video-preview:-1\" \/>\n<link rel=\"canonical\" href=\"https:\/\/patjaune.re\/index.php\/produit\/moringa-mourongue\/\" \/>\n<meta property=\"og:locale\" content=\"fr_FR\" \/>\n<meta property=\"og:type\" content=\"article\" \/>\n<meta property=\"og:title\" content=\"Moringa (Mourongue) - patjaune\" \/>\n<meta property=\"og:description\" content=\"Poudre de moringa\" \/>\n<meta property=\"og:url\" content=\"https:\/\/patjaune.re\/index.php\/produit\/moringa-mourongue\/\" \/>\n<meta property=\"og:site_name\" content=\"patjaune\" \/>\n<meta property=\"article:publisher\" content=\"https:\/\/www.facebook.com\/pat.jaune.reunion\/\" \/>\n<meta property=\"article:modified_time\" content=\"2023-03-22T22:37:42+00:00\" \/>\n<meta property=\"og:image\" content=\"https:\/\/patjaune.re\/wp-content\/uploads\/2023\/03\/moringa-1024x819.png\" \/>\n\t<meta property=\"og:image:width\" content=\"1024\" \/>\n\t<meta property=\"og:image:height\" content=\"819\" \/>\n\t<meta property=\"og:image:type\" content=\"image\/png\" \/>\n<meta name=\"twitter:card\" content=\"summary_large_image\" \/>\n<meta name=\"twitter:label1\" content=\"Dur\u00e9e de lecture estim\u00e9e\" \/>\n\t<meta name=\"twitter:data1\" content=\"3 minutes\" \/>\n<script type=\"application\/ld+json\" class=\"yoast-schema-graph\">{\"@context\":\"https:\/\/schema.org\",\"@graph\":[{\"@type\":\"WebPage\",\"@id\":\"https:\/\/patjaune.re\/index.php\/produit\/moringa-mourongue\/\",\"url\":\"https:\/\/patjaune.re\/index.php\/produit\/moringa-mourongue\/\",\"name\":\"Moringa (Mourongue) - patjaune\",\"isPartOf\":{\"@id\":\"https:\/\/patjaune.re\/#website\"},\"datePublished\":\"2023-03-22T22:10:42+00:00\",\"dateModified\":\"2023-03-22T22:37:42+00:00\",\"breadcrumb\":{\"@id\":\"https:\/\/patjaune.re\/index.php\/produit\/moringa-mourongue\/#breadcrumb\"},\"inLanguage\":\"fr-FR\",\"potentialAction\":[{\"@type\":\"ReadAction\",\"target\":[\"https:\/\/patjaune.re\/index.php\/produit\/moringa-mourongue\/\"]}]},{\"@type\":\"BreadcrumbList\",\"@id\":\"https:\/\/patjaune.re\/index.php\/produit\/moringa-mourongue\/#breadcrumb\",\"itemListElement\":[{\"@type\":\"ListItem\",\"position\":1,\"name\":\"Accueil\",\"item\":\"https:\/\/patjaune.re\/\"},{\"@type\":\"ListItem\",\"position\":2,\"name\":\"Boutique\",\"item\":\"https:\/\/patjaune.re\/index.php\/boutique\/\"},{\"@type\":\"ListItem\",\"position\":3,\"name\":\"Moringa (Mourongue)\"}]},{\"@type\":\"WebSite\",\"@id\":\"https:\/\/patjaune.re\/#website\",\"url\":\"https:\/\/patjaune.re\/\",\"name\":\"patjaune patjaune.re \u00e9picerie fine \u00e0 l'\u00eele de la R\u00e9union 974\",\"description\":\"Patjaune \u00e9pices \u00e0 l&#039;\u00eele de la R\u00e9union\",\"publisher\":{\"@id\":\"https:\/\/patjaune.re\/#organization\"},\"potentialAction\":[{\"@type\":\"SearchAction\",\"target\":{\"@type\":\"EntryPoint\",\"urlTemplate\":\"https:\/\/patjaune.re\/?s={search_term_string}\"},\"query-input\":\"required name=search_term_string\"}],\"inLanguage\":\"fr-FR\"},{\"@type\":\"Organization\",\"@id\":\"https:\/\/patjaune.re\/#organization\",\"name\":\"patjaune patjaune.re \u00e9picerie fine \u00e0 l'\u00eele de la R\u00e9union 974\",\"url\":\"https:\/\/patjaune.re\/\",\"logo\":{\"@type\":\"ImageObject\",\"inLanguage\":\"fr-FR\",\"@id\":\"https:\/\/patjaune.re\/#\/schema\/logo\/image\/\",\"url\":\"https:\/\/patjaune.re\/wp-content\/uploads\/2023\/03\/logo-patjaune-long-ththym-e1683265045996.png\",\"contentUrl\":\"https:\/\/patjaune.re\/wp-content\/uploads\/2023\/03\/logo-patjaune-long-ththym-e1683265045996.png\",\"width\":623,\"height\":528,\"caption\":\"patjaune patjaune.re \u00e9picerie fine \u00e0 l'\u00eele de la R\u00e9union 974\"},\"image\":{\"@id\":\"https:\/\/patjaune.re\/#\/schema\/logo\/image\/\"},\"sameAs\":[\"https:\/\/www.facebook.com\/pat.jaune.reunion\/\"]}]}<\/script>\n<!-- \/ Yoast SEO plugin. -->","yoast_head_json":{"title":"Moringa (Mourongue) - patjaune","robots":{"index":"index","follow":"follow","max-snippet":"max-snippet:-1","max-image-preview":"max-image-preview:large","max-video-preview":"max-video-preview:-1"},"canonical":"https:\/\/patjaune.re\/index.php\/produit\/moringa-mourongue\/","og_locale":"fr_FR","og_type":"article","og_title":"Moringa (Mourongue) - patjaune","og_description":"Poudre de moringa","og_url":"https:\/\/patjaune.re\/index.php\/produit\/moringa-mourongue\/","og_site_name":"patjaune","article_publisher":"https:\/\/www.facebook.com\/pat.jaune.reunion\/","article_modified_time":"2023-03-22T22:37:42+00:00","og_image":[{"width":1024,"height":819,"url":"https:\/\/patjaune.re\/wp-content\/uploads\/2023\/03\/moringa-1024x819.png","type":"image\/png"}],"twitter_card":"summary_large_image","twitter_misc":{"Dur\u00e9e de lecture estim\u00e9e":"3 minutes"},"schema":{"@context":"https:\/\/schema.org","@graph":[{"@type":"WebPage","@id":"https:\/\/patjaune.re\/index.php\/produit\/moringa-mourongue\/","url":"https:\/\/patjaune.re\/index.php\/produit\/moringa-mourongue\/","name":"Moringa (Mourongue) - patjaune","isPartOf":{"@id":"https:\/\/patjaune.re\/#website"},"datePublished":"2023-03-22T22:10:42+00:00","dateModified":"2023-03-22T22:37:42+00:00","breadcrumb":{"@id":"https:\/\/patjaune.re\/index.php\/produit\/moringa-mourongue\/#breadcrumb"},"inLanguage":"fr-FR","potentialAction":[{"@type":"ReadAction","target":["https:\/\/patjaune.re\/index.php\/produit\/moringa-mourongue\/"]}]},{"@type":"BreadcrumbList","@id":"https:\/\/patjaune.re\/index.php\/produit\/moringa-mourongue\/#breadcrumb","itemListElement":[{"@type":"ListItem","position":1,"name":"Accueil","item":"https:\/\/patjaune.re\/"},{"@type":"ListItem","position":2,"name":"Boutique","item":"https:\/\/patjaune.re\/index.php\/boutique\/"},{"@type":"ListItem","position":3,"name":"Moringa (Mourongue)"}]},{"@type":"WebSite","@id":"https:\/\/patjaune.re\/#website","url":"https:\/\/patjaune.re\/","name":"patjaune patjaune.re \u00e9picerie fine \u00e0 l'\u00eele de la R\u00e9union 974","description":"Patjaune \u00e9pices \u00e0 l&#039;\u00eele de la R\u00e9union","publisher":{"@id":"https:\/\/patjaune.re\/#organization"},"potentialAction":[{"@type":"SearchAction","target":{"@type":"EntryPoint","urlTemplate":"https:\/\/patjaune.re\/?s={search_term_string}"},"query-input":"required name=search_term_string"}],"inLanguage":"fr-FR"},{"@type":"Organization","@id":"https:\/\/patjaune.re\/#organization","name":"patjaune patjaune.re \u00e9picerie fine \u00e0 l'\u00eele de la R\u00e9union 974","url":"https:\/\/patjaune.re\/","logo":{"@type":"ImageObject","inLanguage":"fr-FR","@id":"https:\/\/patjaune.re\/#\/schema\/logo\/image\/","url":"https:\/\/patjaune.re\/wp-content\/uploads\/2023\/03\/logo-patjaune-long-ththym-e1683265045996.png","contentUrl":"https:\/\/patjaune.re\/wp-content\/uploads\/2023\/03\/logo-patjaune-long-ththym-e1683265045996.png","width":623,"height":528,"caption":"patjaune patjaune.re \u00e9picerie fine \u00e0 l'\u00eele de la R\u00e9union 974"},"image":{"@id":"https:\/\/patjaune.re\/#\/schema\/logo\/image\/"},"sameAs":["https:\/\/www.facebook.com\/pat.jaune.reunion\/"]}]}},"_links":{"self":[{"href":"https:\/\/patjaune.re\/index.php\/wp-json\/wp\/v2\/product\/227","targetHints":{"allow":["GET"]}}],"collection":[{"href":"https:\/\/patjaune.re\/index.php\/wp-json\/wp\/v2\/product"}],"about":[{"href":"https:\/\/patjaune.re\/index.php\/wp-json\/wp\/v2\/types\/product"}],"wp:featuredmedia":[{"embeddable":true,"href":"https:\/\/patjaune.re\/index.php\/wp-json\/wp\/v2\/media\/228"}],"wp:attachment":[{"href":"https:\/\/patjaune.re\/index.php\/wp-json\/wp\/v2\/media?parent=227"}],"wp:term":[{"taxonomy":"product_brand","embeddable":true,"href":"https:\/\/patjaune.re\/index.php\/wp-json\/wp\/v2\/product_brand?post=227"},{"taxonomy":"product_cat","embeddable":true,"href":"https:\/\/patjaune.re\/index.php\/wp-json\/wp\/v2\/product_cat?post=227"},{"taxonomy":"product_tag","embeddable":true,"href":"https:\/\/patjaune.re\/index.php\/wp-json\/wp\/v2\/product_tag?post=227"}],"curies":[{"name":"wp","href":"https:\/\/api.w.org\/{rel}","templated":true}]}}