{"id":213,"date":"2023-03-22T19:04:50","date_gmt":"2023-03-22T18:04:50","guid":{"rendered":"https:\/\/patjaune.re\/?post_type=product&#038;p=213"},"modified":"2023-03-22T20:24:45","modified_gmt":"2023-03-22T19:24:45","slug":"coco-ananas","status":"publish","type":"product","link":"https:\/\/patjaune.re\/index.php\/produit\/coco-ananas\/","title":{"rendered":"Coco ananas"},"content":{"rendered":"<p>Pr\u00e9paration pour rhum arrang\u00e9 contenant , Ananas Victoria , Coco r\u00e2p\u00e9, Cannelle en feuille<\/p>\n<p>Sachet de 30gr mini<\/p>\n<p><span style=\"color: #000000;--darkreader-inline-color: #e8e6e3\" data-darkreader-inline-color=\"\">Laisser mac\u00e9rer la pr\u00e9paration de 1 \u00e0 3 mois dans bocal d&rsquo;un litre de Rhum blanc a 40\u00b0, 45\u00b0 ou 49\u00b0 pour les plus t\u00e9m\u00e9raires\u00a0<\/span><\/p>\n<p><span style=\"color: #000000;--darkreader-inline-color: #e8e6e3\" data-darkreader-inline-color=\"\"> Ajouter 100gr de sucre de canne brun<br \/>\n<\/span><\/p>\n<p><span style=\"color: #000000;--darkreader-inline-color: #e8e6e3\" data-darkreader-inline-color=\"\"><b>Boire avec mod\u00e9ration, l&rsquo; Alcool est dangereux pour la sant\u00e9<\/b><\/span><\/p>\n<p>Nos fruits et plantes sont de la R\u00e9union s\u00e9ch\u00e9s ou d\u00e9shydrat\u00e9s.<\/p>\n","protected":false},"excerpt":{"rendered":"<p>Rhum arrang\u00e9 Ananas, coco, Cannelle<\/p>\n","protected":false},"featured_media":221,"template":"","meta":[],"product_brand":[],"product_cat":[36],"product_tag":[],"class_list":{"0":"post-213","1":"product","2":"type-product","3":"status-publish","4":"has-post-thumbnail","6":"product_cat-rarrang","8":"first","9":"instock","10":"taxable","11":"shipping-taxable","12":"purchasable","13":"product-type-simple"},"yoast_head":"<!-- This site is optimized with the Yoast SEO plugin v20.6 - https:\/\/yoast.com\/wordpress\/plugins\/seo\/ -->\n<title>Coco ananas - patjaune<\/title>\n<meta name=\"robots\" content=\"index, follow, max-snippet:-1, max-image-preview:large, max-video-preview:-1\" \/>\n<link rel=\"canonical\" href=\"https:\/\/patjaune.re\/index.php\/produit\/coco-ananas\/\" \/>\n<meta property=\"og:locale\" content=\"fr_FR\" \/>\n<meta property=\"og:type\" content=\"article\" \/>\n<meta property=\"og:title\" content=\"Coco ananas - patjaune\" \/>\n<meta property=\"og:description\" content=\"Rhum arrang\u00e9 Ananas, coco, Cannelle\" \/>\n<meta property=\"og:url\" content=\"https:\/\/patjaune.re\/index.php\/produit\/coco-ananas\/\" \/>\n<meta property=\"og:site_name\" content=\"patjaune\" \/>\n<meta property=\"article:publisher\" content=\"https:\/\/www.facebook.com\/pat.jaune.reunion\/\" \/>\n<meta property=\"article:modified_time\" content=\"2023-03-22T19:24:45+00:00\" \/>\n<meta property=\"og:image\" content=\"https:\/\/patjaune.re\/wp-content\/uploads\/2023\/03\/coco4-1024x819.png\" \/>\n\t<meta property=\"og:image:width\" content=\"1024\" \/>\n\t<meta property=\"og:image:height\" content=\"819\" \/>\n\t<meta property=\"og:image:type\" content=\"image\/png\" \/>\n<meta name=\"twitter:card\" content=\"summary_large_image\" \/>\n<script type=\"application\/ld+json\" class=\"yoast-schema-graph\">{\"@context\":\"https:\/\/schema.org\",\"@graph\":[{\"@type\":\"WebPage\",\"@id\":\"https:\/\/patjaune.re\/index.php\/produit\/coco-ananas\/\",\"url\":\"https:\/\/patjaune.re\/index.php\/produit\/coco-ananas\/\",\"name\":\"Coco ananas - patjaune\",\"isPartOf\":{\"@id\":\"https:\/\/patjaune.re\/#website\"},\"datePublished\":\"2023-03-22T18:04:50+00:00\",\"dateModified\":\"2023-03-22T19:24:45+00:00\",\"breadcrumb\":{\"@id\":\"https:\/\/patjaune.re\/index.php\/produit\/coco-ananas\/#breadcrumb\"},\"inLanguage\":\"fr-FR\",\"potentialAction\":[{\"@type\":\"ReadAction\",\"target\":[\"https:\/\/patjaune.re\/index.php\/produit\/coco-ananas\/\"]}]},{\"@type\":\"BreadcrumbList\",\"@id\":\"https:\/\/patjaune.re\/index.php\/produit\/coco-ananas\/#breadcrumb\",\"itemListElement\":[{\"@type\":\"ListItem\",\"position\":1,\"name\":\"Accueil\",\"item\":\"https:\/\/patjaune.re\/\"},{\"@type\":\"ListItem\",\"position\":2,\"name\":\"Boutique\",\"item\":\"https:\/\/patjaune.re\/index.php\/boutique\/\"},{\"@type\":\"ListItem\",\"position\":3,\"name\":\"Coco ananas\"}]},{\"@type\":\"WebSite\",\"@id\":\"https:\/\/patjaune.re\/#website\",\"url\":\"https:\/\/patjaune.re\/\",\"name\":\"patjaune patjaune.re \u00e9picerie fine \u00e0 l'\u00eele de la R\u00e9union 974\",\"description\":\"Patjaune \u00e9pices \u00e0 l&#039;\u00eele de la R\u00e9union\",\"publisher\":{\"@id\":\"https:\/\/patjaune.re\/#organization\"},\"potentialAction\":[{\"@type\":\"SearchAction\",\"target\":{\"@type\":\"EntryPoint\",\"urlTemplate\":\"https:\/\/patjaune.re\/?s={search_term_string}\"},\"query-input\":\"required name=search_term_string\"}],\"inLanguage\":\"fr-FR\"},{\"@type\":\"Organization\",\"@id\":\"https:\/\/patjaune.re\/#organization\",\"name\":\"patjaune patjaune.re \u00e9picerie fine \u00e0 l'\u00eele de la R\u00e9union 974\",\"url\":\"https:\/\/patjaune.re\/\",\"logo\":{\"@type\":\"ImageObject\",\"inLanguage\":\"fr-FR\",\"@id\":\"https:\/\/patjaune.re\/#\/schema\/logo\/image\/\",\"url\":\"https:\/\/patjaune.re\/wp-content\/uploads\/2023\/03\/logo-patjaune-long-ththym-e1683265045996.png\",\"contentUrl\":\"https:\/\/patjaune.re\/wp-content\/uploads\/2023\/03\/logo-patjaune-long-ththym-e1683265045996.png\",\"width\":623,\"height\":528,\"caption\":\"patjaune patjaune.re \u00e9picerie fine \u00e0 l'\u00eele de la R\u00e9union 974\"},\"image\":{\"@id\":\"https:\/\/patjaune.re\/#\/schema\/logo\/image\/\"},\"sameAs\":[\"https:\/\/www.facebook.com\/pat.jaune.reunion\/\"]}]}<\/script>\n<!-- \/ Yoast SEO plugin. -->","yoast_head_json":{"title":"Coco ananas - patjaune","robots":{"index":"index","follow":"follow","max-snippet":"max-snippet:-1","max-image-preview":"max-image-preview:large","max-video-preview":"max-video-preview:-1"},"canonical":"https:\/\/patjaune.re\/index.php\/produit\/coco-ananas\/","og_locale":"fr_FR","og_type":"article","og_title":"Coco ananas - patjaune","og_description":"Rhum arrang\u00e9 Ananas, coco, Cannelle","og_url":"https:\/\/patjaune.re\/index.php\/produit\/coco-ananas\/","og_site_name":"patjaune","article_publisher":"https:\/\/www.facebook.com\/pat.jaune.reunion\/","article_modified_time":"2023-03-22T19:24:45+00:00","og_image":[{"width":1024,"height":819,"url":"https:\/\/patjaune.re\/wp-content\/uploads\/2023\/03\/coco4-1024x819.png","type":"image\/png"}],"twitter_card":"summary_large_image","schema":{"@context":"https:\/\/schema.org","@graph":[{"@type":"WebPage","@id":"https:\/\/patjaune.re\/index.php\/produit\/coco-ananas\/","url":"https:\/\/patjaune.re\/index.php\/produit\/coco-ananas\/","name":"Coco ananas - patjaune","isPartOf":{"@id":"https:\/\/patjaune.re\/#website"},"datePublished":"2023-03-22T18:04:50+00:00","dateModified":"2023-03-22T19:24:45+00:00","breadcrumb":{"@id":"https:\/\/patjaune.re\/index.php\/produit\/coco-ananas\/#breadcrumb"},"inLanguage":"fr-FR","potentialAction":[{"@type":"ReadAction","target":["https:\/\/patjaune.re\/index.php\/produit\/coco-ananas\/"]}]},{"@type":"BreadcrumbList","@id":"https:\/\/patjaune.re\/index.php\/produit\/coco-ananas\/#breadcrumb","itemListElement":[{"@type":"ListItem","position":1,"name":"Accueil","item":"https:\/\/patjaune.re\/"},{"@type":"ListItem","position":2,"name":"Boutique","item":"https:\/\/patjaune.re\/index.php\/boutique\/"},{"@type":"ListItem","position":3,"name":"Coco ananas"}]},{"@type":"WebSite","@id":"https:\/\/patjaune.re\/#website","url":"https:\/\/patjaune.re\/","name":"patjaune patjaune.re \u00e9picerie fine \u00e0 l'\u00eele de la R\u00e9union 974","description":"Patjaune \u00e9pices \u00e0 l&#039;\u00eele de la R\u00e9union","publisher":{"@id":"https:\/\/patjaune.re\/#organization"},"potentialAction":[{"@type":"SearchAction","target":{"@type":"EntryPoint","urlTemplate":"https:\/\/patjaune.re\/?s={search_term_string}"},"query-input":"required name=search_term_string"}],"inLanguage":"fr-FR"},{"@type":"Organization","@id":"https:\/\/patjaune.re\/#organization","name":"patjaune patjaune.re \u00e9picerie fine \u00e0 l'\u00eele de la R\u00e9union 974","url":"https:\/\/patjaune.re\/","logo":{"@type":"ImageObject","inLanguage":"fr-FR","@id":"https:\/\/patjaune.re\/#\/schema\/logo\/image\/","url":"https:\/\/patjaune.re\/wp-content\/uploads\/2023\/03\/logo-patjaune-long-ththym-e1683265045996.png","contentUrl":"https:\/\/patjaune.re\/wp-content\/uploads\/2023\/03\/logo-patjaune-long-ththym-e1683265045996.png","width":623,"height":528,"caption":"patjaune patjaune.re \u00e9picerie fine \u00e0 l'\u00eele de la R\u00e9union 974"},"image":{"@id":"https:\/\/patjaune.re\/#\/schema\/logo\/image\/"},"sameAs":["https:\/\/www.facebook.com\/pat.jaune.reunion\/"]}]}},"_links":{"self":[{"href":"https:\/\/patjaune.re\/index.php\/wp-json\/wp\/v2\/product\/213","targetHints":{"allow":["GET"]}}],"collection":[{"href":"https:\/\/patjaune.re\/index.php\/wp-json\/wp\/v2\/product"}],"about":[{"href":"https:\/\/patjaune.re\/index.php\/wp-json\/wp\/v2\/types\/product"}],"wp:featuredmedia":[{"embeddable":true,"href":"https:\/\/patjaune.re\/index.php\/wp-json\/wp\/v2\/media\/221"}],"wp:attachment":[{"href":"https:\/\/patjaune.re\/index.php\/wp-json\/wp\/v2\/media?parent=213"}],"wp:term":[{"taxonomy":"product_brand","embeddable":true,"href":"https:\/\/patjaune.re\/index.php\/wp-json\/wp\/v2\/product_brand?post=213"},{"taxonomy":"product_cat","embeddable":true,"href":"https:\/\/patjaune.re\/index.php\/wp-json\/wp\/v2\/product_cat?post=213"},{"taxonomy":"product_tag","embeddable":true,"href":"https:\/\/patjaune.re\/index.php\/wp-json\/wp\/v2\/product_tag?post=213"}],"curies":[{"name":"wp","href":"https:\/\/api.w.org\/{rel}","templated":true}]}}