{"id":160,"date":"2023-03-20T20:22:27","date_gmt":"2023-03-20T19:22:27","guid":{"rendered":"https:\/\/patjaune.re\/?post_type=product&#038;p=160"},"modified":"2023-03-26T20:21:40","modified_gmt":"2023-03-26T18:21:40","slug":"curcuma-safran-pei","status":"publish","type":"product","link":"https:\/\/patjaune.re\/index.php\/produit\/curcuma-safran-pei\/","title":{"rendered":"Curcuma (safran p\u00ebi)"},"content":{"rendered":"<p>Rhizome de curcuma longa dit safran p\u00ebi \u00e0 la R\u00e9union 100% naturel<\/p>\n<p>en poudre ou en cossette par 100g<\/p>\n<div class=\"flex flex-grow flex-col gap-3\">\n<div class=\"min-h-[20px] flex flex-col items-start gap-4 whitespace-pre-wrap\">\n<div class=\"markdown prose w-full break-words dark:prose-invert dark\">\n<p>Le curcuma de la Plaine des Gr\u00e8gues est un produit embl\u00e9matique de l&rsquo;\u00eele de La R\u00e9union, situ\u00e9e dans l&rsquo;oc\u00e9an Indien. Cette \u00e9pice, \u00e9galement appel\u00e9e safran p\u00e9i, est r\u00e9put\u00e9e pour son go\u00fbt unique et ses propri\u00e9t\u00e9s m\u00e9dicinales.<\/p>\n<p>Le curcuma est une plante de la famille du gingembre, qui pousse dans les sols riches en humus et en min\u00e9raux de la Plaine des Gr\u00e8gues. Cette r\u00e9gion montagneuse est situ\u00e9e sur le versant sud-est de l&rsquo;\u00eele, \u00e0 une altitude comprise entre 500 et 1000 m\u00e8tres.<\/p>\n<p>La culture du curcuma dans la Plaine des Gr\u00e8gues remonte \u00e0 plusieurs si\u00e8cles, et les m\u00e9thodes de production ont \u00e9t\u00e9 transmises de g\u00e9n\u00e9ration en g\u00e9n\u00e9ration. Les producteurs locaux utilisent des techniques traditionnelles pour cultiver et r\u00e9colter le curcuma, qui est ensuite s\u00e9ch\u00e9 et moulu pour obtenir la poudre jaune caract\u00e9ristique.<\/p>\n<p>Le curcuma de la Plaine des Gr\u00e8gues est reconnu pour sa qualit\u00e9 exceptionnelle et son go\u00fbt unique. Il est utilis\u00e9 dans de nombreuses recettes de la cuisine r\u00e9unionnaise, comme le fameux cari poulet, ainsi que dans la m\u00e9decine traditionnelle pour ses propri\u00e9t\u00e9s anti-inflammatoires et antioxydantes.<\/p>\n<p>Le curcuma de la Plaine des Gr\u00e8gues est \u00e9galement une fiert\u00e9 pour les habitants de l&rsquo;\u00eele, qui ont obtenu une AOC (Appellation d&rsquo;Origine Contr\u00f4l\u00e9e) en 2014 pour prot\u00e9ger leur produit des imitations et des contrefa\u00e7ons.<\/p>\n<p>En somme, le curcuma de la Plaine des Gr\u00e8gues est un produit phare de La R\u00e9union, qui allie tradition, qualit\u00e9 et saveur unique. Si vous avez l&rsquo;occasion de le go\u00fbter, n&rsquo;h\u00e9sitez pas \u00e0 le faire !<\/p>\n<\/div>\n<\/div>\n<\/div>\n<p>&nbsp;<\/p>\n","protected":false},"excerpt":{"rendered":"<p>Curcuma Traditionnel<\/p>\n","protected":false},"featured_media":161,"template":"","meta":[],"product_brand":[],"product_cat":[26],"product_tag":[],"class_list":{"0":"post-160","1":"product","2":"type-product","3":"status-publish","4":"has-post-thumbnail","6":"product_cat-epicesreunion","8":"first","9":"instock","10":"taxable","11":"shipping-taxable","12":"purchasable","13":"product-type-simple"},"yoast_head":"<!-- This site is optimized with the Yoast SEO plugin v20.6 - https:\/\/yoast.com\/wordpress\/plugins\/seo\/ -->\n<title>Curcuma (safran p\u00ebi) - patjaune<\/title>\n<meta name=\"robots\" content=\"index, follow, max-snippet:-1, max-image-preview:large, max-video-preview:-1\" \/>\n<link rel=\"canonical\" href=\"https:\/\/patjaune.re\/index.php\/produit\/curcuma-safran-pei\/\" \/>\n<meta property=\"og:locale\" content=\"fr_FR\" \/>\n<meta property=\"og:type\" content=\"article\" \/>\n<meta property=\"og:title\" content=\"Curcuma (safran p\u00ebi) - patjaune\" \/>\n<meta property=\"og:description\" content=\"Curcuma Traditionnel\" \/>\n<meta property=\"og:url\" content=\"https:\/\/patjaune.re\/index.php\/produit\/curcuma-safran-pei\/\" \/>\n<meta property=\"og:site_name\" content=\"patjaune\" \/>\n<meta property=\"article:publisher\" content=\"https:\/\/www.facebook.com\/pat.jaune.reunion\/\" \/>\n<meta property=\"article:modified_time\" content=\"2023-03-26T18:21:40+00:00\" \/>\n<meta property=\"og:image\" content=\"https:\/\/patjaune.re\/wp-content\/uploads\/2023\/03\/curcuma-e1569847460117.jpg\" \/>\n\t<meta property=\"og:image:width\" content=\"700\" \/>\n\t<meta property=\"og:image:height\" content=\"445\" \/>\n\t<meta property=\"og:image:type\" content=\"image\/jpeg\" \/>\n<meta name=\"twitter:card\" content=\"summary_large_image\" \/>\n<meta name=\"twitter:label1\" content=\"Dur\u00e9e de lecture estim\u00e9e\" \/>\n\t<meta name=\"twitter:data1\" content=\"2 minutes\" \/>\n<script type=\"application\/ld+json\" class=\"yoast-schema-graph\">{\"@context\":\"https:\/\/schema.org\",\"@graph\":[{\"@type\":\"WebPage\",\"@id\":\"https:\/\/patjaune.re\/index.php\/produit\/curcuma-safran-pei\/\",\"url\":\"https:\/\/patjaune.re\/index.php\/produit\/curcuma-safran-pei\/\",\"name\":\"Curcuma (safran p\u00ebi) - patjaune\",\"isPartOf\":{\"@id\":\"https:\/\/patjaune.re\/#website\"},\"datePublished\":\"2023-03-20T19:22:27+00:00\",\"dateModified\":\"2023-03-26T18:21:40+00:00\",\"breadcrumb\":{\"@id\":\"https:\/\/patjaune.re\/index.php\/produit\/curcuma-safran-pei\/#breadcrumb\"},\"inLanguage\":\"fr-FR\",\"potentialAction\":[{\"@type\":\"ReadAction\",\"target\":[\"https:\/\/patjaune.re\/index.php\/produit\/curcuma-safran-pei\/\"]}]},{\"@type\":\"BreadcrumbList\",\"@id\":\"https:\/\/patjaune.re\/index.php\/produit\/curcuma-safran-pei\/#breadcrumb\",\"itemListElement\":[{\"@type\":\"ListItem\",\"position\":1,\"name\":\"Accueil\",\"item\":\"https:\/\/patjaune.re\/\"},{\"@type\":\"ListItem\",\"position\":2,\"name\":\"Boutique\",\"item\":\"https:\/\/patjaune.re\/index.php\/boutique\/\"},{\"@type\":\"ListItem\",\"position\":3,\"name\":\"Curcuma (safran p\u00ebi)\"}]},{\"@type\":\"WebSite\",\"@id\":\"https:\/\/patjaune.re\/#website\",\"url\":\"https:\/\/patjaune.re\/\",\"name\":\"patjaune patjaune.re \u00e9picerie fine \u00e0 l'\u00eele de la R\u00e9union 974\",\"description\":\"Patjaune \u00e9pices \u00e0 l&#039;\u00eele de la R\u00e9union\",\"publisher\":{\"@id\":\"https:\/\/patjaune.re\/#organization\"},\"potentialAction\":[{\"@type\":\"SearchAction\",\"target\":{\"@type\":\"EntryPoint\",\"urlTemplate\":\"https:\/\/patjaune.re\/?s={search_term_string}\"},\"query-input\":\"required name=search_term_string\"}],\"inLanguage\":\"fr-FR\"},{\"@type\":\"Organization\",\"@id\":\"https:\/\/patjaune.re\/#organization\",\"name\":\"patjaune patjaune.re \u00e9picerie fine \u00e0 l'\u00eele de la R\u00e9union 974\",\"url\":\"https:\/\/patjaune.re\/\",\"logo\":{\"@type\":\"ImageObject\",\"inLanguage\":\"fr-FR\",\"@id\":\"https:\/\/patjaune.re\/#\/schema\/logo\/image\/\",\"url\":\"https:\/\/patjaune.re\/wp-content\/uploads\/2023\/03\/logo-patjaune-long-ththym-e1683265045996.png\",\"contentUrl\":\"https:\/\/patjaune.re\/wp-content\/uploads\/2023\/03\/logo-patjaune-long-ththym-e1683265045996.png\",\"width\":623,\"height\":528,\"caption\":\"patjaune patjaune.re \u00e9picerie fine \u00e0 l'\u00eele de la R\u00e9union 974\"},\"image\":{\"@id\":\"https:\/\/patjaune.re\/#\/schema\/logo\/image\/\"},\"sameAs\":[\"https:\/\/www.facebook.com\/pat.jaune.reunion\/\"]}]}<\/script>\n<!-- \/ Yoast SEO plugin. -->","yoast_head_json":{"title":"Curcuma (safran p\u00ebi) - patjaune","robots":{"index":"index","follow":"follow","max-snippet":"max-snippet:-1","max-image-preview":"max-image-preview:large","max-video-preview":"max-video-preview:-1"},"canonical":"https:\/\/patjaune.re\/index.php\/produit\/curcuma-safran-pei\/","og_locale":"fr_FR","og_type":"article","og_title":"Curcuma (safran p\u00ebi) - patjaune","og_description":"Curcuma Traditionnel","og_url":"https:\/\/patjaune.re\/index.php\/produit\/curcuma-safran-pei\/","og_site_name":"patjaune","article_publisher":"https:\/\/www.facebook.com\/pat.jaune.reunion\/","article_modified_time":"2023-03-26T18:21:40+00:00","og_image":[{"width":700,"height":445,"url":"https:\/\/patjaune.re\/wp-content\/uploads\/2023\/03\/curcuma-e1569847460117.jpg","type":"image\/jpeg"}],"twitter_card":"summary_large_image","twitter_misc":{"Dur\u00e9e de lecture estim\u00e9e":"2 minutes"},"schema":{"@context":"https:\/\/schema.org","@graph":[{"@type":"WebPage","@id":"https:\/\/patjaune.re\/index.php\/produit\/curcuma-safran-pei\/","url":"https:\/\/patjaune.re\/index.php\/produit\/curcuma-safran-pei\/","name":"Curcuma (safran p\u00ebi) - patjaune","isPartOf":{"@id":"https:\/\/patjaune.re\/#website"},"datePublished":"2023-03-20T19:22:27+00:00","dateModified":"2023-03-26T18:21:40+00:00","breadcrumb":{"@id":"https:\/\/patjaune.re\/index.php\/produit\/curcuma-safran-pei\/#breadcrumb"},"inLanguage":"fr-FR","potentialAction":[{"@type":"ReadAction","target":["https:\/\/patjaune.re\/index.php\/produit\/curcuma-safran-pei\/"]}]},{"@type":"BreadcrumbList","@id":"https:\/\/patjaune.re\/index.php\/produit\/curcuma-safran-pei\/#breadcrumb","itemListElement":[{"@type":"ListItem","position":1,"name":"Accueil","item":"https:\/\/patjaune.re\/"},{"@type":"ListItem","position":2,"name":"Boutique","item":"https:\/\/patjaune.re\/index.php\/boutique\/"},{"@type":"ListItem","position":3,"name":"Curcuma (safran p\u00ebi)"}]},{"@type":"WebSite","@id":"https:\/\/patjaune.re\/#website","url":"https:\/\/patjaune.re\/","name":"patjaune patjaune.re \u00e9picerie fine \u00e0 l'\u00eele de la R\u00e9union 974","description":"Patjaune \u00e9pices \u00e0 l&#039;\u00eele de la R\u00e9union","publisher":{"@id":"https:\/\/patjaune.re\/#organization"},"potentialAction":[{"@type":"SearchAction","target":{"@type":"EntryPoint","urlTemplate":"https:\/\/patjaune.re\/?s={search_term_string}"},"query-input":"required name=search_term_string"}],"inLanguage":"fr-FR"},{"@type":"Organization","@id":"https:\/\/patjaune.re\/#organization","name":"patjaune patjaune.re \u00e9picerie fine \u00e0 l'\u00eele de la R\u00e9union 974","url":"https:\/\/patjaune.re\/","logo":{"@type":"ImageObject","inLanguage":"fr-FR","@id":"https:\/\/patjaune.re\/#\/schema\/logo\/image\/","url":"https:\/\/patjaune.re\/wp-content\/uploads\/2023\/03\/logo-patjaune-long-ththym-e1683265045996.png","contentUrl":"https:\/\/patjaune.re\/wp-content\/uploads\/2023\/03\/logo-patjaune-long-ththym-e1683265045996.png","width":623,"height":528,"caption":"patjaune patjaune.re \u00e9picerie fine \u00e0 l'\u00eele de la R\u00e9union 974"},"image":{"@id":"https:\/\/patjaune.re\/#\/schema\/logo\/image\/"},"sameAs":["https:\/\/www.facebook.com\/pat.jaune.reunion\/"]}]}},"_links":{"self":[{"href":"https:\/\/patjaune.re\/index.php\/wp-json\/wp\/v2\/product\/160","targetHints":{"allow":["GET"]}}],"collection":[{"href":"https:\/\/patjaune.re\/index.php\/wp-json\/wp\/v2\/product"}],"about":[{"href":"https:\/\/patjaune.re\/index.php\/wp-json\/wp\/v2\/types\/product"}],"wp:featuredmedia":[{"embeddable":true,"href":"https:\/\/patjaune.re\/index.php\/wp-json\/wp\/v2\/media\/161"}],"wp:attachment":[{"href":"https:\/\/patjaune.re\/index.php\/wp-json\/wp\/v2\/media?parent=160"}],"wp:term":[{"taxonomy":"product_brand","embeddable":true,"href":"https:\/\/patjaune.re\/index.php\/wp-json\/wp\/v2\/product_brand?post=160"},{"taxonomy":"product_cat","embeddable":true,"href":"https:\/\/patjaune.re\/index.php\/wp-json\/wp\/v2\/product_cat?post=160"},{"taxonomy":"product_tag","embeddable":true,"href":"https:\/\/patjaune.re\/index.php\/wp-json\/wp\/v2\/product_tag?post=160"}],"curies":[{"name":"wp","href":"https:\/\/api.w.org\/{rel}","templated":true}]}}